{"id":7600,"date":"2023-03-17T19:18:03","date_gmt":"2023-03-17T17:18:03","guid":{"rendered":"https:\/\/valikaimlad.ee\/?post_type=product&#038;p=7600"},"modified":"2025-02-21T14:32:35","modified_gmt":"2025-02-21T12:32:35","slug":"saun-hannes","status":"publish","type":"product","link":"https:\/\/valikaimlad.ee\/lv\/products\/sauna-hannes\/","title":{"rendered":"Pirts Hannes"},"content":{"rendered":"<div data-elementor-type=\"product-post\" data-elementor-id=\"7600\" class=\"elementor elementor-7600\" data-elementor-post-type=\"product\">\n\t\t\t\t\t\t<section class=\"elementor-section elementor-top-section elementor-element elementor-element-3ecbf94 elementor-section-full_width elementor-section-height-default elementor-section-height-default\" data-id=\"3ecbf94\" data-element_type=\"section\">\n\t\t\t\t\t\t<div class=\"elementor-container elementor-column-gap-default\">\n\t\t\t\t\t<div class=\"elementor-column elementor-col-100 elementor-top-column elementor-element elementor-element-4ec80a25\" data-id=\"4ec80a25\" data-element_type=\"column\">\n\t\t\t<div class=\"elementor-widget-wrap\">\n\t\t\t\t\t\t\t<\/div>\n\t\t<\/div>\n\t\t\t\t\t<\/div>\n\t\t<\/section>\n\t\t\t\t<section class=\"elementor-section elementor-top-section elementor-element elementor-element-9ca2ff9 elementor-section-full_width elementor-section-height-default elementor-section-height-default\" data-id=\"9ca2ff9\" data-element_type=\"section\">\n\t\t\t\t\t\t<div class=\"elementor-container elementor-column-gap-default\">\n\t\t\t\t\t<div class=\"elementor-column elementor-col-100 elementor-top-column elementor-element elementor-element-5ef3d92\" data-id=\"5ef3d92\" data-element_type=\"column\">\n\t\t\t<div class=\"elementor-widget-wrap elementor-element-populated\">\n\t\t\t\t\t\t<div class=\"elementor-element elementor-element-f7ec825 elementor-widget elementor-widget-heading\" data-id=\"f7ec825\" data-element_type=\"widget\" data-widget_type=\"heading.default\">\n\t\t\t\t<div class=\"elementor-widget-container\">\n\t\t\t<style>\/*! elementor - v3.23.0 - 05-08-2024 *\/\n.elementor-heading-title{padding:0;margin:0;line-height:1}.elementor-widget-heading .elementor-heading-title[class*=elementor-size-]>a{color:inherit;font-size:inherit;line-height:inherit}.elementor-widget-heading .elementor-heading-title.elementor-size-small{font-size:15px}.elementor-widget-heading .elementor-heading-title.elementor-size-medium{font-size:19px}.elementor-widget-heading .elementor-heading-title.elementor-size-large{font-size:29px}.elementor-widget-heading .elementor-heading-title.elementor-size-xl{font-size:39px}.elementor-widget-heading .elementor-heading-title.elementor-size-xxl{font-size:59px}<\/style><h2 class=\"elementor-heading-title elementor-size-default\">Pirts Hannes<\/h2>\t\t<\/div>\n\t\t\t\t<\/div>\n\t\t\t\t<section class=\"elementor-section elementor-inner-section elementor-element elementor-element-013e48d elementor-section-full_width elementor-section-content-middle elementor-section-height-default elementor-section-height-default\" data-id=\"013e48d\" data-element_type=\"section\">\n\t\t\t\t\t\t<div class=\"elementor-container elementor-column-gap-default\">\n\t\t\t\t\t<div class=\"elementor-column elementor-col-50 elementor-inner-column elementor-element elementor-element-b88eb50\" data-id=\"b88eb50\" data-element_type=\"column\">\n\t\t\t<div class=\"elementor-widget-wrap elementor-element-populated\">\n\t\t\t\t\t\t<div class=\"elementor-element elementor-element-3ec4debf elementor-widget elementor-widget-text-editor\" data-id=\"3ec4debf\" data-element_type=\"widget\" data-widget_type=\"text-editor.default\">\n\t\t\t\t<div class=\"elementor-widget-container\">\n\t\t\t<style>\/*! elementor - v3.23.0 - 05-08-2024 *\/\n.elementor-widget-text-editor.elementor-drop-cap-view-stacked .elementor-drop-cap{background-color:#69727d;color:#fff}.elementor-widget-text-editor.elementor-drop-cap-view-framed .elementor-drop-cap{color:#69727d;border:3px solid;background-color:transparent}.elementor-widget-text-editor:not(.elementor-drop-cap-view-default) .elementor-drop-cap{margin-top:8px}.elementor-widget-text-editor:not(.elementor-drop-cap-view-default) .elementor-drop-cap-letter{width:1em;height:1em}.elementor-widget-text-editor .elementor-drop-cap{float:left;text-align:center;line-height:1;font-size:50px}.elementor-widget-text-editor .elementor-drop-cap-letter{display:inline-block}<\/style>\t\t\t\t<p>Saun Hannes ir 43 mm lieti\u0161\u0137i veidota saunas m\u0101ja ar div\u0101m telp\u0101m.<\/p><p><strong>Materi\u0101lu un m\u0113be\u013cu specifik\u0101cija:<\/strong><\/p><ul><li>Sienas materi\u0101ls: br\u012bvi st\u0101vo\u0161s kokmateri\u0101ls 43 mm<\/li><li>Pies\u016bcin\u0101ts gr\u012bdas r\u0101mis<\/li><li>Gr\u012bdas d\u0113\u013cu mas\u012bvs: 28 mm<\/li><li>Jumta d\u0113lis: 25 mm<\/li><li>Jumta segums: Icopal velm\u0113ts bitumens<\/li><li>Ventil\u0101cijas atveres<\/li><li>Harvia M3 malkas sild\u012bt\u0101js ar stikla durv\u012bm<\/li><li>Harvia ner\u016bs\u0113jo\u0161\u0101 met\u0101la modul\u0101rais skurstenis<\/li><li>Ner\u016bs\u0113jo\u0161\u0101 t\u0113rauda 40 l karst\u0101 \u016bdens tvertne + kr\u0101ns (j\u0101uzst\u0101da starp d\u016bmvadiem).<\/li><li>Cembrit siltumizol\u0101cijas pl\u0101ksnes starp sild\u012bt\u0101ju un koka sienu<\/li><li>R\u0113ta\/kartona pirts tualetes komplekts<\/li><li>Durvis ar iepako\u0161anas stiklu un bl\u012bv\u0113m<\/li><li>Atv\u0113r\u0161anas un pagrie\u0161anas logs ar stiklojumu un bl\u012bv\u0113m<\/li><li>Pirts m\u0101jas svars: 1170 kg<\/li><\/ul><p>- Pirts tiek pieg\u0101d\u0101ta jau samont\u0113ta. Uzst\u0101d\u012b\u0161anai ir nepiecie\u0161ama piek\u013cuve ar iekr\u0101v\u0113ju.<span style=\"font-style: inherit; font-weight: inherit;\">\u00a0<br \/><\/span><span style=\"font-style: inherit; font-weight: inherit;\">- Pirts pamatam m\u0113s izmantojam \u012bpa\u0161as iezem\u0113tas skr\u016bves (6 gab.).\u00a0\u00a0<br \/><br \/><\/span><span style=\"font-weight: bold;\">\u0100R\u0112J\u0100S APDARES CENU SARAKSTS:<\/span><br \/>* Br\u016bn\u0101 koka e\u013c\u013ca: 250 \u20ac<br \/>* Br\u016bns ar koka e\u013c\u013cu + tum\u0161i br\u016bna apdare: 350 \u20ac.<br \/>* L\u012bdz div\u0101m da\u017e\u0101d\u0101m kr\u0101s\u0101m: 450 \u20ac<br \/>* Vis\u0101s \u0101r\u0113j\u0101s apdares cen\u0101s ir iek\u013cauta gr\u012bdas apdare ar terases e\u013c\u013cu.\u00a0<br \/><em>M\u0113s varam veikt apdari ar\u012b atbilsto\u0161i klienta nor\u0101d\u012btajam kr\u0101su kodam - l\u016bdzu, sazinieties ar m\u016bsu klientu apkalpo\u0161anas dienestu: info@valikaimlad.ee.<\/em><span style=\"font-style: inherit; font-weight: inherit;\"><br \/><\/span><\/p>\t\t\t\t\t\t<\/div>\n\t\t\t\t<\/div>\n\t\t\t\t\t<\/div>\n\t\t<\/div>\n\t\t\t\t<div class=\"elementor-column elementor-col-50 elementor-inner-column elementor-element elementor-element-ec15928\" data-id=\"ec15928\" data-element_type=\"column\">\n\t\t\t<div class=\"elementor-widget-wrap elementor-element-populated\">\n\t\t\t\t\t\t<div class=\"elementor-element elementor-element-afcd5ff elementor-widget elementor-widget-image\" data-id=\"afcd5ff\" data-element_type=\"widget\" data-widget_type=\"image.default\">\n\t\t\t\t<div class=\"elementor-widget-container\">\n\t\t\t<style>\/*! elementor - v3.23.0 - 05-08-2024 *\/\n.elementor-widget-image{text-align:center}.elementor-widget-image a{display:inline-block}.elementor-widget-image a img[src$=\".svg\"]{width:48px}.elementor-widget-image img{vertical-align:middle;display:inline-block}<\/style>\t\t\t\t\t\t\t\t\t\t<img decoding=\"async\" src=\"https:\/\/valikaimlad.ee\/wp-content\/uploads\/2023\/03\/Hannes_1.jpg\" title=\"Hannes_1\" alt=\"Pirts Hannes - uzst\u0101d\u012b\u0161ana\" loading=\"lazy\" \/>\t\t\t\t\t\t\t\t\t\t\t\t\t<\/div>\n\t\t\t\t<\/div>\n\t\t\t\t\t<\/div>\n\t\t<\/div>\n\t\t\t\t\t<\/div>\n\t\t<\/section>\n\t\t\t\t\t<\/div>\n\t\t<\/div>\n\t\t\t\t\t<\/div>\n\t\t<\/section>\n\t\t\t\t<section class=\"elementor-section elementor-top-section elementor-element elementor-element-477918f elementor-section-boxed elementor-section-height-default elementor-section-height-default\" data-id=\"477918f\" data-element_type=\"section\">\n\t\t\t\t\t\t<div class=\"elementor-container elementor-column-gap-default\">\n\t\t\t\t\t<div class=\"elementor-column elementor-col-100 elementor-top-column elementor-element elementor-element-b11c6eb\" data-id=\"b11c6eb\" data-element_type=\"column\">\n\t\t\t<div class=\"elementor-widget-wrap elementor-element-populated\">\n\t\t\t\t\t\t<div class=\"elementor-element elementor-element-1445a52 elementor-widget elementor-widget-text-editor\" data-id=\"1445a52\" data-element_type=\"widget\" data-widget_type=\"text-editor.default\">\n\t\t\t\t<div class=\"elementor-widget-container\">\n\t\t\t\t\t\t\t<p><strong><span style=\"vertical-align: inherit;\"><span style=\"vertical-align: inherit;\"><span style=\"vertical-align: inherit;\"><span style=\"vertical-align: inherit;\">\u0160ODIEN&nbsp;<br><\/span><\/span><\/span><\/span><\/strong><span style=\"vertical-align: inherit;\"><span style=\"vertical-align: inherit;\"><span style=\"vertical-align: inherit;\"><span style=\"vertical-align: inherit;\">Pieg\u0101des laiks ir atkar\u012bgs no t\u0101, vai izstr\u0101d\u0101jums pa\u0161laik ir noliktav\u0101 un vai izstr\u0101d\u0101jums tiek pas\u016bt\u012bts ar vai bez apdares.<\/span><\/span><\/span><\/span><\/p>\n<ul>\n<li><span style=\"font-style: inherit; font-weight: inherit;\">Noliktav\u0101 (nepabeigta pirts): 3-5 darba dienas&nbsp;<\/span><\/li>\n<li>Noliktav\u0101 (\u0101ra pirts): l\u012bdz 2 ned\u0113\u013c\u0101m<\/li>\n<li>P\u0113c pas\u016bt\u012bjuma (produkti, kas pa\u0161laik nav noliktav\u0101): 6-7 ned\u0113\u013cas<\/li>\n<\/ul>\n<p>P\u0113c iepriek\u0161\u0113jas vieno\u0161an\u0101s ir iesp\u0113jams ar\u012b \u012bs\u0101ks vai gar\u0101ks pieg\u0101des laiks.<\/p>\t\t\t\t\t\t<\/div>\n\t\t\t\t<\/div>\n\t\t\t\t\t<\/div>\n\t\t<\/div>\n\t\t\t\t\t<\/div>\n\t\t<\/section>\n\t\t\t\t<\/div>","protected":false},"excerpt":{"rendered":"<p>Pirts Hannes Pirts Hannes ir divistabu pirts m\u0101ja, kas izgatavota no 43 mm fr\u0113z\u0113ta koka Materi\u0101li un interjera specifik\u0101cija: Sienu materi\u0101ls: 43 mm fr\u0113z\u0113ts koks Iegremd\u0113ts gr\u012bdas karkass Gr\u012bdas d\u0113lis mas\u012bvs: 28 mm Jumta d\u0113lis: 25 mm Jumta segums: Ventil\u0101cijas atveres Harvia M3 malkas kr\u0101sns ar stikla durti\u0146\u0101m Harvia ner\u016bs\u0113jo\u0161\u0101 met\u0101la modul\u0101rais skurstenis Ner\u016bs\u0113jo\u0161\u0101 met\u0101la 40l karst\u0101 \u016bdens tvertne + kr\u0101ns (uzst\u0101d\u0101ms starp d\u016bmvadiem) Cembrit siltumizol\u0101cijas pl\u0101ksnes kr\u0101snij un malkas kam\u012bnam [...] [...] [...]<\/p>","protected":false},"featured_media":11698,"template":"","meta":{"_acf_changed":false,"rank_math_lock_modified_date":false,"site-sidebar-layout":"default","site-content-layout":"default","ast-site-content-layout":"default","site-content-style":"default","site-sidebar-style":"default","ast-global-header-display":"","ast-banner-title-visibility":"","ast-main-header-display":"","ast-hfb-above-header-display":"","ast-hfb-below-header-display":"","ast-hfb-mobile-header-display":"","site-post-title":"","ast-breadcrumbs-content":"","ast-featured-img":"","footer-sml-layout":"","theme-transparent-header-meta":"default","adv-header-id-meta":"","stick-header-meta":"default","header-above-stick-meta":"","header-main-stick-meta":"","header-below-stick-meta":"","astra-migrate-meta-layouts":"set","ast-page-background-enabled":"default","ast-page-background-meta":{"desktop":{"background-color":"var(--ast-global-color-4)","background-image":"","background-repeat":"repeat","background-position":"center center","background-size":"auto","background-attachment":"scroll","background-type":"","background-media":"","overlay-type":"","overlay-color":"","overlay-opacity":"","overlay-gradient":""},"tablet":{"background-color":"","background-image":"","background-repeat":"repeat","background-position":"center center","background-size":"auto","background-attachment":"scroll","background-type":"","background-media":"","overlay-type":"","overlay-color":"","overlay-opacity":"","overlay-gradient":""},"mobile":{"background-color":"","background-image":"","background-repeat":"repeat","background-position":"center center","background-size":"auto","background-attachment":"scroll","background-type":"","background-media":"","overlay-type":"","overlay-color":"","overlay-opacity":"","overlay-gradient":""}},"ast-content-background-meta":{"desktop":{"background-color":"var(--ast-global-color-5)","background-image":"","background-repeat":"repeat","background-position":"center center","background-size":"auto","background-attachment":"scroll","background-type":"","background-media":"","overlay-type":"","overlay-color":"","overlay-opacity":"","overlay-gradient":""},"tablet":{"background-color":"var(--ast-global-color-5)","background-image":"","background-repeat":"repeat","background-position":"center center","background-size":"auto","background-attachment":"scroll","background-type":"","background-media":"","overlay-type":"","overlay-color":"","overlay-opacity":"","overlay-gradient":""},"mobile":{"background-color":"var(--ast-global-color-5)","background-image":"","background-repeat":"repeat","background-position":"center center","background-size":"auto","background-attachment":"scroll","background-type":"","background-media":"","overlay-type":"","overlay-color":"","overlay-opacity":"","overlay-gradient":""}}},"product_cat":[98,90],"product_tag":[],"class_list":{"0":"post-7600","1":"product","2":"type-product","3":"status-publish","4":"has-post-thumbnail","6":"product_cat-muud-tooted","7":"product_cat-saunad","8":"product_shipping_class-saun","9":"desktop-align-center","10":"tablet-align-left","11":"mobile-align-left","12":"ast-product-gallery-layout-horizontal-slider","13":"ast-product-single-variable","14":"ast-product-tabs-layout-horizontal","16":"first","17":"onbackorder","18":"taxable","19":"shipping-taxable","20":"purchasable","21":"product-type-variable"},"acf":[],"_links":{"self":[{"href":"https:\/\/valikaimlad.ee\/lv\/wp-json\/wp\/v2\/product\/7600"}],"collection":[{"href":"https:\/\/valikaimlad.ee\/lv\/wp-json\/wp\/v2\/product"}],"about":[{"href":"https:\/\/valikaimlad.ee\/lv\/wp-json\/wp\/v2\/types\/product"}],"version-history":[{"count":85,"href":"https:\/\/valikaimlad.ee\/lv\/wp-json\/wp\/v2\/product\/7600\/revisions"}],"predecessor-version":[{"id":13819,"href":"https:\/\/valikaimlad.ee\/lv\/wp-json\/wp\/v2\/product\/7600\/revisions\/13819"}],"wp:featuredmedia":[{"embeddable":true,"href":"https:\/\/valikaimlad.ee\/lv\/wp-json\/wp\/v2\/media\/11698"}],"wp:attachment":[{"href":"https:\/\/valikaimlad.ee\/lv\/wp-json\/wp\/v2\/media?parent=7600"}],"wp:term":[{"taxonomy":"product_cat","embeddable":true,"href":"https:\/\/valikaimlad.ee\/lv\/wp-json\/wp\/v2\/product_cat?post=7600"},{"taxonomy":"product_tag","embeddable":true,"href":"https:\/\/valikaimlad.ee\/lv\/wp-json\/wp\/v2\/product_tag?post=7600"}],"curies":[{"name":"wp","href":"https:\/\/api.w.org\/{rel}","templated":true}]}}