{"id":6322,"date":"2023-03-11T21:02:01","date_gmt":"2023-03-11T19:02:01","guid":{"rendered":"https:\/\/valikaimlad.ee\/?post_type=product&#038;p=6322"},"modified":"2026-04-14T11:15:34","modified_gmt":"2026-04-14T08:15:34","slug":"valikaimla-eco-4","status":"publish","type":"product","link":"https:\/\/valikaimlad.ee\/lv\/products\/selektiva-sulu-spiede-eco-4\/","title":{"rendered":"Starpposma ECO 4"},"content":{"rendered":"<div data-elementor-type=\"product-post\" data-elementor-id=\"6322\" class=\"elementor elementor-6322\" data-elementor-post-type=\"product\">\n\t\t\t\t\t\t<section class=\"elementor-section elementor-top-section elementor-element elementor-element-3f3a3b6 elementor-section-full_width elementor-section-height-default elementor-section-height-default\" data-id=\"3f3a3b6\" data-element_type=\"section\">\n\t\t\t\t\t\t<div class=\"elementor-container elementor-column-gap-default\">\n\t\t\t\t\t<div class=\"elementor-column elementor-col-100 elementor-top-column elementor-element elementor-element-998e704\" data-id=\"998e704\" data-element_type=\"column\">\n\t\t\t<div class=\"elementor-widget-wrap elementor-element-populated\">\n\t\t\t\t\t\t<div class=\"elementor-element elementor-element-11bb47b elementor-widget elementor-widget-heading\" data-id=\"11bb47b\" data-element_type=\"widget\" data-widget_type=\"heading.default\">\n\t\t\t\t<div class=\"elementor-widget-container\">\n\t\t\t<style>\/*! elementor - v3.23.0 - 05-08-2024 *\/\n.elementor-heading-title{padding:0;margin:0;line-height:1}.elementor-widget-heading .elementor-heading-title[class*=elementor-size-]>a{color:inherit;font-size:inherit;line-height:inherit}.elementor-widget-heading .elementor-heading-title.elementor-size-small{font-size:15px}.elementor-widget-heading .elementor-heading-title.elementor-size-medium{font-size:19px}.elementor-widget-heading .elementor-heading-title.elementor-size-large{font-size:29px}.elementor-widget-heading .elementor-heading-title.elementor-size-xl{font-size:39px}.elementor-widget-heading .elementor-heading-title.elementor-size-xxl{font-size:59px}<\/style><h2 class=\"elementor-heading-title elementor-size-default\">Starpposma ECO 4<\/h2>\t\t<\/div>\n\t\t\t\t<\/div>\n\t\t\t\t<section class=\"elementor-section elementor-inner-section elementor-element elementor-element-3c9fca8 elementor-section-full_width elementor-section-content-middle elementor-section-height-default elementor-section-height-default\" data-id=\"3c9fca8\" data-element_type=\"section\">\n\t\t\t\t\t\t<div class=\"elementor-container elementor-column-gap-default\">\n\t\t\t\t\t<div class=\"elementor-column elementor-col-50 elementor-inner-column elementor-element elementor-element-f086822\" data-id=\"f086822\" data-element_type=\"column\">\n\t\t\t<div class=\"elementor-widget-wrap elementor-element-populated\">\n\t\t\t\t\t\t<div class=\"elementor-element elementor-element-3ec4debf elementor-widget elementor-widget-text-editor\" data-id=\"3ec4debf\" data-element_type=\"widget\" data-widget_type=\"text-editor.default\">\n\t\t\t\t<div class=\"elementor-widget-container\">\n\t\t\t<style>\/*! elementor - v3.23.0 - 05-08-2024 *\/\n.elementor-widget-text-editor.elementor-drop-cap-view-stacked .elementor-drop-cap{background-color:#69727d;color:#fff}.elementor-widget-text-editor.elementor-drop-cap-view-framed .elementor-drop-cap{color:#69727d;border:3px solid;background-color:transparent}.elementor-widget-text-editor:not(.elementor-drop-cap-view-default) .elementor-drop-cap{margin-top:8px}.elementor-widget-text-editor:not(.elementor-drop-cap-view-default) .elementor-drop-cap-letter{width:1em;height:1em}.elementor-widget-text-editor .elementor-drop-cap{float:left;text-align:center;line-height:1;font-size:50px}.elementor-widget-text-editor .elementor-drop-cap-letter{display:inline-block}<\/style>\t\t\t\t<p>Augstas kvalit\u0101tes \u0113vel\u0113ta koka r\u0101mja \u0101ra kr\u0101sns <strong>ECO 4<br \/><\/strong>Praktiline lahendus igasse koduaeda.<\/p><p><strong>V\u00e4lik\u00e4imla tarnitakse kokkupanduna ja on kohe kasutusvalmis.<\/strong><\/p><ul><li>Tualetes poda izm\u0113ri: 147 cm x 127 cm<\/li><li>Latr\u012bnas augstums: 263 cm<\/li><li>Iegremd\u0113ts apak\u0161r\u0101mis<\/li><li>\u0112vel\u0113ta mas\u012bvkoka gr\u012bdas d\u0113\u013ci 24 mm<\/li><li>\u0100r\u0113j\u0101 ap\u0161uvuma pl\u0101ksne 18 mm<\/li><li>Jumta d\u0113lis 19 mm<\/li><li>Icopal bitumena jumta segums (standarta meln\u0101 kr\u0101sa)<\/li><li style=\"font-size: 16px;\">Past\u0101stiet \u016bdens traipus<\/li><li>2x logs ar dubulto stiklu<\/li><li style=\"font-size: 16px;\"><u>PATENT\u0112TS PRODUKTS<\/u><\/li><\/ul><p>- Tualete tiek pieg\u0101d\u0101ta samont\u0113ta. Uzst\u0101d\u012b\u0161anai ir nepiecie\u0161ama piek\u013cuve ar iekr\u0101v\u0113ju.<br \/><span style=\"font-style: inherit; font-weight: inherit;\">- Tualetes iek\u0101rtu var transport\u0113t ar\u012b ar piekabi.<br \/><\/span><span style=\"font-style: inherit; font-weight: inherit;\">- Ja v\u0113laties, varat pas\u016bt\u012bt tualeti ar\u012b k\u0101 saliekamus sienas elementus un uzst\u0101d\u012bt to pa\u0161i, sekojot uzst\u0101d\u012b\u0161anas nor\u0101d\u012bjumiem. Uzst\u0101d\u012b\u0161ana diviem cilv\u0113kiem vid\u0113ji aiz\u0146em 2-3 stundas.<br \/><\/span><span style=\"font-style: inherit; font-weight: inherit;\">- Podu cen\u0101s ir iek\u013cauta to uzst\u0101d\u012b\u0161ana tualet\u0113 (iz\u0146emot \u0161\u0137idruma sav\u0101k\u0161anas tvertnes uzst\u0101d\u012b\u0161anu).<\/span><span style=\"font-style: inherit; font-weight: inherit;\"><br \/><\/span><span style=\"font-style: inherit; font-weight: inherit;\">- M\u0113s izmantojam \u012bpa\u0161as augsnes skr\u016bves (4 gab.) tualetes pamatiem.\u00a0\u00a0<br \/><\/span><span style=\"font-style: inherit; font-weight: inherit;\">- Standart\u0101 visas m\u016bsu tualetes ir izgatavotas ar logu labaj\u0101 pus\u0113 (skats no priek\u0161puses). P\u0113c piepras\u012bjuma logu var pas\u016bt\u012bt ar\u012b kreisaj\u0101 pus\u0113.<\/span><\/p><p><strong>V\u00c4LISVIIMISTLUS:<\/strong><br \/>* K\u00f5ik v\u00e4lisviimistluse hinnad sisaldavad p\u00f5randa ja k\u00e4imla aluskarkassi viimistlust terrassi\u00f5liga.\u00a0<br \/><em>M\u0113s varam veikt apdari ar\u012b atbilsto\u0161i klienta nor\u0101d\u012btajam kr\u0101su kodam - l\u016bdzu, sazinieties ar m\u016bsu klientu apkalpo\u0161anas dienestu: info@valikaimlad.ee.<\/em><\/p><p>\u00a0<\/p>\t\t\t\t\t\t<\/div>\n\t\t\t\t<\/div>\n\t\t\t\t\t<\/div>\n\t\t<\/div>\n\t\t\t\t<div class=\"elementor-column elementor-col-50 elementor-inner-column elementor-element elementor-element-0ae9fc0\" data-id=\"0ae9fc0\" data-element_type=\"column\">\n\t\t\t<div class=\"elementor-widget-wrap elementor-element-populated\">\n\t\t\t\t\t\t<div class=\"elementor-element elementor-element-5c94865 elementor-pagination-position-outside elementor--h-position-center elementor--v-position-middle elementor-arrows-position-inside elementor-widget elementor-widget-slides\" data-id=\"5c94865\" data-element_type=\"widget\" data-settings=\"{&quot;transition_speed&quot;:1000,&quot;navigation&quot;:&quot;both&quot;,&quot;autoplay&quot;:&quot;yes&quot;,&quot;pause_on_hover&quot;:&quot;yes&quot;,&quot;pause_on_interaction&quot;:&quot;yes&quot;,&quot;autoplay_speed&quot;:5000,&quot;infinite&quot;:&quot;yes&quot;,&quot;transition&quot;:&quot;slide&quot;}\" data-widget_type=\"slides.default\">\n\t\t\t\t<div class=\"elementor-widget-container\">\n\t\t\t<style>\/*! elementor-pro - v3.23.0 - 05-08-2024 *\/\n.elementor-slides .swiper-slide-bg{background-size:cover;background-position:50%;background-repeat:no-repeat;min-width:100%;min-height:100%}.elementor-slides .swiper-slide-inner{background-repeat:no-repeat;background-position:50%;position:absolute;top:0;left:0;bottom:0;right:0;padding:50px;margin:auto}.elementor-slides .swiper-slide-inner,.elementor-slides .swiper-slide-inner:hover{color:#fff;display:flex}.elementor-slides .swiper-slide-inner .elementor-background-overlay{position:absolute;z-index:0;top:0;bottom:0;left:0;right:0}.elementor-slides .swiper-slide-inner .elementor-slide-content{position:relative;z-index:1;width:100%}.elementor-slides .swiper-slide-inner .elementor-slide-heading{font-size:35px;font-weight:700;line-height:1}.elementor-slides .swiper-slide-inner .elementor-slide-description{font-size:17px;line-height:1.4}.elementor-slides .swiper-slide-inner .elementor-slide-description:not(:last-child),.elementor-slides .swiper-slide-inner .elementor-slide-heading:not(:last-child){margin-bottom:30px}.elementor-slides .swiper-slide-inner .elementor-slide-button{border:2px solid #fff;color:#fff;background:transparent;display:inline-block}.elementor-slides .swiper-slide-inner .elementor-slide-button,.elementor-slides .swiper-slide-inner .elementor-slide-button:hover{background:transparent;color:inherit;text-decoration:none}.elementor--v-position-top .swiper-slide-inner{align-items:flex-start}.elementor--v-position-bottom .swiper-slide-inner{align-items:flex-end}.elementor--v-position-middle .swiper-slide-inner{align-items:center}.elementor--h-position-left .swiper-slide-inner{justify-content:flex-start}.elementor--h-position-right .swiper-slide-inner{justify-content:flex-end}.elementor--h-position-center .swiper-slide-inner{justify-content:center}body.rtl .elementor-widget-slides .elementor-swiper-button-next{left:10px;right:auto}body.rtl .elementor-widget-slides .elementor-swiper-button-prev{right:10px;left:auto}.elementor-slides-wrapper div:not(.swiper-slide)>.swiper-slide-inner{display:none}@media (max-width:767px){.elementor-slides .swiper-slide-inner{padding:30px}.elementor-slides .swiper-slide-inner .elementor-slide-heading{font-size:23px;line-height:1;margin-bottom:15px}.elementor-slides .swiper-slide-inner .elementor-slide-description{font-size:13px;line-height:1.4;margin-bottom:15px}}<\/style>\t\t<div class=\"elementor-swiper\">\n\t\t\t<div class=\"elementor-slides-wrapper elementor-main-swiper swiper\" dir=\"ltr\" data-animation=\"fadeInUp\">\n\t\t\t\t<div class=\"swiper-wrapper elementor-slides\">\n\t\t\t\t\t\t\t\t\t\t<div class=\"elementor-repeater-item-eb9d994 swiper-slide\"><div class=\"swiper-slide-bg\" role=\"img\"><\/div><div class=\"swiper-slide-inner\" ><div class=\"swiper-slide-contents\"><\/div><\/div><\/div>\t\t\t\t<\/div>\n\t\t\t\t\t\t\t<\/div>\n\t\t<\/div>\n\t\t\t\t<\/div>\n\t\t\t\t<\/div>\n\t\t\t\t\t<\/div>\n\t\t<\/div>\n\t\t\t\t\t<\/div>\n\t\t<\/section>\n\t\t\t\t\t<\/div>\n\t\t<\/div>\n\t\t\t\t\t<\/div>\n\t\t<\/section>\n\t\t\t\t<section class=\"elementor-section elementor-top-section elementor-element elementor-element-247eb96 elementor-section-boxed elementor-section-height-default elementor-section-height-default\" data-id=\"247eb96\" data-element_type=\"section\">\n\t\t\t\t\t\t<div class=\"elementor-container elementor-column-gap-default\">\n\t\t\t\t\t<div class=\"elementor-column elementor-col-100 elementor-top-column elementor-element elementor-element-28e2caa\" data-id=\"28e2caa\" data-element_type=\"column\">\n\t\t\t<div class=\"elementor-widget-wrap elementor-element-populated\">\n\t\t\t\t\t\t<div class=\"elementor-element elementor-element-82e1648 elementor-widget elementor-widget-text-editor\" data-id=\"82e1648\" data-element_type=\"widget\" data-widget_type=\"text-editor.default\">\n\t\t\t\t<div class=\"elementor-widget-container\">\n\t\t\t\t\t\t\t<p><strong><span style=\"vertical-align: inherit;\"><span style=\"vertical-align: inherit;\"><span style=\"vertical-align: inherit;\"><span style=\"vertical-align: inherit;\">\u0160ODIEN\u00a0<br \/><\/span><\/span><\/span><\/span><\/strong><span style=\"vertical-align: inherit;\"><span style=\"vertical-align: inherit;\"><span style=\"vertical-align: inherit;\"><span style=\"vertical-align: inherit;\">Pieg\u0101des laiks ir atkar\u012bgs no t\u0101, vai izstr\u0101d\u0101jums pa\u0161laik ir noliktav\u0101 un vai izstr\u0101d\u0101jums tiek pas\u016bt\u012bts ar vai bez apdares.<\/span><\/span><\/span><\/span><\/p><ul><li><span style=\"font-style: inherit; font-weight: inherit;\">Noliktav\u0101 (nepabeigti produkti): 3-5 darba dienas\u00a0<\/span><\/li><li>Noliktav\u0101 (pas\u016bt\u012bti produkti ar apdari): l\u012bdz 2 ned\u0113\u013c\u0101m<\/li><li>P\u0113c pas\u016bt\u012bjuma (produkti, kas pa\u0161laik nav noliktav\u0101): 3-4 ned\u0113\u013cas<\/li><\/ul><p>P\u0113c iepriek\u0161\u0113jas vieno\u0161an\u0101s ir iesp\u0113jams ar\u012b \u012bs\u0101ks vai gar\u0101ks pieg\u0101des laiks.<\/p>\t\t\t\t\t\t<\/div>\n\t\t\t\t<\/div>\n\t\t\t\t\t<\/div>\n\t\t<\/div>\n\t\t\t\t\t<\/div>\n\t\t<\/section>\n\t\t\t\t<section class=\"elementor-section elementor-top-section elementor-element elementor-element-5f452f1 elementor-section-boxed elementor-section-height-default elementor-section-height-default\" data-id=\"5f452f1\" data-element_type=\"section\">\n\t\t\t\t\t\t<div class=\"elementor-container elementor-column-gap-default\">\n\t\t\t\t\t<div class=\"elementor-column elementor-col-100 elementor-top-column elementor-element elementor-element-ac3f76f\" data-id=\"ac3f76f\" data-element_type=\"column\">\n\t\t\t<div class=\"elementor-widget-wrap elementor-element-populated\">\n\t\t\t\t\t\t<div class=\"elementor-element elementor-element-d0c7b06 elementor-widget elementor-widget-image\" data-id=\"d0c7b06\" data-element_type=\"widget\" data-widget_type=\"image.default\">\n\t\t\t\t<div class=\"elementor-widget-container\">\n\t\t\t<style>\/*! elementor - v3.23.0 - 05-08-2024 *\/\n.elementor-widget-image{text-align:center}.elementor-widget-image a{display:inline-block}.elementor-widget-image a img[src$=\".svg\"]{width:48px}.elementor-widget-image img{vertical-align:middle;display:inline-block}<\/style>\t\t\t\t\t\t\t\t\t\t<img fetchpriority=\"high\" decoding=\"async\" width=\"1024\" height=\"858\" src=\"https:\/\/valikaimlad.ee\/wp-content\/uploads\/2023\/02\/ECO3-ja-ECO4-1024x858.jpg\" class=\"attachment-large size-large wp-image-15754\" alt=\"\" srcset=\"https:\/\/valikaimlad.ee\/wp-content\/uploads\/2023\/02\/ECO3-ja-ECO4-1024x858.jpg 1024w, https:\/\/valikaimlad.ee\/wp-content\/uploads\/2023\/02\/ECO3-ja-ECO4-300x252.jpg 300w, https:\/\/valikaimlad.ee\/wp-content\/uploads\/2023\/02\/ECO3-ja-ECO4-768x644.jpg 768w, https:\/\/valikaimlad.ee\/wp-content\/uploads\/2023\/02\/ECO3-ja-ECO4-14x12.jpg 14w, https:\/\/valikaimlad.ee\/wp-content\/uploads\/2023\/02\/ECO3-ja-ECO4-700x587.jpg 700w, https:\/\/valikaimlad.ee\/wp-content\/uploads\/2023\/02\/ECO3-ja-ECO4.jpg 1058w\" sizes=\"(max-width: 1024px) 100vw, 1024px\" \/>\t\t\t\t\t\t\t\t\t\t\t\t\t<\/div>\n\t\t\t\t<\/div>\n\t\t\t\t\t<\/div>\n\t\t<\/div>\n\t\t\t\t\t<\/div>\n\t\t<\/section>\n\t\t\t\t<\/div>","protected":false},"excerpt":{"rendered":"<p>V\u00e4lik\u00e4imla ECO 4 Kvaliteetne h\u00f6\u00f6velpuidust karkassiga v\u00e4lik\u00e4imla ECO 4 Praktiline lahendus igasse koduaeda. V\u00e4lik\u00e4imla tarnitakse kokkupanduna ja on kohe kasutusvalmis. K\u00e4imla p\u00f5hja m\u00f5\u00f5dud: 147cm x 127cm K\u00e4imla k\u00f5rgus: 263cm Immutatud alusraam H\u00f6\u00f6veldatud t\u00e4ispunn p\u00f5randalaud 24mm Peensaetud v\u00e4lisvoodrilaud 18mm Katuselaudis 19mm Katusekate Icopal bituumensindel (standardina musta v\u00e4rvi) R\u00e4\u00e4sta veeplekid 2x pakettklaasiga aken PATENTEERITUD TOODE &#8211; K\u00e4imlat [&hellip;]<\/p>","protected":false},"featured_media":15880,"template":"","meta":{"_acf_changed":false,"rank_math_lock_modified_date":false,"site-sidebar-layout":"default","site-content-layout":"default","ast-site-content-layout":"default","site-content-style":"default","site-sidebar-style":"default","ast-global-header-display":"","ast-banner-title-visibility":"","ast-main-header-display":"","ast-hfb-above-header-display":"","ast-hfb-below-header-display":"","ast-hfb-mobile-header-display":"","site-post-title":"","ast-breadcrumbs-content":"","ast-featured-img":"","footer-sml-layout":"","theme-transparent-header-meta":"default","adv-header-id-meta":"","stick-header-meta":"default","header-above-stick-meta":"","header-main-stick-meta":"","header-below-stick-meta":"","astra-migrate-meta-layouts":"set","ast-page-background-enabled":"default","ast-page-background-meta":{"desktop":{"background-color":"var(--ast-global-color-4)","background-image":"","background-repeat":"repeat","background-position":"center center","background-size":"auto","background-attachment":"scroll","background-type":"","background-media":"","overlay-type":"","overlay-color":"","overlay-opacity":"","overlay-gradient":""},"tablet":{"background-color":"","background-image":"","background-repeat":"repeat","background-position":"center center","background-size":"auto","background-attachment":"scroll","background-type":"","background-media":"","overlay-type":"","overlay-color":"","overlay-opacity":"","overlay-gradient":""},"mobile":{"background-color":"","background-image":"","background-repeat":"repeat","background-position":"center center","background-size":"auto","background-attachment":"scroll","background-type":"","background-media":"","overlay-type":"","overlay-color":"","overlay-opacity":"","overlay-gradient":""}},"ast-content-background-meta":{"desktop":{"background-color":"var(--ast-global-color-5)","background-image":"","background-repeat":"repeat","background-position":"center center","background-size":"auto","background-attachment":"scroll","background-type":"","background-media":"","overlay-type":"","overlay-color":"","overlay-opacity":"","overlay-gradient":""},"tablet":{"background-color":"var(--ast-global-color-5)","background-image":"","background-repeat":"repeat","background-position":"center center","background-size":"auto","background-attachment":"scroll","background-type":"","background-media":"","overlay-type":"","overlay-color":"","overlay-opacity":"","overlay-gradient":""},"mobile":{"background-color":"var(--ast-global-color-5)","background-image":"","background-repeat":"repeat","background-position":"center center","background-size":"auto","background-attachment":"scroll","background-type":"","background-media":"","overlay-type":"","overlay-color":"","overlay-opacity":"","overlay-gradient":""}}},"product_cat":[83,18,92],"product_tag":[],"class_list":{"0":"post-6322","1":"product","2":"type-product","3":"status-publish","4":"has-post-thumbnail","6":"product_cat-koik-tooted","7":"product_cat-valikaimlad-eco","8":"product_cat-kohe-saadaval","9":"product_shipping_class-tava","10":"desktop-align-center","11":"tablet-align-left","12":"mobile-align-left","13":"ast-product-gallery-layout-horizontal-slider","14":"ast-product-single-variable","15":"ast-product-tabs-layout-horizontal","17":"first","18":"instock","19":"taxable","20":"shipping-taxable","21":"purchasable","22":"product-type-variable"},"acf":[],"_links":{"self":[{"href":"https:\/\/valikaimlad.ee\/lv\/wp-json\/wp\/v2\/product\/6322"}],"collection":[{"href":"https:\/\/valikaimlad.ee\/lv\/wp-json\/wp\/v2\/product"}],"about":[{"href":"https:\/\/valikaimlad.ee\/lv\/wp-json\/wp\/v2\/types\/product"}],"version-history":[{"count":214,"href":"https:\/\/valikaimlad.ee\/lv\/wp-json\/wp\/v2\/product\/6322\/revisions"}],"predecessor-version":[{"id":15872,"href":"https:\/\/valikaimlad.ee\/lv\/wp-json\/wp\/v2\/product\/6322\/revisions\/15872"}],"wp:featuredmedia":[{"embeddable":true,"href":"https:\/\/valikaimlad.ee\/lv\/wp-json\/wp\/v2\/media\/15880"}],"wp:attachment":[{"href":"https:\/\/valikaimlad.ee\/lv\/wp-json\/wp\/v2\/media?parent=6322"}],"wp:term":[{"taxonomy":"product_cat","embeddable":true,"href":"https:\/\/valikaimlad.ee\/lv\/wp-json\/wp\/v2\/product_cat?post=6322"},{"taxonomy":"product_tag","embeddable":true,"href":"https:\/\/valikaimlad.ee\/lv\/wp-json\/wp\/v2\/product_tag?post=6322"}],"curies":[{"name":"wp","href":"https:\/\/api.w.org\/{rel}","templated":true}]}}