{"id":11429,"date":"2023-09-25T19:02:06","date_gmt":"2023-09-25T16:02:06","guid":{"rendered":"https:\/\/valikaimlad.ee\/?post_type=product&#038;p=11429"},"modified":"2026-04-14T13:13:03","modified_gmt":"2026-04-14T10:13:03","slug":"kanamaja-premium","status":"publish","type":"product","link":"https:\/\/valikaimlad.ee\/lv\/products\/vistu-maja-xxxl-modelis\/","title":{"rendered":"Kanamaja &#8211; Premium"},"content":{"rendered":"<div data-elementor-type=\"product-post\" data-elementor-id=\"11429\" class=\"elementor elementor-11429\" data-elementor-post-type=\"product\">\n\t\t\t\t\t\t<section class=\"elementor-section elementor-top-section elementor-element elementor-element-792b049 elementor-section-full_width elementor-section-height-default elementor-section-height-default\" data-id=\"792b049\" data-element_type=\"section\">\n\t\t\t\t\t\t<div class=\"elementor-container elementor-column-gap-default\">\n\t\t\t\t\t<div class=\"elementor-column elementor-col-100 elementor-top-column elementor-element elementor-element-677e4a9\" data-id=\"677e4a9\" data-element_type=\"column\">\n\t\t\t<div class=\"elementor-widget-wrap elementor-element-populated\">\n\t\t\t\t\t\t<div class=\"elementor-element elementor-element-2d32ba0 elementor-widget elementor-widget-heading\" data-id=\"2d32ba0\" data-element_type=\"widget\" data-widget_type=\"heading.default\">\n\t\t\t\t<div class=\"elementor-widget-container\">\n\t\t\t<style>\/*! elementor - v3.23.0 - 05-08-2024 *\/\n.elementor-heading-title{padding:0;margin:0;line-height:1}.elementor-widget-heading .elementor-heading-title[class*=elementor-size-]>a{color:inherit;font-size:inherit;line-height:inherit}.elementor-widget-heading .elementor-heading-title.elementor-size-small{font-size:15px}.elementor-widget-heading .elementor-heading-title.elementor-size-medium{font-size:19px}.elementor-widget-heading .elementor-heading-title.elementor-size-large{font-size:29px}.elementor-widget-heading .elementor-heading-title.elementor-size-xl{font-size:39px}.elementor-widget-heading .elementor-heading-title.elementor-size-xxl{font-size:59px}<\/style><h2 class=\"elementor-heading-title elementor-size-default\">Premium klases apsild\u0101ma vistu m\u0101ja - dz\u012bv\u012bba un skaistums j\u016bsu d\u0101rz\u0101<\/h2>\t\t<\/div>\n\t\t\t\t<\/div>\n\t\t\t\t<section class=\"elementor-section elementor-inner-section elementor-element elementor-element-975adb6 elementor-section-full_width elementor-section-content-middle elementor-section-height-default elementor-section-height-default\" data-id=\"975adb6\" data-element_type=\"section\">\n\t\t\t\t\t\t<div class=\"elementor-container elementor-column-gap-default\">\n\t\t\t\t\t<div class=\"elementor-column elementor-col-50 elementor-inner-column elementor-element elementor-element-f883bc9\" data-id=\"f883bc9\" data-element_type=\"column\">\n\t\t\t<div class=\"elementor-widget-wrap elementor-element-populated\">\n\t\t\t\t\t\t<div class=\"elementor-element elementor-element-f7ba9e4 elementor-widget__width-initial elementor-widget elementor-widget-text-editor\" data-id=\"f7ba9e4\" data-element_type=\"widget\" data-widget_type=\"text-editor.default\">\n\t\t\t\t<div class=\"elementor-widget-container\">\n\t\t\t<style>\/*! elementor - v3.23.0 - 05-08-2024 *\/\n.elementor-widget-text-editor.elementor-drop-cap-view-stacked .elementor-drop-cap{background-color:#69727d;color:#fff}.elementor-widget-text-editor.elementor-drop-cap-view-framed .elementor-drop-cap{color:#69727d;border:3px solid;background-color:transparent}.elementor-widget-text-editor:not(.elementor-drop-cap-view-default) .elementor-drop-cap{margin-top:8px}.elementor-widget-text-editor:not(.elementor-drop-cap-view-default) .elementor-drop-cap-letter{width:1em;height:1em}.elementor-widget-text-editor .elementor-drop-cap{float:left;text-align:center;line-height:1;font-size:50px}.elementor-widget-text-editor .elementor-drop-cap-letter{display:inline-block}<\/style>\t\t\t\t<p>Vistu m\u0101ja ir noliktav\u0101 un pieejama jau tagad.<\/p>\n<p>Iztur\u012bgs, kvalitat\u012bvs un p\u0101rdom\u0101ts risin\u0101jums j\u016bsu vist\u0101m.<br>Vistu m\u0101ja ir samont\u0113ta un gatava t\u016bl\u012bt\u0113jai lieto\u0161anai.<\/p>\n<ul>\n<li>\u0100r\u0113j\u0101 apdare tum\u0161i pel\u0113k\u0101 kr\u0101s\u0101 + balta apdare <br><strong>(IEK\u013bAUTS CEN\u0100 KAMPA\u0145AS LAIK\u0100)<\/strong> regul\u0101r\u0101 cena: 490 \u20ac<br><br><\/li>\n<li>Piekaramais ap\u0161uvuma d\u0113lis<\/li>\n<li>Mas\u012bvkoka \u0113vel\u0113ts r\u0101mis<\/li>\n<li>Augstas kvalit\u0101tes iepakojuma logi (2 gab.)<\/li>\n<li>Icopal bitumena iztur\u012bgs jumta seguma materi\u0101ls<\/li>\n<li style=\"font-size: 16px;\">Koka salmi\u0146i<\/li>\n<li>Olu d\u0113\u0161anas inkubatori ar inkubatoriem<\/li>\n<li>Atv\u0101\u017eamas sl\u0113dzamas sl\u0113\u0123i un durvis<\/li>\n<li>Ventil\u0101cijas atveres 2 gab.<\/li>\n<li>Siltumizol\u0101cija un sapl\u0101k\u0161\u0146a sienas no iek\u0161puses (PIEEJAMS, K\u0100 IR)<\/li>\n<\/ul>\n<div>PIEEJAMS P\u0112C PIEPRAS\u012aJUMA:<\/div>\n<ul>\n<li>Elektrisk\u0101 kuba l\u016bka ar akumulatoru un gaismas sensoru\n<p>M\u0101jas izm\u0113ri:<br>- Garums: 248 cm<br>- Kab\u012bnes platums: 178cm; - vistu m\u0101jas platums ar karn\u012bzi 220cm<br>- Augstums: 270 cm<br>- Kab\u012bnes augstums: 250 cm<br>- Durvis: 160 cm x 60 cm<\/p><\/li>\n<\/ul>\t\t\t\t\t\t<\/div>\n\t\t\t\t<\/div>\n\t\t\t\t\t<\/div>\n\t\t<\/div>\n\t\t\t\t<div class=\"elementor-column elementor-col-50 elementor-inner-column elementor-element elementor-element-14ce682\" data-id=\"14ce682\" data-element_type=\"column\">\n\t\t\t<div class=\"elementor-widget-wrap elementor-element-populated\">\n\t\t\t\t\t\t<div class=\"elementor-element elementor-element-cb109cd elementor-pagination-position-outside elementor--h-position-center elementor--v-position-middle elementor-arrows-position-inside elementor-widget elementor-widget-slides\" data-id=\"cb109cd\" data-element_type=\"widget\" data-settings=\"{&quot;transition_speed&quot;:1000,&quot;navigation&quot;:&quot;both&quot;,&quot;autoplay&quot;:&quot;yes&quot;,&quot;pause_on_hover&quot;:&quot;yes&quot;,&quot;pause_on_interaction&quot;:&quot;yes&quot;,&quot;autoplay_speed&quot;:5000,&quot;infinite&quot;:&quot;yes&quot;,&quot;transition&quot;:&quot;slide&quot;}\" data-widget_type=\"slides.default\">\n\t\t\t\t<div class=\"elementor-widget-container\">\n\t\t\t<style>\/*! elementor-pro - v3.23.0 - 05-08-2024 *\/\n.elementor-slides .swiper-slide-bg{background-size:cover;background-position:50%;background-repeat:no-repeat;min-width:100%;min-height:100%}.elementor-slides .swiper-slide-inner{background-repeat:no-repeat;background-position:50%;position:absolute;top:0;left:0;bottom:0;right:0;padding:50px;margin:auto}.elementor-slides .swiper-slide-inner,.elementor-slides .swiper-slide-inner:hover{color:#fff;display:flex}.elementor-slides .swiper-slide-inner .elementor-background-overlay{position:absolute;z-index:0;top:0;bottom:0;left:0;right:0}.elementor-slides .swiper-slide-inner .elementor-slide-content{position:relative;z-index:1;width:100%}.elementor-slides .swiper-slide-inner .elementor-slide-heading{font-size:35px;font-weight:700;line-height:1}.elementor-slides .swiper-slide-inner .elementor-slide-description{font-size:17px;line-height:1.4}.elementor-slides .swiper-slide-inner .elementor-slide-description:not(:last-child),.elementor-slides .swiper-slide-inner .elementor-slide-heading:not(:last-child){margin-bottom:30px}.elementor-slides .swiper-slide-inner .elementor-slide-button{border:2px solid #fff;color:#fff;background:transparent;display:inline-block}.elementor-slides .swiper-slide-inner .elementor-slide-button,.elementor-slides .swiper-slide-inner .elementor-slide-button:hover{background:transparent;color:inherit;text-decoration:none}.elementor--v-position-top .swiper-slide-inner{align-items:flex-start}.elementor--v-position-bottom .swiper-slide-inner{align-items:flex-end}.elementor--v-position-middle .swiper-slide-inner{align-items:center}.elementor--h-position-left .swiper-slide-inner{justify-content:flex-start}.elementor--h-position-right .swiper-slide-inner{justify-content:flex-end}.elementor--h-position-center .swiper-slide-inner{justify-content:center}body.rtl .elementor-widget-slides .elementor-swiper-button-next{left:10px;right:auto}body.rtl .elementor-widget-slides .elementor-swiper-button-prev{right:10px;left:auto}.elementor-slides-wrapper div:not(.swiper-slide)>.swiper-slide-inner{display:none}@media (max-width:767px){.elementor-slides .swiper-slide-inner{padding:30px}.elementor-slides .swiper-slide-inner .elementor-slide-heading{font-size:23px;line-height:1;margin-bottom:15px}.elementor-slides .swiper-slide-inner .elementor-slide-description{font-size:13px;line-height:1.4;margin-bottom:15px}}<\/style>\t\t<div class=\"elementor-swiper\">\n\t\t\t<div class=\"elementor-slides-wrapper elementor-main-swiper swiper\" dir=\"ltr\" data-animation=\"fadeInUp\">\n\t\t\t\t<div class=\"swiper-wrapper elementor-slides\">\n\t\t\t\t\t\t\t\t\t\t<div class=\"elementor-repeater-item-977094a swiper-slide\"><div class=\"swiper-slide-bg\" role=\"img\"><\/div><div class=\"swiper-slide-inner\" ><div class=\"swiper-slide-contents\"><\/div><\/div><\/div>\t\t\t\t<\/div>\n\t\t\t\t\t\t\t<\/div>\n\t\t<\/div>\n\t\t\t\t<\/div>\n\t\t\t\t<\/div>\n\t\t\t\t\t<\/div>\n\t\t<\/div>\n\t\t\t\t\t<\/div>\n\t\t<\/section>\n\t\t\t\t<section class=\"elementor-section elementor-inner-section elementor-element elementor-element-b6fa60b elementor-section-boxed elementor-section-height-default elementor-section-height-default\" data-id=\"b6fa60b\" data-element_type=\"section\">\n\t\t\t\t\t\t<div class=\"elementor-container elementor-column-gap-default\">\n\t\t\t\t\t<div class=\"elementor-column elementor-col-100 elementor-inner-column elementor-element elementor-element-1649580\" data-id=\"1649580\" data-element_type=\"column\">\n\t\t\t<div class=\"elementor-widget-wrap elementor-element-populated\">\n\t\t\t\t\t\t<div class=\"elementor-element elementor-element-39e6889 elementor-widget elementor-widget-text-editor\" data-id=\"39e6889\" data-element_type=\"widget\" data-widget_type=\"text-editor.default\">\n\t\t\t\t<div class=\"elementor-widget-container\">\n\t\t\t\t\t\t\t<p><strong><span style=\"vertical-align: inherit;\"><span style=\"vertical-align: inherit;\"><span style=\"vertical-align: inherit;\"><span style=\"vertical-align: inherit;\">\u0160ODIEN\u00a0<br \/><\/span><\/span><\/span><\/span><\/strong><span style=\"vertical-align: inherit;\"><span style=\"vertical-align: inherit;\"><span style=\"vertical-align: inherit;\"><span style=\"vertical-align: inherit;\">Pieg\u0101des laiks ir atkar\u012bgs no t\u0101, vai izstr\u0101d\u0101jums pa\u0161laik ir noliktav\u0101 un vai izstr\u0101d\u0101jums tiek pas\u016bt\u012bts ar vai bez apdares.<\/span><\/span><\/span><\/span><\/p><ul><li><span style=\"font-style: inherit; font-weight: inherit;\">Noliktav\u0101 (nepabeigti produkti): 3-5 darba dienas\u00a0<\/span><\/li><li>Noliktav\u0101 (pas\u016bt\u012bti produkti ar apdari): l\u012bdz 2 ned\u0113\u013c\u0101m<\/li><li>P\u0113c pas\u016bt\u012bjuma (produkti, kas pa\u0161laik nav noliktav\u0101): 3-4 ned\u0113\u013cas<\/li><\/ul><p>P\u0113c iepriek\u0161\u0113jas vieno\u0161an\u0101s ir iesp\u0113jams ar\u012b \u012bs\u0101ks vai gar\u0101ks pieg\u0101des laiks.<\/p>\t\t\t\t\t\t<\/div>\n\t\t\t\t<\/div>\n\t\t\t\t\t<\/div>\n\t\t<\/div>\n\t\t\t\t\t<\/div>\n\t\t<\/section>\n\t\t\t\t\t<\/div>\n\t\t<\/div>\n\t\t\t\t\t<\/div>\n\t\t<\/section>\n\t\t\t\t<\/div>","protected":false},"excerpt":{"rendered":"<p>Apsild\u0101ma vistu m\u0101ja Premium - dz\u012bv\u012bba un skaistums j\u016bsu d\u0101rz\u0101 Vistu m\u0101ja tagad ir noliktav\u0101. Iztur\u012bgs, kvalitat\u012bvs un p\u0101rdom\u0101ts risin\u0101jums j\u016bsu vist\u0101m. Vistu m\u0101ja ir samont\u0113ta un gatava lieto\u0161anai. \u0100r\u0113j\u0101 apdare tum\u0161i pel\u0113k\u0101 kr\u0101s\u0101 + balta apdare (CEN\u0100 IESKAIT\u012aTS KAMPA\u0145\u0160) Regul\u0101r\u0101 cena: 490 \u20ac \u0100r\u0113j\u0101 ap\u0161uvuma d\u0113\u013ci no smalki z\u0101\u0123\u0113ta \u0113vel\u0113ta koka Mas\u012bvs r\u0101mis Augstas kvalit\u0101tes pake\u0161u logi (2 gab.) Icopal bitumena iztur\u012bgs jumta seguma materi\u0101ls Koka salmu [...]<\/p>","protected":false},"featured_media":14446,"template":"","meta":{"_acf_changed":false,"rank_math_lock_modified_date":false,"site-sidebar-layout":"default","site-content-layout":"default","ast-site-content-layout":"default","site-content-style":"default","site-sidebar-style":"default","ast-global-header-display":"","ast-banner-title-visibility":"","ast-main-header-display":"","ast-hfb-above-header-display":"","ast-hfb-below-header-display":"","ast-hfb-mobile-header-display":"","site-post-title":"","ast-breadcrumbs-content":"","ast-featured-img":"","footer-sml-layout":"","theme-transparent-header-meta":"default","adv-header-id-meta":"","stick-header-meta":"default","header-above-stick-meta":"","header-main-stick-meta":"","header-below-stick-meta":"","astra-migrate-meta-layouts":"set","ast-page-background-enabled":"default","ast-page-background-meta":{"desktop":{"background-color":"var(--ast-global-color-4)","background-image":"","background-repeat":"repeat","background-position":"center center","background-size":"auto","background-attachment":"scroll","background-type":"","background-media":"","overlay-type":"","overlay-color":"","overlay-opacity":"","overlay-gradient":""},"tablet":{"background-color":"","background-image":"","background-repeat":"repeat","background-position":"center center","background-size":"auto","background-attachment":"scroll","background-type":"","background-media":"","overlay-type":"","overlay-color":"","overlay-opacity":"","overlay-gradient":""},"mobile":{"background-color":"","background-image":"","background-repeat":"repeat","background-position":"center center","background-size":"auto","background-attachment":"scroll","background-type":"","background-media":"","overlay-type":"","overlay-color":"","overlay-opacity":"","overlay-gradient":""}},"ast-content-background-meta":{"desktop":{"background-color":"var(--ast-global-color-5)","background-image":"","background-repeat":"repeat","background-position":"center center","background-size":"auto","background-attachment":"scroll","background-type":"","background-media":"","overlay-type":"","overlay-color":"","overlay-opacity":"","overlay-gradient":""},"tablet":{"background-color":"var(--ast-global-color-5)","background-image":"","background-repeat":"repeat","background-position":"center center","background-size":"auto","background-attachment":"scroll","background-type":"","background-media":"","overlay-type":"","overlay-color":"","overlay-opacity":"","overlay-gradient":""},"mobile":{"background-color":"var(--ast-global-color-5)","background-image":"","background-repeat":"repeat","background-position":"center center","background-size":"auto","background-attachment":"scroll","background-type":"","background-media":"","overlay-type":"","overlay-color":"","overlay-opacity":"","overlay-gradient":""}}},"product_cat":[98],"product_tag":[],"class_list":{"0":"post-11429","1":"product","2":"type-product","3":"status-publish","4":"has-post-thumbnail","6":"product_cat-muud-tooted","7":"product_shipping_class-tava","8":"desktop-align-center","9":"tablet-align-left","10":"mobile-align-left","11":"ast-product-gallery-layout-horizontal-slider","12":"ast-product-single-variable","13":"ast-product-tabs-layout-horizontal","15":"first","16":"onbackorder","17":"taxable","18":"shipping-taxable","19":"purchasable","20":"product-type-variable"},"acf":[],"_links":{"self":[{"href":"https:\/\/valikaimlad.ee\/lv\/wp-json\/wp\/v2\/product\/11429"}],"collection":[{"href":"https:\/\/valikaimlad.ee\/lv\/wp-json\/wp\/v2\/product"}],"about":[{"href":"https:\/\/valikaimlad.ee\/lv\/wp-json\/wp\/v2\/types\/product"}],"version-history":[{"count":59,"href":"https:\/\/valikaimlad.ee\/lv\/wp-json\/wp\/v2\/product\/11429\/revisions"}],"predecessor-version":[{"id":15897,"href":"https:\/\/valikaimlad.ee\/lv\/wp-json\/wp\/v2\/product\/11429\/revisions\/15897"}],"wp:featuredmedia":[{"embeddable":true,"href":"https:\/\/valikaimlad.ee\/lv\/wp-json\/wp\/v2\/media\/14446"}],"wp:attachment":[{"href":"https:\/\/valikaimlad.ee\/lv\/wp-json\/wp\/v2\/media?parent=11429"}],"wp:term":[{"taxonomy":"product_cat","embeddable":true,"href":"https:\/\/valikaimlad.ee\/lv\/wp-json\/wp\/v2\/product_cat?post=11429"},{"taxonomy":"product_tag","embeddable":true,"href":"https:\/\/valikaimlad.ee\/lv\/wp-json\/wp\/v2\/product_tag?post=11429"}],"curies":[{"name":"wp","href":"https:\/\/api.w.org\/{rel}","templated":true}]}}