{"id":11146,"date":"2023-09-18T16:17:46","date_gmt":"2023-09-18T13:17:46","guid":{"rendered":"https:\/\/valikaimlad.ee\/?page_id=11146"},"modified":"2026-04-10T20:42:28","modified_gmt":"2026-04-10T17:42:28","slug":"esto-jarelmaks-ja-esto-3","status":"publish","type":"page","link":"https:\/\/valikaimlad.ee\/lv\/esto-jarelmaks-un-esto-3\/","title":{"rendered":"ESTO J\u00e4relmaks un Esto 3"},"content":{"rendered":"<div data-elementor-type=\"wp-page\" data-elementor-id=\"11146\" class=\"elementor elementor-11146\" data-elementor-post-type=\"page\">\n\t\t\t\t\t\t<section class=\"elementor-section elementor-top-section elementor-element elementor-element-7732a2ec elementor-section-boxed elementor-section-height-default elementor-section-height-default\" data-id=\"7732a2ec\" data-element_type=\"section\">\n\t\t\t\t\t\t<div class=\"elementor-container elementor-column-gap-default\">\n\t\t\t\t\t<div class=\"elementor-column elementor-col-100 elementor-top-column elementor-element elementor-element-2a6068bb\" data-id=\"2a6068bb\" data-element_type=\"column\">\n\t\t\t<div class=\"elementor-widget-wrap elementor-element-populated\">\n\t\t\t\t\t\t<div class=\"elementor-element elementor-element-f293d95 elementor-widget elementor-widget-image\" data-id=\"f293d95\" data-element_type=\"widget\" data-widget_type=\"image.default\">\n\t\t\t\t<div class=\"elementor-widget-container\">\n\t\t\t<style>\/*! elementor - v3.23.0 - 05-08-2024 *\/\n.elementor-widget-image{text-align:center}.elementor-widget-image a{display:inline-block}.elementor-widget-image a img[src$=\".svg\"]{width:48px}.elementor-widget-image img{vertical-align:middle;display:inline-block}<\/style>\t\t\t\t\t\t\t\t\t\t<img fetchpriority=\"high\" decoding=\"async\" width=\"1024\" height=\"765\" src=\"https:\/\/valikaimlad.ee\/wp-content\/uploads\/2026\/04\/Valikaimla-1024x765.png\" class=\"attachment-large size-large wp-image-15727\" alt=\"\" srcset=\"https:\/\/valikaimlad.ee\/wp-content\/uploads\/2026\/04\/Valikaimla-1024x765.png 1024w, https:\/\/valikaimlad.ee\/wp-content\/uploads\/2026\/04\/Valikaimla-1200x896.png 1200w, https:\/\/valikaimlad.ee\/wp-content\/uploads\/2026\/04\/Valikaimla-300x224.png 300w, https:\/\/valikaimlad.ee\/wp-content\/uploads\/2026\/04\/Valikaimla-768x573.png 768w, https:\/\/valikaimlad.ee\/wp-content\/uploads\/2026\/04\/Valikaimla-1536x1147.png 1536w, https:\/\/valikaimlad.ee\/wp-content\/uploads\/2026\/04\/Valikaimla-2048x1529.png 2048w, https:\/\/valikaimlad.ee\/wp-content\/uploads\/2026\/04\/Valikaimla-16x12.png 16w\" sizes=\"(max-width: 1024px) 100vw, 1024px\" \/>\t\t\t\t\t\t\t\t\t\t\t\t\t<\/div>\n\t\t\t\t<\/div>\n\t\t\t\t<div class=\"elementor-element elementor-element-10d82962 elementor-widget elementor-widget-text-editor\" data-id=\"10d82962\" data-element_type=\"widget\" data-widget_type=\"text-editor.default\">\n\t\t\t\t<div class=\"elementor-widget-container\">\n\t\t\t<style>\/*! elementor - v3.23.0 - 05-08-2024 *\/\n.elementor-widget-text-editor.elementor-drop-cap-view-stacked .elementor-drop-cap{background-color:#69727d;color:#fff}.elementor-widget-text-editor.elementor-drop-cap-view-framed .elementor-drop-cap{color:#69727d;border:3px solid;background-color:transparent}.elementor-widget-text-editor:not(.elementor-drop-cap-view-default) .elementor-drop-cap{margin-top:8px}.elementor-widget-text-editor:not(.elementor-drop-cap-view-default) .elementor-drop-cap-letter{width:1em;height:1em}.elementor-widget-text-editor .elementor-drop-cap{float:left;text-align:center;line-height:1;font-size:50px}.elementor-widget-text-editor .elementor-drop-cap-letter{display:inline-block}<\/style>\t\t\t\t<p><!-- wp:columns --><\/p>\n<div>\n<p><!-- wp:column {\"verticalAlignment\":\"center\",\"width\":\"1140px\"} --><\/p>\n<div style=\"flex-basis: 1140px;\">\n<p><!-- wp:spacer {\"className\":\"spacer-column\"} --><\/p>\n<p><!-- \/wp:spacer --><!-- wp:heading --><\/p>\n<h2><br \/><br \/><img decoding=\"async\" src=\"https:\/\/valikaimlad.ee\/wp-content\/uploads\/2023\/09\/Copy-of-ESTO_hp_EE-1-1024x640.png\" alt=\"Esto J\u00e4relmaks logo\" width=\"200\" height=\"125\" \/><\/h2>\n<p><!-- \/wp:heading --><!-- wp:image {\"id\":14267,\"sizeSlug\":\"full\",\"linkDestination\":\"none\",\"align\":\"center\"} --><\/p>\n<figure><\/figure>\n<p><!-- \/wp:image --><!-- wp:paragraph --><\/p>\n<p><strong style=\"font-size: 16px;\">ESTO maks\u0101jumi pa da\u013c\u0101m ir elast\u012bgs maks\u0101jumu risin\u0101jums, kas \u013cauj \u0113rti sadal\u012bt maks\u0101jumu ikm\u0113ne\u0161a maks\u0101jumos. \u0112rti sadaliet pirkuma summu jums piem\u0113rot\u0101 laikposm\u0101. Veicot pirkumu, j\u016bs varat izv\u0113l\u0113ties periodu un iemaksas summu, izv\u0113loties ESTO maks\u0101jumus pa da\u013c\u0101m kas\u0113.<\/strong><\/p>\n<div>\n<div>\n<p><!-- \/wp:paragraph --><\/p>\n<\/div>\n<p><!-- \/wp:column --><\/p>\n<\/div>\n<p><!-- \/wp:columns --><!-- wp:paragraph --><\/p>\n<p><strong>K\u0101 izmantot ESTO pirkumu uz nomaksu? <\/strong><\/p>\n<p><!-- \/wp:paragraph --><!-- wp:list --><\/p>\n<ol>\n<li style=\"list-style-type: none;\">\n<ol><!-- wp:list-item --><\/ol>\n<\/li>\n<\/ol>\n<ol>\n<li style=\"list-style-type: none;\">\n<ol>\n<li>Pievienot nepiecie\u0161amos produktus iepirkumu groz\u0101.<\/li>\n<li>Izv\u0113l\u0113ties ESTO iemaksu k\u0101 maks\u0101\u0161anas veidu pie kases.<\/li>\n<li>Izv\u0113lieties v\u0113lamo atmaksas periodu no 3 l\u012bdz 60 m\u0113ne\u0161iem.<\/li>\n<li>Sa\u0146emiet l\u0113mumu re\u0101laj\u0101 laik\u0101.<\/li>\n<li>Ja l\u0113mums ir pozit\u012bvs, digit\u0101li parakstiet l\u012bgumu, izmantojot savu ID karti, Smart-ID vai Mobile-ID.<\/li>\n<\/ol>\n<\/li>\n<\/ol>\n<p><img decoding=\"async\" src=\"https:\/\/valikaimlad.ee\/wp-content\/uploads\/2025\/04\/HP_EE.png\" alt=\"\" \/><br \/><br \/><br \/><\/p>\n<p><!-- \/wp:list-item --><!-- wp:list-item --><\/p>\n<p><!-- \/wp:list-item --><!-- wp:list-item --><\/p>\n<p><!-- \/wp:list-item --><!-- wp:list-item --><\/p>\n<p><!-- \/wp:list-item --><!-- wp:list-item --><\/p>\n<p><!-- \/wp:list-item --><\/p>\n<p><!-- \/wp:list --><!-- wp:paragraph --><\/p>\n<hr \/><\/div>\n<\/div>\n<p><!-- \/wp:spacer --><!-- wp:columns --><\/p>\n<div>\n<p><!-- wp:column {\"verticalAlignment\":\"center\",\"width\":\"1140px\"} --><\/p>\n<div style=\"flex-basis: 1140px;\">\n<p><!-- wp:heading --><\/p>\n<h2><br \/><img decoding=\"async\" src=\"https:\/\/valikaimlad.ee\/wp-content\/uploads\/2023\/09\/Copy-of-ESTO_3_EE-1-1024x394.png\" alt=\"Eso 3\" width=\"223\" height=\"86\" \/><\/h2>\n<p><!-- \/wp:paragraph --><!-- wp:paragraph --><\/p>\n<p><strong style=\"font-size: 16px;\">ESTO 3 ir popul\u0101r\u0101k\u0101 jaun\u0101s paaudzes maks\u0101jumu metode. \u0112rti sadaliet pirkuma summu 3 vien\u0101d\u0101s da\u013c\u0101s. Sa\u0146emiet tie\u0161i to, kas jums nepiecie\u0161ams, bez procentiem, papildu maks\u0101jumiem un depoz\u012btiem.<\/strong><\/p>\n<p><!-- \/wp:heading --><!-- wp:image {\"id\":14268,\"sizeSlug\":\"full\",\"linkDestination\":\"none\",\"align\":\"center\"} --><\/p>\n<p><!-- \/wp:paragraph --><!-- wp:list --><\/p>\n<ol>\n<li style=\"list-style-type: none;\">\n<ol><!-- wp:list-item --><\/ol>\n<\/li>\n<\/ol>\n<p><strong>K\u0100 TAS DARBOJAS?<\/strong><\/p>\n<ol>\n<li style=\"list-style-type: none;\">\n<ol>\n<li>Pievienot nepiecie\u0161amos produktus iepirkumu groz\u0101.<\/li>\n<li>Kas\u0113 k\u0101 maks\u0101juma metodi izv\u0113lieties ESTO 3.<\/li>\n<li>Sa\u0146emiet l\u0113mumu re\u0101laj\u0101 laik\u0101.<\/li>\n<li>Ja l\u0113mums ir pozit\u012bvs, apstipriniet pirkumu.<\/li>\n<li>ESTO nos\u016bt\u012bs pirmo r\u0113\u0137inu n\u0101kam\u0101 m\u0113ne\u0161a 15. datum\u0101.<\/li>\n<\/ol>\n<\/li>\n<\/ol>\n<p><img decoding=\"async\" src=\"https:\/\/valikaimlad.ee\/wp-content\/uploads\/2025\/04\/ESTO-3-1.png\" alt=\"\" \/><\/p>\n<hr \/>\n<p><!-- \/wp:list-item --><!-- wp:list-item --><\/p>\n<p><!-- \/wp:list-item --><!-- wp:list-item --><\/p>\n<p><!-- \/wp:list-item --><!-- wp:list-item --><\/p>\n<p><!-- \/wp:list-item --><!-- wp:list-item --><\/p>\n<p><br \/><br \/><br \/><br \/><br \/>Finan\u0161u pakalpojumu sniedz ESTO AS. Pirms l\u012bguma parakst\u012b\u0161anas jums vajadz\u0113tu izlas\u012bt noteikumus un nosac\u012bjumus un vajadz\u012bbas gad\u012bjum\u0101 konsult\u0113ties ar profesion\u0101li. Lai ieg\u016btu vair\u0101k inform\u0101cijas, apmekl\u0113jiet t\u012bmek\u013ca vietni www.esto.ee.<\/p>\n<p><strong>\u00a0<\/strong><\/p>\n<p><strong>KAS IR ESTO?<br \/><\/strong>ESTO ir v\u0113lamais maks\u0101jumu risin\u0101jumu sniedz\u0113js Baltij\u0101, kas revolucioniz\u0113 veidu, k\u0101 tirgot\u0101ji p\u0101rdod un pat\u0113r\u0113t\u0101ji p\u0113rk. ESTO ir gandr\u012bz 500 000 akt\u012bvu klientu un vair\u0101k nek\u0101 3000 partnerveikalu vis\u0101 Baltij\u0101. ESTO misija ir pal\u012bdz\u0113t partneriem p\u0101rdot un klientiem pirkt.<\/p>\n<p>Ja nepiecie\u0161ama pal\u012bdz\u012bba, sazinieties ar ESTO AS darbinieku, rakstot uz info@esto.ee vai apmekl\u0113jiet. <a href=\"https:\/\/esto.eu\/ee\/kliendile-klienditugi\" target=\"_blank\" rel=\"noopener\">https:\/\/esto.eu\/ee\/kliendile-klienditugi<\/a>.<\/p>\n<p><!-- \/wp:paragraph --><!-- wp:spacer {\"height\":\"40px\",\"className\":\"spacer-column\"} --><\/p>\n<div style=\"height: 40px;\" aria-hidden=\"true\">\u00a0<\/div>\n<p><!-- \/wp:spacer --><\/p>\n<\/div>\n<p><!-- \/wp:column --><\/p>\n<\/div>\n<p><!-- \/wp:columns --><\/p>\t\t\t\t\t\t<\/div>\n\t\t\t\t<\/div>\n\t\t\t\t\t<\/div>\n\t\t<\/div>\n\t\t\t\t\t<\/div>\n\t\t<\/section>\n\t\t\t\t<\/div>","protected":false},"excerpt":{"rendered":"<p>ESTO maks\u0101jumi pa da\u013c\u0101m ir elast\u012bgs maks\u0101jumu risin\u0101jums, kas \u013cauj \u0113rti sadal\u012bt maks\u0101jumu ikm\u0113ne\u0161a maks\u0101jumos. \u0112rti sadaliet pirkuma summu jums piem\u0113rot\u0101 laikposm\u0101. Veicot pirkumu, j\u016bs varat izv\u0113l\u0113ties periodu un iemaksas summu, izv\u0113loties ESTO maks\u0101jumus pa da\u013c\u0101m kas\u0113. K\u0101 izmantot ESTO maks\u0101jumu pa da\u013c\u0101m pl\u0101nu? ESTO 3 ir popul\u0101r\u0101k\u0101 jaun\u0101s paaudzes maks\u0101jumu metode. \u0112rti sadaliet pirkuma summu 3 vien\u0101d\u0101s da\u013c\u0101s. Ieg\u016bstiet tie\u0161i to, kas jums nepiecie\u0161ams, bez procentiem, [...]<\/p>","protected":false},"author":2,"featured_media":0,"parent":0,"menu_order":0,"comment_status":"closed","ping_status":"closed","template":"","meta":{"_acf_changed":false,"rank_math_lock_modified_date":false,"site-sidebar-layout":"default","site-content-layout":"","ast-site-content-layout":"default","site-content-style":"default","site-sidebar-style":"default","ast-global-header-display":"","ast-banner-title-visibility":"","ast-main-header-display":"","ast-hfb-above-header-display":"","ast-hfb-below-header-display":"","ast-hfb-mobile-header-display":"","site-post-title":"disabled","ast-breadcrumbs-content":"","ast-featured-img":"","footer-sml-layout":"","theme-transparent-header-meta":"","adv-header-id-meta":"","stick-header-meta":"","header-above-stick-meta":"","header-main-stick-meta":"","header-below-stick-meta":"","astra-migrate-meta-layouts":"set","ast-page-background-enabled":"default","ast-page-background-meta":{"desktop":{"background-color":"var(--ast-global-color-4)","background-image":"","background-repeat":"repeat","background-position":"center center","background-size":"auto","background-attachment":"scroll","background-type":"","background-media":"","overlay-type":"","overlay-color":"","overlay-opacity":"","overlay-gradient":""},"tablet":{"background-color":"","background-image":"","background-repeat":"repeat","background-position":"center center","background-size":"auto","background-attachment":"scroll","background-type":"","background-media":"","overlay-type":"","overlay-color":"","overlay-opacity":"","overlay-gradient":""},"mobile":{"background-color":"","background-image":"","background-repeat":"repeat","background-position":"center center","background-size":"auto","background-attachment":"scroll","background-type":"","background-media":"","overlay-type":"","overlay-color":"","overlay-opacity":"","overlay-gradient":""}},"ast-content-background-meta":{"desktop":{"background-color":"var(--ast-global-color-5)","background-image":"","background-repeat":"repeat","background-position":"center center","background-size":"auto","background-attachment":"scroll","background-type":"","background-media":"","overlay-type":"","overlay-color":"","overlay-opacity":"","overlay-gradient":""},"tablet":{"background-color":"var(--ast-global-color-5)","background-image":"","background-repeat":"repeat","background-position":"center center","background-size":"auto","background-attachment":"scroll","background-type":"","background-media":"","overlay-type":"","overlay-color":"","overlay-opacity":"","overlay-gradient":""},"mobile":{"background-color":"var(--ast-global-color-5)","background-image":"","background-repeat":"repeat","background-position":"center center","background-size":"auto","background-attachment":"scroll","background-type":"","background-media":"","overlay-type":"","overlay-color":"","overlay-opacity":"","overlay-gradient":""}},"footnotes":""},"class_list":["post-11146","page","type-page","status-publish","hentry"],"acf":[],"_links":{"self":[{"href":"https:\/\/valikaimlad.ee\/lv\/wp-json\/wp\/v2\/pages\/11146"}],"collection":[{"href":"https:\/\/valikaimlad.ee\/lv\/wp-json\/wp\/v2\/pages"}],"about":[{"href":"https:\/\/valikaimlad.ee\/lv\/wp-json\/wp\/v2\/types\/page"}],"author":[{"embeddable":true,"href":"https:\/\/valikaimlad.ee\/lv\/wp-json\/wp\/v2\/users\/2"}],"replies":[{"embeddable":true,"href":"https:\/\/valikaimlad.ee\/lv\/wp-json\/wp\/v2\/comments?post=11146"}],"version-history":[{"count":44,"href":"https:\/\/valikaimlad.ee\/lv\/wp-json\/wp\/v2\/pages\/11146\/revisions"}],"predecessor-version":[{"id":15805,"href":"https:\/\/valikaimlad.ee\/lv\/wp-json\/wp\/v2\/pages\/11146\/revisions\/15805"}],"wp:attachment":[{"href":"https:\/\/valikaimlad.ee\/lv\/wp-json\/wp\/v2\/media?parent=11146"}],"curies":[{"name":"wp","href":"https:\/\/api.w.org\/{rel}","templated":true}]}}