{"id":6135,"date":"2023-03-03T00:40:18","date_gmt":"2023-03-02T22:40:18","guid":{"rendered":"https:\/\/valikaimlad.ee\/?page_id=6135"},"modified":"2024-04-17T08:14:01","modified_gmt":"2024-04-17T05:14:01","slug":"muugitingimused","status":"publish","type":"page","link":"https:\/\/valikaimlad.ee\/fi\/muut-ehdot-ja-edellytykset\/","title":{"rendered":"Myyntiehdot"},"content":{"rendered":"<div data-elementor-type=\"wp-page\" data-elementor-id=\"6135\" class=\"elementor elementor-6135\" data-elementor-post-type=\"page\">\n\t\t\t\t\t\t<section class=\"elementor-section elementor-top-section elementor-element elementor-element-7e4e8877 elementor-section-boxed elementor-section-height-default elementor-section-height-default\" data-id=\"7e4e8877\" data-element_type=\"section\">\n\t\t\t\t\t\t<div class=\"elementor-container elementor-column-gap-default\">\n\t\t\t\t\t<div class=\"elementor-column elementor-col-100 elementor-top-column elementor-element elementor-element-217a4cf\" data-id=\"217a4cf\" data-element_type=\"column\">\n\t\t\t<div class=\"elementor-widget-wrap elementor-element-populated\">\n\t\t\t\t\t\t<div class=\"elementor-element elementor-element-4a92d05 elementor-widget elementor-widget-spacer\" data-id=\"4a92d05\" data-element_type=\"widget\" data-widget_type=\"spacer.default\">\n\t\t\t\t<div class=\"elementor-widget-container\">\n\t\t\t<style>\/*! elementor - v3.23.0 - 05-08-2024 *\/\n.elementor-column .elementor-spacer-inner{height:var(--spacer-size)}.e-con{--container-widget-width:100%}.e-con-inner>.elementor-widget-spacer,.e-con>.elementor-widget-spacer{width:var(--container-widget-width,var(--spacer-size));--align-self:var(--container-widget-align-self,initial);--flex-shrink:0}.e-con-inner>.elementor-widget-spacer>.elementor-widget-container,.e-con>.elementor-widget-spacer>.elementor-widget-container{height:100%;width:100%}.e-con-inner>.elementor-widget-spacer>.elementor-widget-container>.elementor-spacer,.e-con>.elementor-widget-spacer>.elementor-widget-container>.elementor-spacer{height:100%}.e-con-inner>.elementor-widget-spacer>.elementor-widget-container>.elementor-spacer>.elementor-spacer-inner,.e-con>.elementor-widget-spacer>.elementor-widget-container>.elementor-spacer>.elementor-spacer-inner{height:var(--container-widget-height,var(--spacer-size))}.e-con-inner>.elementor-widget-spacer.elementor-widget-empty,.e-con>.elementor-widget-spacer.elementor-widget-empty{position:relative;min-height:22px;min-width:22px}.e-con-inner>.elementor-widget-spacer.elementor-widget-empty .elementor-widget-empty-icon,.e-con>.elementor-widget-spacer.elementor-widget-empty .elementor-widget-empty-icon{position:absolute;top:0;bottom:0;left:0;right:0;margin:auto;padding:0;width:22px;height:22px}<\/style>\t\t<div class=\"elementor-spacer\">\n\t\t\t<div class=\"elementor-spacer-inner\"><\/div>\n\t\t<\/div>\n\t\t\t\t<\/div>\n\t\t\t\t<\/div>\n\t\t\t\t<div class=\"elementor-element elementor-element-1d6bf7a elementor-widget elementor-widget-heading\" data-id=\"1d6bf7a\" data-element_type=\"widget\" data-widget_type=\"heading.default\">\n\t\t\t\t<div class=\"elementor-widget-container\">\n\t\t\t<style>\/*! elementor - v3.23.0 - 05-08-2024 *\/\n.elementor-heading-title{padding:0;margin:0;line-height:1}.elementor-widget-heading .elementor-heading-title[class*=elementor-size-]>a{color:inherit;font-size:inherit;line-height:inherit}.elementor-widget-heading .elementor-heading-title.elementor-size-small{font-size:15px}.elementor-widget-heading .elementor-heading-title.elementor-size-medium{font-size:19px}.elementor-widget-heading .elementor-heading-title.elementor-size-large{font-size:29px}.elementor-widget-heading .elementor-heading-title.elementor-size-xl{font-size:39px}.elementor-widget-heading .elementor-heading-title.elementor-size-xxl{font-size:59px}<\/style><h2 class=\"elementor-heading-title elementor-size-default\">Myyntiehdot<\/h2>\t\t<\/div>\n\t\t\t\t<\/div>\n\t\t\t\t<div class=\"elementor-element elementor-element-74f10c30 elementor-widget elementor-widget-text-editor\" data-id=\"74f10c30\" data-element_type=\"widget\" data-widget_type=\"text-editor.default\">\n\t\t\t\t<div class=\"elementor-widget-container\">\n\t\t\t<style>\/*! elementor - v3.23.0 - 05-08-2024 *\/\n.elementor-widget-text-editor.elementor-drop-cap-view-stacked .elementor-drop-cap{background-color:#69727d;color:#fff}.elementor-widget-text-editor.elementor-drop-cap-view-framed .elementor-drop-cap{color:#69727d;border:3px solid;background-color:transparent}.elementor-widget-text-editor:not(.elementor-drop-cap-view-default) .elementor-drop-cap{margin-top:8px}.elementor-widget-text-editor:not(.elementor-drop-cap-view-default) .elementor-drop-cap-letter{width:1em;height:1em}.elementor-widget-text-editor .elementor-drop-cap{float:left;text-align:center;line-height:1;font-size:50px}.elementor-widget-text-editor .elementor-drop-cap-letter{display:inline-block}<\/style>\t\t\t\t<p><!-- wp:heading --><\/p>\n<ol>\n<li><strong> Myyntiehtojen voimassaolo<\/strong><\/li>\n<\/ol>\n<p>1.1 Verkkokaupan omistaja on WOHOM O\u00dc (rekister\u00f6intitunnus 10532666), joka sijaitsee osoitteessa Saare, S\u00f5resten kyl\u00e4 Kanepin seurakunta P\u00f5lvamaa 63121, Viron tasavalta.<\/p>\n<p>1.2 Myyntiehdot koskevat osoitteessa https:\/\/www. valikaimlad.ee, WOHOM O\u00dc, sijaitsevan ostoymp\u00e4rist\u00f6n (j\u00e4ljemp\u00e4n\u00e4 Verkkokauppa) omistajan (j\u00e4ljemp\u00e4n\u00e4 Myyj\u00e4) ja asiakkaan (j\u00e4ljemp\u00e4n\u00e4 Asiakas) v\u00e4list\u00e4 tavaroiden ja palveluiden ostoa.\u00a0<\/p>\n<p>1.3 Tekem\u00e4ll\u00e4 ostoksen t\u00e4ll\u00e4 sivustolla asiakas vahvistaa hyv\u00e4ksyv\u00e4ns\u00e4 seuraavat myyntiehdot.<\/p>\n<p>1.4 N\u00e4iden ehtojen lis\u00e4ksi verkkokaupasta ostetuista tuotteista syntyviin oikeussuhteisiin sovelletaan velvoiteoikeuslakia (j\u00e4ljemp\u00e4n\u00e4 LOA), kuluttajansuojalakia (j\u00e4ljemp\u00e4n\u00e4 CPA) ja muuta Viron tasavallassa voimassa olevaa lains\u00e4\u00e4d\u00e4nt\u00f6\u00e4.<\/p>\n<p>1.5 WOHOM O\u00dc pid\u00e4tt\u00e4\u00e4 oikeuden tehd\u00e4 muutoksia myyntiehtoihin. T\u00e4llaiset muutokset n\u00e4kyv\u00e4t verkkosivustolla www.valikaimlad.ee.<\/p>\n<p>\u00a0<\/p>\n<ol start=\"2\">\n<li><strong> Hintatiedot<\/strong><\/li>\n<\/ol>\n<p>2.1 Kaikki verkkokaupassa ilmoitetut hinnat ovat eurom\u00e4\u00e4r\u00e4isi\u00e4 ja sis\u00e4lt\u00e4v\u00e4t arvonlis\u00e4veron.<\/p>\n<p>2.2 Hinnat eiv\u00e4t sis\u00e4ll\u00e4 toimitus- tai asennuskustannuksia.<\/p>\n<p>2.3 Tavaroiden toimituskustannukset ilmoitetaan ostoskorissa, kun ostetaan joitakin tavaroita, mutta t\u00e4m\u00e4 tieto voi puuttua tavaroiden erityisluonteen vuoksi. Tavaroiden toimituskustannukset t\u00e4smennet\u00e4\u00e4n ja vahvistetaan Myyj\u00e4n ja Asiakkaan v\u00e4lill\u00e4, kun tilaus on tehty.\u00a0<\/p>\n<p>\u00a0<\/p>\n<ol start=\"3\">\n<li><strong> Tuotteet\u00a0<\/strong><\/li>\n<\/ol>\n<p>3.1 Verkkokaupassa esitetyt tuotteet valmistetaan tai kootaan asiakkaan tilauksen mukaisesti WOHOM O\u00dc:n tiloissa. N\u00e4iden tuotteiden saatavuus taataan kohtuullisissa m\u00e4\u00e4riss\u00e4.<\/p>\n<p>3.2 Jos k\u00e4y ilmi, ett\u00e4 toimitettua tilausta ei ole mahdollista t\u00e4ytt\u00e4\u00e4 verkkokaupassa ilmoitetussa toimitusajassa, asiakkaaseen otetaan yhteytt\u00e4 ja tarjotaan nopeinta mahdollista ratkaisua. Jos asiakas ei hyv\u00e4ksy ehdotettua ratkaisua, asiakkaalle palautetaan koko ostosumma 14 kalenterip\u00e4iv\u00e4n kuluessa.<\/p>\n<p>3.3 Verkkokaupassa esitetyt valokuvat tuotteista ovat havainnollistavia, ja ne saattavat poiketa hieman tuotteen todellisesta ulkon\u00e4\u00f6st\u00e4. Tuotteiden v\u00e4rin, yksityiskohtien tai mekanismin pienet vaihtelut ovat asiakkaan vastuulla, kun h\u00e4n tilaa tuotteita verkkokaupasta.\u00a0<\/p>\n<p>3.4.Verkkokaupassa esitettyjen tuotteiden valokuvat, videot ja kuvitukset ovat WOHOM O\u00dc:n omaisuutta, eik\u00e4 niit\u00e4 saa kopioida tai esitt\u00e4\u00e4 muissa kanavissa ilman WOHOM O\u00dc:n kirjallista lupaa.<\/p>\n<p>\u00a0<\/p>\n<ol start=\"4\">\n<li><strong>Ehdot ja edellytykset<\/strong><\/li>\n<\/ol>\n<p>4.1. Asiakas kokoaa haluamansa tuotteen verkkokaupassa ohjeiden mukaisesti ja lis\u00e4\u00e4 sen ostoskoriin klikkaamalla \"Osta\"-painiketta.<\/p>\n<p>4.2 Tilauksen tekemist\u00e4 varten asiakkaan on siirrytt\u00e4v\u00e4 ostoskorisivulle, tarkistettava ostoksen sopivuus ja napsautettava \"Siirry maksuun\" -painiketta.<\/p>\n<p>4.3. Vahvistaaksesi tilauksen sinun on sy\u00f6tett\u00e4v\u00e4 vaaditut oikeat tiedot, tarkistettava niiden oikeellisuus ja napsautettava \"Jatka\"-painiketta. Jos tuotteen toimitusta koskevat tiedot tulevat n\u00e4kyviin, Asiakas valitsee sopivan toimitusvaihtoehdon.<\/p>\n<p>4.4 Asiakas vahvistaa tilauksen ja maksaa koko tilauksen Myyj\u00e4n tarjoamissa maksuymp\u00e4rist\u00f6iss\u00e4. Asiakkaan on ennen maksua tarkistettava, ett\u00e4 tilauksessa ilmoitetut tuotteet, m\u00e4\u00e4r\u00e4t ja hinnat vastaavat Asiakkaan todellisia tarpeita.<\/p>\n<p>4.5. Sinun on valittava jokin seuraavista maksutavoista tehdess\u00e4si ostoksen:<\/p>\n<ul>\n<li><strong>Laskulla<\/strong><\/li>\n<li><strong>Maksa pankkiin<\/strong><\/li>\n<li><strong>Esto verojen j\u00e4lkeen<\/strong><\/li>\n<li><strong>Esto 3<\/strong><\/li>\n<li><strong>Pankin sis\u00e4inen maksuer\u00e4<\/strong><\/li>\n<\/ul>\n<p>4.6 Kun ostosumma on maksettu, verkkokauppa l\u00e4hett\u00e4\u00e4 tilausvahvistuksen asiakkaalle ja myyj\u00e4lle s\u00e4hk\u00f6postitse.\u00a0<\/p>\n<p>4.7 Myyj\u00e4 ei ole vastuussa siit\u00e4, ett\u00e4 tilausta ei voida t\u00e4ytt\u00e4\u00e4 Asiakkaan antamien virheellisten tietojen vuoksi, eik\u00e4 mist\u00e4\u00e4n niiden seurauksista.<\/p>\n<p>\u00a0<\/p>\n<ol start=\"5\">\n<li><strong> Maksutavat<\/strong><\/li>\n<\/ol>\n<p>5.1. Pankin maksuja v\u00e4litt\u00e4\u00e4 Montonio Finance. Maksu suoritetaan verkkokaupan ulkopuolella suojatussa ymp\u00e4rist\u00f6ss\u00e4 - pankkisiirrolla maksettaessa kyseisen pankin suojatussa ymp\u00e4rist\u00f6ss\u00e4 ja luottokortilla maksettaessa Montonio Financen suojatussa ymp\u00e4rist\u00f6ss\u00e4. Sopimus tulee voimaan p\u00e4iv\u00e4n\u00e4, jona maksettava summa on saapunut verkkokaupan k\u00e4ytt\u00f6tilille.<br \/>Virolaiset pankit: Swedbank, SEB, Luminor, LHV, Coop Pank, Visa\/Mastercard.<br \/>5.2. Esto osamaksukauppa ja Esto 3 (maksu kolmessa er\u00e4ss\u00e4) voidaan k\u00e4ytt\u00e4\u00e4 tavaroiden maksamiseen.<br \/>Montonion avulla on mahdollista saada osamaksutarjous useilta luotonantajilta yhdell\u00e4 hakemuksella ja valita sinulle parhaiten sopiva. Jos haluat hakea osamaksua, valitse maksutavaksi Esto osamaksu, t\u00e4yt\u00e4 luottohakemus ja allekirjoita halutessasi sopimus luotonantajan kanssa.<br \/>5.3 Verkkokaupan omistaja on henkil\u00f6tietojen rekisterinpit\u00e4j\u00e4 ja v\u00e4litt\u00e4\u00e4 maksujen suorittamiseksi tarvittavat henkil\u00f6tiedot k\u00e4sittelij\u00e4lle Montonio Finance and Esto AS:lle.<\/p>\n<p>\u00a0<\/p>\n<p>6. <b>Toimitusaika<\/b><\/p>\n<p><b>\u00a0<\/b><\/p>\n<p>6.1 Tavaran tilaamisesta ja maksun vastaanottamisesta alkaen Ostaja saa varastossa olevan tuotteen viimeist\u00e4\u00e4n 14 kalenterip\u00e4iv\u00e4n kuluessa. Toimitusaika riippuu siit\u00e4, onko tuote tilattu viimeisteltyn\u00e4 vai viimeistelem\u00e4tt\u00f6m\u00e4n\u00e4. Lyhyempi tai pidempi toimitusaika on mahdollinen etuk\u00e4teen sovittaessa. Tuotteiden, joita ei t\u00e4ll\u00e4 hetkell\u00e4 ole varastossa, toimitusaika on enint\u00e4\u00e4n 4 viikkoa tilisiirron vastaanottamisesta.<br \/>6.2 Kun maksu on hyvitetty WOHOM O\u00dc:n pankkitilille, sinuun otetaan yhteytt\u00e4 3 ty\u00f6p\u00e4iv\u00e4n kuluessa, jotta voimme sopia tavaroiden toimitus- ja vastaanottoaikataulusta.<\/p>\n<p><span style=\"font-style: inherit; background-color: var(--ast-global-color-5);\"><br \/>7.\u00a0<\/span><strong style=\"font-style: inherit; background-color: var(--ast-global-color-5);\">Toimitus osoitteeseen<\/strong><\/p>\n<p><strong style=\"font-style: inherit; background-color: var(--ast-global-color-5);\">\u00a0<\/strong><\/p>\n<p><span style=\"font-style: inherit; font-weight: inherit; background-color: var(--ast-global-color-5);\">7.1 Hinta ei sis\u00e4ll\u00e4 kuljetusta. Tilausta tehdess\u00e4si voit valita, haluatko, ett\u00e4 me kuljetamme tavarat vai haluatko noutaa ne itse.<\/span><\/p>\n<p>7.2 Verkkokaupasta ostetut tuotteet toimitetaan vain Viron tasavallan sis\u00e4ll\u00e4. Sopimuksen mukaan my\u00f6s naapurimaihin.<\/p>\n<p>7.3 Puurakenteiden ja muiden suurempien tuotteiden kuljetuksesta sovitaan asiakkaan ja myyj\u00e4n v\u00e4lill\u00e4.<\/p>\n<p>7.4 Kuljetuspalvelun hinta riippuu siit\u00e4, mihin maakuntaan haluat tilata tuotteen. Tilausta tehdess\u00e4si sinun on ilmoitettava sen paikan osoite, johon haluat verkkokaupasta tilatut tuotteet toimitettavan.<\/p>\n<p>7.5 Virossa kuljetuspalvelu tarjotaan asiakkaalle ostoskorissa m\u00e4\u00e4ritettyyn hintaan. Jos ostoskorissa ei ole toimitushintaa, siit\u00e4 sovitaan erikseen tilauksen vahvistamisen j\u00e4lkeen.  Kuljetuspalvelumaksua ei lis\u00e4t\u00e4, jos asiakas noutaa tuotteen itse Myyj\u00e4lt\u00e4.<\/p>\n<p>7.6 Kun kyseess\u00e4 ovat meilt\u00e4 kuljetuksen kanssa tilatut tuotteet, kuljetusajoneuvolla on oltava esteet\u00f6n p\u00e4\u00e4sy tuotteen purkamispaikalle. Kuorma-auton mitat.<\/p>\n<p>7.7 Jos tuote ei saavu asiakkaalle hyv\u00e4ss\u00e4 kunnossa, asiakas on velvollinen v\u00e4litt\u00f6m\u00e4sti ilmoittamaan asiasta myyj\u00e4lle l\u00e4hett\u00e4m\u00e4ll\u00e4 asiasta kirjeen ja valokuvamateriaalia s\u00e4hk\u00f6postiosoitteeseen info@valikaimlad.ee.<\/p>\n<p><span style=\"font-style: inherit; background-color: var(--ast-global-color-5);\"><br \/>8.\u00a0<\/span><strong style=\"font-style: inherit; background-color: var(--ast-global-color-5);\">Peruuttamisoikeus<\/strong><\/p>\n<p>\u00a0<\/p>\n<p><span style=\"font-style: inherit; font-weight: inherit; background-color: var(--ast-global-color-5);\">8.1 Tilauksen vastaanottamisen j\u00e4lkeen asiakkaalla on oikeus peruuttaa verkkokaupassa tehty sopimus 14 p\u00e4iv\u00e4n kuluessa, jos tilausta ei ole laadittu asiakkaan ehtojen mukaisesti. Peruuttamisoikeus ei koske tilausta, joka on laadittu Asiakkaan toimittamien ehtojen mukaisesti (LOA 53 \u00a7 (4) 2 ja 3 mom.). Peruuttamisoikeutta ei sovelleta, jos Asiakas on oikeushenkil\u00f6.<\/span><\/p>\n<p>8.2 14 p\u00e4iv\u00e4n palautusoikeuden k\u00e4ytt\u00e4miseksi tilattuja tavaroita ei saa k\u00e4ytt\u00e4\u00e4 muulla tavoin kuin on tarpeen tavaroiden luonteen, ominaisuuksien ja toiminnan selvitt\u00e4miseksi samalla tavalla kuin on sallittua tavaroiden testaamiseksi fyysisess\u00e4 myym\u00e4l\u00e4ss\u00e4. Jos tavaroita on k\u00e4ytetty muuhun kuin tavaran luonteen, ominaisuuksien ja toiminnan selvitt\u00e4miseksi tarvittavaan tarkoitukseen tai jos niiss\u00e4 on merkkej\u00e4 k\u00e4yt\u00f6st\u00e4 tai kulumisesta, myyj\u00e4ll\u00e4 on oikeus alentaa palautettavaa summaa suhteessa tavaran arvon alenemiseen. 2.8.2. Myyj\u00e4 ei voi vaatia, ett\u00e4 tavaroita palautetaan, jos ne ovat k\u00e4ytt\u00f6kelvottomia.<\/p>\n<p>8.3. Palauttaaksesi tavarat sinun on l\u00e4hetett\u00e4v\u00e4 peruutuslomake seuraavaan s\u00e4hk\u00f6postiosoitteeseen.\u00a0<u><a href=\"mailto:info@valikaimlad.ee\">info@valikaimlad.ee<\/a><\/u>\u00a0viimeist\u00e4\u00e4n 14 p\u00e4iv\u00e4n kuluessa tavaroiden vastaanottamisesta. Asiakas vastaa tavaran palauttamisesta aiheutuvista kustannuksista, ellei palautuksen syyn\u00e4 ole se, ett\u00e4 palautettava tavara ei vastaa tilattua tavaraa (esim. v\u00e4\u00e4r\u00e4 tai viallinen tavara).\u00a0<\/p>\n<p>8.4 Asiakkaan on palautettava tavarat 14 p\u00e4iv\u00e4n kuluessa hakemuksen p\u00e4iv\u00e4yksest\u00e4 tai esitett\u00e4v\u00e4 todiste siit\u00e4, ett\u00e4 h\u00e4n on luovuttanut tavarat rahdinkuljettajalle edell\u00e4 mainitun ajan kuluessa. Vastaanotettuaan palautetut tavarat verkkokauppa palauttaa asiakkaalle ilman aiheetonta viivytyst\u00e4, mutta viimeist\u00e4\u00e4n 14 p\u00e4iv\u00e4n kuluessa peruuttamispyynn\u00f6n vastaanottamisesta, kaikki asiakkaalta sopimuksen mukaisesti saadut maksut.<\/p>\n<p>8.5 Verkkokauppa voi kielt\u00e4yty\u00e4 hyvityksest\u00e4 ennen kuin se on vastaanottanut sopimuksen kohteena olevat tavarat tai ennen kuin asiakas on todistanut palauttaneensa tavarat, riippuen siit\u00e4, kumpi on aikaisempi ajankohta.\u00a0<\/p>\n<p>8.6 Jos asiakas peruuttaa tilauksen osittain, kuljetuskustannukset palautetaan suhteessa palautetun tilauksen kokonaism\u00e4\u00e4r\u00e4\u00e4n.\u00a0<\/p>\n<p>8.7 Verkkokaupalla on oikeus peruuttaa myyntitapahtuma ja vaatia asiakkaalta tavaran palauttamista, jos tavaran hinta verkkokaupassa on merkitty huomattavasti alle tavaran markkinahinnan virheen tai teknisen vian vuoksi.<\/p>\n<p><strong>\u00a0<\/strong><\/p>\n<p><span style=\"font-style: inherit; background-color: var(--ast-global-color-5);\">9.<\/span><strong style=\"font-style: inherit; background-color: var(--ast-global-color-5);\"> Valitusmenettely<\/strong><\/p>\n<p><strong style=\"font-style: inherit; background-color: var(--ast-global-color-5);\">\u00a0<\/strong><\/p>\n<p>9.1 Yksityishenkil\u00f6ille myytyihin tuotteisiin sovelletaan 2 vuoden korvausvaatimusaikaa. Myyj\u00e4 ei ole vastuussa siit\u00e4, ett\u00e4 tuote ei vastaa sopimusehtoja, jos asiakas oli tietoinen tuotteen virheellisyydest\u00e4 sopimuksen tekohetkell\u00e4. Oikeushenkil\u00f6iden osalta takuuaika on 6 kuukautta.<\/p>\n<p>9.2 Verkkokauppa vastaa yksityiselle asiakkaalle myydyn tavaran virheest\u00e4 tai puutteesta, joka oli olemassa jo tavaran toimitushetkell\u00e4 ja joka ilmenee kahden vuoden kuluessa siit\u00e4, kun tavara on toimitettu ostajalle. N\u00e4iden ensimm\u00e4isten kuuden kuukauden aikana siit\u00e4, kun tavarat on toimitettu asiakkaalle, virheen oletetaan olleen olemassa jo toimitushetkell\u00e4. Myyj\u00e4n vastuulla on kumota t\u00e4m\u00e4 olettamus.<\/p>\n<p>9.3 Jos tuotteessa on virhe tai vika, asiakas sitoutuu ilmoittamaan siit\u00e4 Myyj\u00e4lle v\u00e4litt\u00f6m\u00e4sti, kuitenkin viimeist\u00e4\u00e4n 2 kuukauden kuluessa vian ilmenemisest\u00e4, l\u00e4hett\u00e4m\u00e4ll\u00e4 yhteystietonsa, yksityiskohtaisen kuvauksen ongelmasta ja tilausnumeron s\u00e4hk\u00f6postiosoitteeseen info@valikaimlad.ee. Jos tuotteessa ilmenee vika, tuotteen k\u00e4ytt\u00f6 on lopetettava v\u00e4litt\u00f6m\u00e4sti.<\/p>\n<p>9.4 Kaikki valitukset tutkitaan ja asiakkaaseen otetaan yhteytt\u00e4 mahdollisimman pian, kuitenkin viimeist\u00e4\u00e4n 15 p\u00e4iv\u00e4n kuluessa valituksen vastaanottamisesta.<\/p>\n<p>9.5 Kuluttaja voi vedota laissa s\u00e4\u00e4dettyihin oikeussuojakeinoihin, jos tavara ei vastaa sopimusehtoja.<\/p>\n<p>9.6 Jos tuote ei ole sopimuksen ehtojen mukainen, Myyj\u00e4 vastaa tuotteen korjaamiseen tai vaihtamiseen liittyvist\u00e4 kustannuksista, erityisesti kuljetus-, posti-, ty\u00f6-, matka- ja materiaalikustannuksista.\u00a0<\/p>\n<p>9.7 Myyj\u00e4 ei ole vastuussa vahingoista, jotka aiheutuvat tilattujen tuotteiden virheellisest\u00e4 k\u00e4yt\u00f6st\u00e4, eik\u00e4 toimituksen viiv\u00e4stymisest\u00e4, jos t\u00e4m\u00e4 johtuu Myyj\u00e4n vaikutusmahdollisuuksien ulkopuolella olevista olosuhteista ja\/tai Myyj\u00e4st\u00e4 riippumattomasta ylivoimaisesta esteest\u00e4.\u00a0<\/p>\n<p>8.8 Myyj\u00e4 ei korvaa Asiakkaalle kustannuksia, joita Asiakkaalle aiheutuu Tuotteen virheellisyydest\u00e4 tai puutteista, eik\u00e4 ole vastuussa t\u00e4llaisista kustannuksista, jos:\u00a0<\/p>\n<ul>\n<li><strong>tuotteen arvo on alentunut tai tuote on vahingoittunut Asiakkaan virheest\u00e4 johtuen,\u00a0<\/strong><\/li>\n<li><strong>viat johtuvat tuotteen virheellisest\u00e4 k\u00e4yt\u00f6st\u00e4, mukaan lukien huolto-ohjeiden noudattamatta j\u00e4tt\u00e4minen,\u00a0<\/strong><\/li>\n<li><strong>tuotteen arvo on alentunut normaalin kulumisen vuoksi, eik\u00e4 ostotodistusta ole.<\/strong><\/li>\n<\/ul>\n<p>\u00a0<\/p>\n<p>10.<strong style=\"font-style: inherit; background-color: var(--ast-global-color-5);\">Vastuu<\/strong><\/p>\n<p><strong style=\"font-style: inherit; background-color: var(--ast-global-color-5);\">\u00a0<\/strong><\/p>\n<p><span style=\"background-color: var(--ast-global-color-5); font-style: inherit; font-weight: inherit;\">10.1 Myyj\u00e4 ja Asiakas ovat vastuussa toisilleen vahingosta, joka on aiheutunut toiselle osapuolelle n\u00e4iden myyntiehtojen rikkomisesta Viron tasavallassa voimassa olevan lains\u00e4\u00e4d\u00e4nn\u00f6n mukaisissa tapauksissa ja siin\u00e4 laajuudessa kuin Viron tasavallassa on s\u00e4\u00e4detty.<\/span><\/p>\n<p>10.2 Myyj\u00e4 vastaa tuotteen myyntihinnasta.<\/p>\n<p>10.3 Asiakas sitoutuu k\u00e4ytt\u00e4m\u00e4\u00e4n verkkokauppapalvelua vain lain ja hyvien tapojen mukaisiin tarkoituksiin.<\/p>\n<p><!-- \/wp:paragraph --><\/p>\t\t\t\t\t\t<\/div>\n\t\t\t\t<\/div>\n\t\t\t\t<div class=\"elementor-element elementor-element-8a535c5 elementor-widget elementor-widget-spacer\" data-id=\"8a535c5\" data-element_type=\"widget\" data-widget_type=\"spacer.default\">\n\t\t\t\t<div class=\"elementor-widget-container\">\n\t\t\t\t\t<div class=\"elementor-spacer\">\n\t\t\t<div class=\"elementor-spacer-inner\"><\/div>\n\t\t<\/div>\n\t\t\t\t<\/div>\n\t\t\t\t<\/div>\n\t\t\t\t\t<\/div>\n\t\t<\/div>\n\t\t\t\t\t<\/div>\n\t\t<\/section>\n\t\t\t\t<\/div>","protected":false},"excerpt":{"rendered":"<p>Myyntiehdot Myyntiehtojen voimassaolo 1.1. Verkkokaupan omistaja on WOHOM O\u00dc (rekister\u00f6intitunnus 10532666), joka sijaitsee osoitteessa Saare, S\u00f5resten kyl\u00e4 Kanepin seurakunta P\u00f5lvamaa 63121, Viron tasavalta. 1.2 Myyntiehdot ovat voimassa osoitteessa https:\/\/www. valikaimlad.ee sijaitsevan ostoymp\u00e4rist\u00f6n (j\u00e4ljemp\u00e4n\u00e4 Myyj\u00e4) omistajan WOHOM O\u00dc:n (j\u00e4ljemp\u00e4n\u00e4 Myyj\u00e4) ja asiakkaan (j\u00e4ljemp\u00e4n\u00e4 Asiakas) v\u00e4lill\u00e4 tavaroiden ja palveluiden ostoa varten. 1.3 Tekem\u00e4ll\u00e4 ostoksen t\u00e4ll\u00e4 sivulla Asiakas vahvistaa hyv\u00e4ksyv\u00e4ns\u00e4 seuraavat myyntiehdot. 1.3 Tekem\u00e4ll\u00e4 ostoksen t\u00e4ll\u00e4 sivulla Asiakas vahvistaa hyv\u00e4ksyv\u00e4ns\u00e4 seuraavat myyntiehdot. 1.4. N\u00e4iden ehtojen lis\u00e4ksi [...]<\/p>","protected":false},"author":1,"featured_media":0,"parent":0,"menu_order":0,"comment_status":"closed","ping_status":"closed","template":"","meta":{"_acf_changed":false,"rank_math_lock_modified_date":false,"site-sidebar-layout":"default","site-content-layout":"","ast-site-content-layout":"default","site-content-style":"default","site-sidebar-style":"default","ast-global-header-display":"","ast-banner-title-visibility":"","ast-main-header-display":"","ast-hfb-above-header-display":"","ast-hfb-below-header-display":"","ast-hfb-mobile-header-display":"","site-post-title":"disabled","ast-breadcrumbs-content":"","ast-featured-img":"","footer-sml-layout":"","theme-transparent-header-meta":"","adv-header-id-meta":"","stick-header-meta":"","header-above-stick-meta":"","header-main-stick-meta":"","header-below-stick-meta":"","astra-migrate-meta-layouts":"set","ast-page-background-enabled":"default","ast-page-background-meta":{"desktop":{"background-color":"var(--ast-global-color-4)","background-image":"","background-repeat":"repeat","background-position":"center center","background-size":"auto","background-attachment":"scroll","background-type":"","background-media":"","overlay-type":"","overlay-color":"","overlay-opacity":"","overlay-gradient":""},"tablet":{"background-color":"","background-image":"","background-repeat":"repeat","background-position":"center center","background-size":"auto","background-attachment":"scroll","background-type":"","background-media":"","overlay-type":"","overlay-color":"","overlay-opacity":"","overlay-gradient":""},"mobile":{"background-color":"","background-image":"","background-repeat":"repeat","background-position":"center center","background-size":"auto","background-attachment":"scroll","background-type":"","background-media":"","overlay-type":"","overlay-color":"","overlay-opacity":"","overlay-gradient":""}},"ast-content-background-meta":{"desktop":{"background-color":"var(--ast-global-color-5)","background-image":"","background-repeat":"repeat","background-position":"center center","background-size":"auto","background-attachment":"scroll","background-type":"","background-media":"","overlay-type":"","overlay-color":"","overlay-opacity":"","overlay-gradient":""},"tablet":{"background-color":"var(--ast-global-color-5)","background-image":"","background-repeat":"repeat","background-position":"center center","background-size":"auto","background-attachment":"scroll","background-type":"","background-media":"","overlay-type":"","overlay-color":"","overlay-opacity":"","overlay-gradient":""},"mobile":{"background-color":"var(--ast-global-color-5)","background-image":"","background-repeat":"repeat","background-position":"center center","background-size":"auto","background-attachment":"scroll","background-type":"","background-media":"","overlay-type":"","overlay-color":"","overlay-opacity":"","overlay-gradient":""}},"footnotes":""},"class_list":["post-6135","page","type-page","status-publish","hentry"],"acf":[],"_links":{"self":[{"href":"https:\/\/valikaimlad.ee\/fi\/wp-json\/wp\/v2\/pages\/6135"}],"collection":[{"href":"https:\/\/valikaimlad.ee\/fi\/wp-json\/wp\/v2\/pages"}],"about":[{"href":"https:\/\/valikaimlad.ee\/fi\/wp-json\/wp\/v2\/types\/page"}],"author":[{"embeddable":true,"href":"https:\/\/valikaimlad.ee\/fi\/wp-json\/wp\/v2\/users\/1"}],"replies":[{"embeddable":true,"href":"https:\/\/valikaimlad.ee\/fi\/wp-json\/wp\/v2\/comments?post=6135"}],"version-history":[{"count":58,"href":"https:\/\/valikaimlad.ee\/fi\/wp-json\/wp\/v2\/pages\/6135\/revisions"}],"predecessor-version":[{"id":12562,"href":"https:\/\/valikaimlad.ee\/fi\/wp-json\/wp\/v2\/pages\/6135\/revisions\/12562"}],"wp:attachment":[{"href":"https:\/\/valikaimlad.ee\/fi\/wp-json\/wp\/v2\/media?parent=6135"}],"curies":[{"name":"wp","href":"https:\/\/api.w.org\/{rel}","templated":true}]}}