{"id":5928,"date":"2023-02-27T01:10:34","date_gmt":"2023-02-26T23:10:34","guid":{"rendered":"https:\/\/valikaimlad.ee\/?page_id=5928"},"modified":"2024-04-17T08:15:28","modified_gmt":"2024-04-17T05:15:28","slug":"privaatsuspoliitika-2","status":"publish","type":"page","link":"https:\/\/valikaimlad.ee\/fi\/tietosuojakaytanto-2\/","title":{"rendered":"Tietosuojak\u00e4yt\u00e4nt\u00f6"},"content":{"rendered":"<div data-elementor-type=\"wp-page\" data-elementor-id=\"5928\" class=\"elementor elementor-5928\" data-elementor-post-type=\"page\">\n\t\t\t\t\t\t<section class=\"elementor-section elementor-top-section elementor-element elementor-element-1d02ca80 elementor-section-boxed elementor-section-height-default elementor-section-height-default\" data-id=\"1d02ca80\" data-element_type=\"section\">\n\t\t\t\t\t\t<div class=\"elementor-container elementor-column-gap-default\">\n\t\t\t\t\t<div class=\"elementor-column elementor-col-100 elementor-top-column elementor-element elementor-element-2e9ec29b\" data-id=\"2e9ec29b\" data-element_type=\"column\">\n\t\t\t<div class=\"elementor-widget-wrap elementor-element-populated\">\n\t\t\t\t\t\t<div class=\"elementor-element elementor-element-b45cc0b elementor-widget elementor-widget-spacer\" data-id=\"b45cc0b\" data-element_type=\"widget\" data-widget_type=\"spacer.default\">\n\t\t\t\t<div class=\"elementor-widget-container\">\n\t\t\t<style>\/*! elementor - v3.23.0 - 05-08-2024 *\/\n.elementor-column .elementor-spacer-inner{height:var(--spacer-size)}.e-con{--container-widget-width:100%}.e-con-inner>.elementor-widget-spacer,.e-con>.elementor-widget-spacer{width:var(--container-widget-width,var(--spacer-size));--align-self:var(--container-widget-align-self,initial);--flex-shrink:0}.e-con-inner>.elementor-widget-spacer>.elementor-widget-container,.e-con>.elementor-widget-spacer>.elementor-widget-container{height:100%;width:100%}.e-con-inner>.elementor-widget-spacer>.elementor-widget-container>.elementor-spacer,.e-con>.elementor-widget-spacer>.elementor-widget-container>.elementor-spacer{height:100%}.e-con-inner>.elementor-widget-spacer>.elementor-widget-container>.elementor-spacer>.elementor-spacer-inner,.e-con>.elementor-widget-spacer>.elementor-widget-container>.elementor-spacer>.elementor-spacer-inner{height:var(--container-widget-height,var(--spacer-size))}.e-con-inner>.elementor-widget-spacer.elementor-widget-empty,.e-con>.elementor-widget-spacer.elementor-widget-empty{position:relative;min-height:22px;min-width:22px}.e-con-inner>.elementor-widget-spacer.elementor-widget-empty .elementor-widget-empty-icon,.e-con>.elementor-widget-spacer.elementor-widget-empty .elementor-widget-empty-icon{position:absolute;top:0;bottom:0;left:0;right:0;margin:auto;padding:0;width:22px;height:22px}<\/style>\t\t<div class=\"elementor-spacer\">\n\t\t\t<div class=\"elementor-spacer-inner\"><\/div>\n\t\t<\/div>\n\t\t\t\t<\/div>\n\t\t\t\t<\/div>\n\t\t\t\t<div class=\"elementor-element elementor-element-d9a5c3c elementor-widget elementor-widget-heading\" data-id=\"d9a5c3c\" data-element_type=\"widget\" data-widget_type=\"heading.default\">\n\t\t\t\t<div class=\"elementor-widget-container\">\n\t\t\t<style>\/*! elementor - v3.23.0 - 05-08-2024 *\/\n.elementor-heading-title{padding:0;margin:0;line-height:1}.elementor-widget-heading .elementor-heading-title[class*=elementor-size-]>a{color:inherit;font-size:inherit;line-height:inherit}.elementor-widget-heading .elementor-heading-title.elementor-size-small{font-size:15px}.elementor-widget-heading .elementor-heading-title.elementor-size-medium{font-size:19px}.elementor-widget-heading .elementor-heading-title.elementor-size-large{font-size:29px}.elementor-widget-heading .elementor-heading-title.elementor-size-xl{font-size:39px}.elementor-widget-heading .elementor-heading-title.elementor-size-xxl{font-size:59px}<\/style><h2 class=\"elementor-heading-title elementor-size-default\">Tietosuojak\u00e4yt\u00e4nt\u00f6<\/h2>\t\t<\/div>\n\t\t\t\t<\/div>\n\t\t\t\t<div class=\"elementor-element elementor-element-8481fbb elementor-widget elementor-widget-text-editor\" data-id=\"8481fbb\" data-element_type=\"widget\" data-widget_type=\"text-editor.default\">\n\t\t\t\t<div class=\"elementor-widget-container\">\n\t\t\t<style>\/*! elementor - v3.23.0 - 05-08-2024 *\/\n.elementor-widget-text-editor.elementor-drop-cap-view-stacked .elementor-drop-cap{background-color:#69727d;color:#fff}.elementor-widget-text-editor.elementor-drop-cap-view-framed .elementor-drop-cap{color:#69727d;border:3px solid;background-color:transparent}.elementor-widget-text-editor:not(.elementor-drop-cap-view-default) .elementor-drop-cap{margin-top:8px}.elementor-widget-text-editor:not(.elementor-drop-cap-view-default) .elementor-drop-cap-letter{width:1em;height:1em}.elementor-widget-text-editor .elementor-drop-cap{float:left;text-align:center;line-height:1;font-size:50px}.elementor-widget-text-editor .elementor-drop-cap-letter{display:inline-block}<\/style>\t\t\t\t<p>Viimeksi p\u00e4ivitetty: 11.04.2024<\/p>\n<p>Voimaantulop\u00e4iv\u00e4: 11.04.2024.<\/p>\t\t\t\t\t\t<\/div>\n\t\t\t\t<\/div>\n\t\t\t\t<div class=\"elementor-element elementor-element-a059c06 elementor-widget elementor-widget-text-editor\" data-id=\"a059c06\" data-element_type=\"widget\" data-widget_type=\"text-editor.default\">\n\t\t\t\t<div class=\"elementor-widget-container\">\n\t\t\t\t\t\t\t<p>Verkkokaupan valikaimlad.ee henkil\u00f6tietojen rekisterinpit\u00e4j\u00e4 on Wohom O\u00dc (rekisteritunnus: 10532666) (j\u00e4ljemp\u00e4n\u00e4 Verkkokauppa), P\u00f5lvan kunta, Tilsin kyl\u00e4, Arenduse, P\u00f5lvan l\u00e4\u00e4ni 63012, Viro, s\u00e4hk\u00f6posti: info@valikaimlad.ee, puhelin: +372 5556 3196. K\u00e4ym\u00e4ll\u00e4 tai k\u00e4ytt\u00e4m\u00e4ll\u00e4 Verkkokauppaa annat suostumuksesi tietojesi ker\u00e4\u00e4miseen, k\u00e4ytt\u00e4miseen ja luovuttamiseen t\u00e4m\u00e4n tietosuojak\u00e4yt\u00e4nn\u00f6n mukaisesti.<\/p>\n<p>Verkkokauppa pid\u00e4tt\u00e4\u00e4 oikeuden muuttaa t\u00e4t\u00e4 tietosuojak\u00e4yt\u00e4nt\u00f6\u00e4 milloin tahansa ilman ennakkoilmoitusta k\u00e4ytt\u00e4j\u00e4lle ja julkaista muutetun tietosuojak\u00e4yt\u00e4nn\u00f6n verkkosivustolla. Muutettu tietosuojak\u00e4yt\u00e4nt\u00f6 on voimassa 90 p\u00e4iv\u00e4\u00e4 sen julkaisup\u00e4iv\u00e4st\u00e4, ja jos k\u00e4ytt\u00e4j\u00e4 jatkaa verkkosivuston k\u00e4ytt\u00f6\u00e4 t\u00e4m\u00e4n j\u00e4lkeen, h\u00e4n hyv\u00e4ksyy muutetun tietosuojak\u00e4yt\u00e4nn\u00f6n. Siksi kehotamme sinua tarkistamaan tietosuojak\u00e4yt\u00e4nt\u00f6-sivun s\u00e4\u00e4nn\u00f6llisesti.<\/p>\t\t\t\t\t\t<\/div>\n\t\t\t\t<\/div>\n\t\t\t\t<div class=\"elementor-element elementor-element-68ab38a elementor-widget elementor-widget-text-editor\" data-id=\"68ab38a\" data-element_type=\"widget\" data-widget_type=\"text-editor.default\">\n\t\t\t\t<div class=\"elementor-widget-container\">\n\t\t\t\t\t\t\t<h2>Ker\u00e4tyt tiedot<\/h2>\n<p>Ker\u00e4\u00e4mme ja k\u00e4sittelemme seuraavia henkil\u00f6tietoja:<\/p>\n<ul>\n<li><strong>Nimi<\/strong><\/li>\n<li><strong>S\u00e4hk\u00f6postiosoite<\/strong><\/li>\n<li><strong>Puhelinnumero<\/strong><\/li>\n<li><strong>Toimitusosoite<\/strong><\/li>\n<li><strong>k\u00e4ytt\u00f6tilin numero<\/strong><\/li>\n<li><strong>Asiakastuen tiedot<\/strong><\/li>\n<li><strong>Tavaroiden ja palvelujen kustannukset ja maksutiedot (ostohistoria).<\/strong><\/li>\n<li><strong>IP-osoite<\/strong><\/li>\n<\/ul>\t\t\t\t\t\t<\/div>\n\t\t\t\t<\/div>\n\t\t\t\t<div class=\"elementor-element elementor-element-31621c2 elementor-widget elementor-widget-text-editor\" data-id=\"31621c2\" data-element_type=\"widget\" data-widget_type=\"text-editor.default\">\n\t\t\t\t<div class=\"elementor-widget-container\">\n\t\t\t\t\t\t\t<h2>Vastaanottajat, joille henkil\u00f6tietoja luovutetaan<\/h2>\n<p>Henkil\u00f6tietoja voidaan siirt\u00e4\u00e4 tietotekniikan palveluntarjoajille, jos se on tarpeen verkkokaupan toimivuuden tai tietojen saatavuuden varmistamiseksi.<\/p>\n<p>Emme luovuta henkil\u00f6tietojasi kolmansille osapuolille ilman suostumustasi, paitsi j\u00e4ljemp\u00e4n\u00e4 kuvatuissa rajoitetuissa olosuhteissa:<\/p>\n<ul>\n<li><strong>Mainospalvelu<\/strong><\/li>\n<li><strong>Analytiikka<\/strong><\/li>\n<\/ul>\n<p>Edellyt\u00e4mme, ett\u00e4 t\u00e4llaiset kolmannet osapuolet k\u00e4ytt\u00e4v\u00e4t niille annettuja henkil\u00f6tietoja vain niihin tarkoituksiin, joita varten ne on annettu, ja s\u00e4ilytt\u00e4v\u00e4t niit\u00e4 vain niin kauan kuin on tarpeen n\u00e4iden tarkoitusten t\u00e4ytt\u00e4miseksi.<\/p>\t\t\t\t\t\t<\/div>\n\t\t\t\t<\/div>\n\t\t\t\t<div class=\"elementor-element elementor-element-3e57251 elementor-widget elementor-widget-text-editor\" data-id=\"3e57251\" data-element_type=\"widget\" data-widget_type=\"text-editor.default\">\n\t\t\t\t<div class=\"elementor-widget-container\">\n\t\t\t\t\t\t\t<h2>Miten k\u00e4yt\u00e4mme tietoja<\/h2>\n<p>Henkil\u00f6tietoja k\u00e4ytet\u00e4\u00e4n asiakastilausten hallinnointiin ja tavaroiden toimittamiseen.<br \/>Ostohistoriatietoja (ostop\u00e4iv\u00e4m\u00e4\u00e4r\u00e4, tavarat, m\u00e4\u00e4r\u00e4, asiakastiedot) k\u00e4ytet\u00e4\u00e4n yleiskuvan laatimiseen ostetuista tavaroista ja palveluista, asiakkaiden mieltymysten analysointiin ja muun muassa kuluttajariitojen ratkaisemiseen.<\/p>\n<p>henkil\u00f6tietoja, kuten s\u00e4hk\u00f6postiosoitetta, puhelinnumeroa ja asiakkaan nime\u00e4, k\u00e4sitell\u00e4\u00e4n tavaroiden ja palvelujen toimittamiseen liittyvien ongelmien ratkaisemiseksi (asiakastuki). Lis\u00e4ksi s\u00e4hk\u00f6postia k\u00e4ytet\u00e4\u00e4n laskujen l\u00e4hett\u00e4miseen ja puhelinnumeroa tavaroiden saapumisesta pakettiautomaattiin ilmoittamiseen.<br \/>Verkkokaupan k\u00e4ytt\u00e4j\u00e4n IP-osoitetta tai muita verkkotunnisteita k\u00e4sitell\u00e4\u00e4n verkkokaupan tarjoamiseksi tietoyhteiskunnan palveluna ja verkkok\u00e4ytt\u00f6tilastoja varten.\u00a0\u00a0\u00a0<\/p>\n<p>K\u00e4yt\u00e4mme ker\u00e4ttyj\u00e4 tietoja seuraaviin tarkoituksiin:<\/p>\n<ul>\n<li>Markkinointi\/ mainonta<\/li>\n<li>Asiakaspalautteen ker\u00e4\u00e4minen<\/li>\n<li>Tilausten k\u00e4sittely ja hallinnointi<\/li>\n<li>Analytiikka<\/li>\n<li>Suoramarkkinointiviestint\u00e4<\/li>\n<\/ul>\n<p>Jos haluamme k\u00e4ytt\u00e4\u00e4 tietoja muuhun tarkoitukseen, pyyd\u00e4mme siihen suostumuksesi ja k\u00e4yt\u00e4mme tietojasi vain, jos meill\u00e4 on suostumuksesi, ja silloinkin vain pyyt\u00e4miimme tarkoituksiin, ellei laki vaadi meit\u00e4 toimimaan toisin.<\/p>\t\t\t\t\t\t<\/div>\n\t\t\t\t<\/div>\n\t\t\t\t<div class=\"elementor-element elementor-element-a6eb313 elementor-widget elementor-widget-text-editor\" data-id=\"a6eb313\" data-element_type=\"widget\" data-widget_type=\"text-editor.default\">\n\t\t\t\t<div class=\"elementor-widget-container\">\n\t\t\t\t\t\t\t<h3>Suoramarkkinointiviestint\u00e4<\/h3>\n<p>S\u00e4hk\u00f6postiosoitetta ja puhelinnumeroa k\u00e4ytet\u00e4\u00e4n tarvittaessa suoramarkkinointiviestien l\u00e4hett\u00e4miseen, jos asiakas on antanut siihen suostumuksensa. Jos asiakas ei halua vastaanottaa suoramarkkinointiviestej\u00e4, h\u00e4nen on valittava asianmukainen maininta s\u00e4hk\u00f6postin alatunnisteesta tai otettava yhteytt\u00e4 asiakaspalveluun.<\/p>\n<p>Jos henkil\u00f6tietoja k\u00e4sitell\u00e4\u00e4n suoramarkkinointitarkoituksiin (profilointi), asiakkaalla on oikeus milloin tahansa vastustaa sek\u00e4 henkil\u00f6tietojensa alkuper\u00e4ist\u00e4 ett\u00e4 my\u00f6hemp\u00e4\u00e4 k\u00e4sittely\u00e4, mukaan lukien suoramarkkinointiin liittyv\u00e4 profilointi, ilmoittamalla siit\u00e4 asiakastukeen s\u00e4hk\u00f6postitse.<\/p>\n<p>Voimme my\u00f6s luovuttaa henkil\u00f6tietojasi (1) noudattaaksemme mit\u00e4 tahansa sovellettavaa lakia, asetusta, tuomioistuimen m\u00e4\u00e4r\u00e4yst\u00e4 tai muuta oikeudellista menettely\u00e4; (2) pannaksemme t\u00e4yt\u00e4nt\u00f6\u00f6n kanssasi tekem\u00e4mme sopimukset, mukaan lukien t\u00e4m\u00e4 tietosuojak\u00e4yt\u00e4nt\u00f6; tai (3) vastataksemme v\u00e4itteisiin, joiden mukaan Palvelun k\u00e4ytt\u00f6si loukkaa kolmansien osapuolten oikeuksia. Jos verkkokauppa tai yritys sulautuu tai ostetaan toisen yrityksen toimesta, tietosi ovat yksi niist\u00e4 varoista, jotka siirtyv\u00e4t uudelle omistajalle.<\/p>\t\t\t\t\t\t<\/div>\n\t\t\t\t<\/div>\n\t\t\t\t<div class=\"elementor-element elementor-element-636ee4f elementor-widget elementor-widget-text-editor\" data-id=\"636ee4f\" data-element_type=\"widget\" data-widget_type=\"text-editor.default\">\n\t\t\t\t<div class=\"elementor-widget-container\">\n\t\t\t\t\t\t\t<h2>Tietojen s\u00e4ilytt\u00e4minen<\/h2>\n<p>S\u00e4ilyt\u00e4mme henkil\u00f6tietoja 90 p\u00e4iv\u00e4n ja 18 kuukauden v\u00e4lisen\u00e4 aikana oston j\u00e4lkeen tai niin kauan kuin tarvitsemme niit\u00e4 niiden tarkoitusten toteuttamiseen, joita varten ne ker\u00e4ttiin, kuten t\u00e4ss\u00e4 tietosuojak\u00e4yt\u00e4nn\u00f6ss\u00e4 on esitetty. Saatamme joutua s\u00e4ilytt\u00e4m\u00e4\u00e4n tiettyj\u00e4 tietoja pidemp\u00e4\u00e4n, esimerkiksi sovellettavan lain mukaiseen tietojen s\u00e4ilytt\u00e4miseen\/raportointiin tai muihin oikeutettuihin syihin, kuten laillisten oikeuksien t\u00e4yt\u00e4nt\u00f6\u00f6npanoon, petosten est\u00e4miseen jne. liittyen. J\u00e4ljelle j\u00e4\u00e4vi\u00e4 anonyymej\u00e4 tietoja ja koottuja tietoja, joista kumpikaan ei yksil\u00f6i sinua (suoraan tai ep\u00e4suorasti), voidaan s\u00e4ilytt\u00e4\u00e4 m\u00e4\u00e4r\u00e4\u00e4m\u00e4tt\u00f6m\u00e4n ajan.<\/p>\t\t\t\t\t\t<\/div>\n\t\t\t\t<\/div>\n\t\t\t\t<div class=\"elementor-element elementor-element-50288c6 elementor-widget elementor-widget-text-editor\" data-id=\"50288c6\" data-element_type=\"widget\" data-widget_type=\"text-editor.default\">\n\t\t\t\t<div class=\"elementor-widget-container\">\n\t\t\t\t\t\t\t<h2>Oikeudet<\/h2>\n<p>Sovellettavasta tietosuojalains\u00e4\u00e4d\u00e4nn\u00f6st\u00e4 riippuen sinulla on oikeus saada p\u00e4\u00e4sy henkil\u00f6tietoihisi ja oikaista ne tai pyyt\u00e4\u00e4 niiden poistamista tai saada kopio henkil\u00f6tiedoistasi, rajoittaa tietojesi aktiivista k\u00e4sittely\u00e4 tai vastustaa sit\u00e4, pyyt\u00e4\u00e4 meit\u00e4 jakamaan henkil\u00f6tietojasi toisen tahon kanssa, peruuttaa suostumuksesi tietojesi k\u00e4sittelyyn, tehd\u00e4 valitus lakis\u00e4\u00e4teiselle viranomaiselle sek\u00e4 muut sovellettavan lains\u00e4\u00e4d\u00e4nn\u00f6n mukaiset oikeudet.<\/p>\t\t\t\t\t\t<\/div>\n\t\t\t\t<\/div>\n\t\t\t\t<div class=\"elementor-element elementor-element-62dacb2 elementor-widget elementor-widget-text-editor\" data-id=\"62dacb2\" data-element_type=\"widget\" data-widget_type=\"text-editor.default\">\n\t\t\t\t<div class=\"elementor-widget-container\">\n\t\t\t\t\t\t\t<h3>Henkil\u00f6tietojen saanti, korjaaminen ja poistaminen<\/h3>\n<p>Henkil\u00f6tietoja voi tarkastella ja korjata henkil\u00f6tietosivuston kautta. Jos pyynt\u00f6 saada p\u00e4\u00e4sy henkil\u00f6tietoihin on tehty s\u00e4hk\u00f6isesti, tiedot on toimitettava my\u00f6s yleisesti k\u00e4ytetyll\u00e4 s\u00e4hk\u00f6isell\u00e4 tavalla.<\/p>\n<p>&nbsp;<\/p>\n<h3>Suostumuksen peruuttaminen<\/h3>\n<p>Jos henkil\u00f6tietojen k\u00e4sittely perustuu asiakkaan suostumukseen, asiakkaalla on oikeus peruuttaa suostumus ilmoittamalla siit\u00e4 asiakastukeen s\u00e4hk\u00f6postitse. <a href=\"\/fi\/info@valikaimlad.ee \/\">info@valikaimlad.ee<\/a><\/p>\n<p>&nbsp;<\/p>\n<h3>Varastointi osoitteessa<\/h3>\n<p>Kun asiakas poistaa verkkokaupan pyyt\u00e4m\u00e4t henkil\u00f6tiedot, kaikki tiedot poistetaan lukuun ottamatta henkil\u00f6tietoja (ostohistoriatiedot), jotka on s\u00e4ilytett\u00e4v\u00e4 kirjanpitotarkoituksiin tai kuluttajariitojen ratkaisemiseksi. Maksuihin liittyvien riitojen ja kuluttajariitojen osalta henkil\u00f6tietoja s\u00e4ilytet\u00e4\u00e4n, kunnes saatava on ratkaistu tai vanhentumisaika on kulunut umpeen. Alkuper\u00e4isen kirjanpitoaineiston sis\u00e4lt\u00e4mi\u00e4 henkil\u00f6tietoja s\u00e4ilytet\u00e4\u00e4n 7 vuotta.<\/p>\n<p>&nbsp;<\/p>\n<h3>Rajoitus<\/h3>\n<p>Sinulla on oikeus pyyt\u00e4\u00e4 henkil\u00f6tietojesi k\u00e4sittelyn rajoittamista, jos tiedot ovat virheellisi\u00e4 tai puutteellisia tai jos henkil\u00f6tietojasi k\u00e4sitell\u00e4\u00e4n lainvastaisesti.<\/p>\n<p>&nbsp;<\/p>\n<h3>Vastalauseet<\/h3>\n<p>Asiakkaalla on oikeus vastustaa henkil\u00f6tietojensa k\u00e4sittely\u00e4, jos h\u00e4nell\u00e4 on syyt\u00e4 uskoa, ett\u00e4 h\u00e4nen henkil\u00f6tietojensa k\u00e4sittelylle ei ole laillista perustetta.<\/p>\n<p>&nbsp;<\/p>\n<h3>Poistaminen<\/h3>\n<p>Jos haluat poistaa henkil\u00f6tietoja, sinun on otettava yhteytt\u00e4 asiakastukeen s\u00e4hk\u00f6postitse. Vastaus poistopyynt\u00f6\u00f6n l\u00e4hetet\u00e4\u00e4n viimeist\u00e4\u00e4n kuukauden kuluessa ja siin\u00e4 ilmoitetaan poistoaika. Vastauksessa ilmoitetaan my\u00f6s, mit\u00e4 henkil\u00f6tietoja ei poisteta ja mill\u00e4 oikeusperustalla ja mist\u00e4 syyst\u00e4.<\/p>\t\t\t\t\t\t<\/div>\n\t\t\t\t<\/div>\n\t\t\t\t<div class=\"elementor-element elementor-element-28c2bc2 elementor-widget elementor-widget-text-editor\" data-id=\"28c2bc2\" data-element_type=\"widget\" data-widget_type=\"text-editor.default\">\n\t\t\t\t<div class=\"elementor-widget-container\">\n\t\t\t\t\t\t\t<h2>Ev\u00e4steet<\/h2>\n<p>Lis\u00e4tietoja ev\u00e4steiden k\u00e4yt\u00f6st\u00e4 l\u00f6yd\u00e4t osoitteesta. <a href=\"https:\/\/valikaimlad.ee\/fi\/vallankaappauspolitiikka\/\">ev\u00e4stepolitiikasta<\/a><\/p>\t\t\t\t\t\t<\/div>\n\t\t\t\t<\/div>\n\t\t\t\t<div class=\"elementor-element elementor-element-0a86e8c elementor-widget elementor-widget-text-editor\" data-id=\"0a86e8c\" data-element_type=\"widget\" data-widget_type=\"text-editor.default\">\n\t\t\t\t<div class=\"elementor-widget-container\">\n\t\t\t\t\t\t\t<h2>Tietoturva ja tiedonsaanti<\/h2>\n<p>Tietojesi turvallisuus on meille t\u00e4rke\u00e4\u00e4, ja k\u00e4yt\u00e4mme turvatoimia est\u00e4\u00e4kseen hallinnassamme olevien tietojen katoamisen, v\u00e4\u00e4rink\u00e4yt\u00f6n tai luvattoman muuttamisen. Henkil\u00f6tiedot tallennetaan Zone Media O\u00dc:n palvelimille, jotka sijaitsevat Euroopan unionin j\u00e4senvaltion alueella. Tietoja voidaan siirt\u00e4\u00e4 maihin, joiden tietosuojan tason Euroopan komissio on arvioinut riitt\u00e4v\u00e4ksi, tai kolmannen maan yritykseen, johon on sovellettu 46 artiklassa tarkoitettua suojatoimenpidett\u00e4.<br \/>Henkil\u00f6tietoihin on p\u00e4\u00e4sy verkkokaupan ty\u00f6ntekij\u00f6ill\u00e4, joilla on p\u00e4\u00e4sy henkil\u00f6tietoihin verkkokaupan k\u00e4ytt\u00f6\u00f6n liittyvien teknisten ongelmien ratkaisemiseksi ja asiakastukipalvelujen tarjoamiseksi.<br \/>Verkkokauppa toteuttaa asianmukaisia fyysisi\u00e4, organisatorisia ja tietoteknisi\u00e4 turvatoimia henkil\u00f6tietojen suojaamiseksi vahingossa tapahtuvalta tai laittomalta tuhoamiselta, h\u00e4vi\u00e4miselt\u00e4, muuttamiselta tai luvattomalta k\u00e4yt\u00f6lt\u00e4 ja paljastamiselta.<br \/>Henkil\u00f6tietojen siirto verkkokaupan henkil\u00f6tietojen k\u00e4sittelij\u00f6ille (esim. kuljetuspalvelujen tarjoajalle ja tietojen yhdistelij\u00e4lle) perustuu verkkokaupan ja henkil\u00f6tietojen k\u00e4sittelij\u00f6iden v\u00e4lisiin sopimuksiin. Henkil\u00f6tietojen k\u00e4sittelij\u00e4t ovat velvollisia varmistamaan asianmukaiset suojatoimet henkil\u00f6tietoja k\u00e4sitelless\u00e4\u00e4n.<\/p>\n<p>Ottaen huomioon riskit emme kuitenkaan voi taata ehdotonta turvallisuutta, joten emme voi taata tai taata meille l\u00e4hett\u00e4miesi tietojen turvallisuutta, ja teet sen omalla vastuullasi.<\/p>\t\t\t\t\t\t<\/div>\n\t\t\t\t<\/div>\n\t\t\t\t<div class=\"elementor-element elementor-element-c0421c1 elementor-widget elementor-widget-text-editor\" data-id=\"c0421c1\" data-element_type=\"widget\" data-widget_type=\"text-editor.default\">\n\t\t\t\t<div class=\"elementor-widget-container\">\n\t\t\t\t\t\t\t<h2>Kolmannen osapuolen linkit:<\/h2>\n<p>Verkkokauppa voi sis\u00e4lt\u00e4\u00e4 linkkej\u00e4 muille verkkosivustoille, joita emme hallinnoi. T\u00e4m\u00e4 tietosuojak\u00e4yt\u00e4nt\u00f6 ei koske kolmansien osapuolten tietosuojak\u00e4yt\u00e4nt\u00f6j\u00e4 tai muita k\u00e4yt\u00e4nt\u00f6j\u00e4, mukaan lukien kolmansien osapuolten, jotka yll\u00e4pit\u00e4v\u00e4t verkkosivustoja tai palveluita, joihin voi p\u00e4\u00e4st\u00e4 linkin kautta. Kehotamme sinua tutustumaan jokaisen vierailemasi verkkosivuston tietosuojak\u00e4yt\u00e4nt\u00f6\u00f6n. Meill\u00e4 ei ole m\u00e4\u00e4r\u00e4ysvaltaa kolmansien osapuolten verkkosivustojen tai palveluiden sis\u00e4lt\u00f6\u00f6n, tietosuojak\u00e4yt\u00e4nt\u00f6ihin tai k\u00e4yt\u00e4nt\u00f6ihin, emmek\u00e4 ota niist\u00e4 vastuuta.<\/p>\t\t\t\t\t\t<\/div>\n\t\t\t\t<\/div>\n\t\t\t\t<div class=\"elementor-element elementor-element-e2498cc elementor-widget elementor-widget-text-editor\" data-id=\"e2498cc\" data-element_type=\"widget\" data-widget_type=\"text-editor.default\">\n\t\t\t\t<div class=\"elementor-widget-container\">\n\t\t\t\t\t\t\t<h2>Valitukset<\/h2>\n<p>Jos sinulla on kysytt\u00e4v\u00e4\u00e4 tai huolenaiheita hallussamme olevien tietojen k\u00e4sittelyst\u00e4, voit l\u00e4hett\u00e4\u00e4 s\u00e4hk\u00f6postia valitusvastaavalle osoitteeseen info@valikaimlad.ee. K\u00e4sittelemme huolenaiheesi sovellettavan lains\u00e4\u00e4d\u00e4nn\u00f6n mukaisesti.<\/p><br \/>\n<h2>Riitojen ratkaiseminen<\/h2>\n<p>Henkil\u00f6tietojen k\u00e4sittelyyn liittyv\u00e4t riidat voidaan ratkaista asiakastuen kautta l\u00e4hett\u00e4m\u00e4ll\u00e4 s\u00e4hk\u00f6postia osoitteeseen.\u00a0<a href=\"\/fi\/info@valikaimlad.ee \/\">info@valikaimlad.ee<\/a> tai soita +372 538 89594. Valvontaviranomainen on Viron tietosuojavaltuutettu (<a href=\"mailto:info@aki.ee\">info@aki.ee<\/a>).<\/p>\t\t\t\t\t\t<\/div>\n\t\t\t\t<\/div>\n\t\t\t\t<div class=\"elementor-element elementor-element-21fcf81 elementor-widget elementor-widget-spacer\" data-id=\"21fcf81\" data-element_type=\"widget\" data-widget_type=\"spacer.default\">\n\t\t\t\t<div class=\"elementor-widget-container\">\n\t\t\t\t\t<div class=\"elementor-spacer\">\n\t\t\t<div class=\"elementor-spacer-inner\"><\/div>\n\t\t<\/div>\n\t\t\t\t<\/div>\n\t\t\t\t<\/div>\n\t\t\t\t\t<\/div>\n\t\t<\/div>\n\t\t\t\t\t<\/div>\n\t\t<\/section>\n\t\t\t\t<section class=\"elementor-section elementor-top-section elementor-element elementor-element-dadd31f elementor-section-boxed elementor-section-height-default elementor-section-height-default\" data-id=\"dadd31f\" data-element_type=\"section\">\n\t\t\t\t\t\t<div class=\"elementor-container elementor-column-gap-default\">\n\t\t\t\t\t<div class=\"elementor-column elementor-col-100 elementor-top-column elementor-element elementor-element-7a3a40f\" data-id=\"7a3a40f\" data-element_type=\"column\">\n\t\t\t<div class=\"elementor-widget-wrap\">\n\t\t\t\t\t\t\t<\/div>\n\t\t<\/div>\n\t\t\t\t\t<\/div>\n\t\t<\/section>\n\t\t\t\t<\/div>","protected":false},"excerpt":{"rendered":"<p>Tietosuojak\u00e4yt\u00e4nt\u00f6 Viimeksi p\u00e4ivitetty: 11.04.2024 Voimaantulop\u00e4iv\u00e4: 11.04.2024 Verkkokaupan valikaimlad.ee henkil\u00f6tietojen rekisterinpit\u00e4j\u00e4 on Wohom O\u00dc (rekisteritunnus: 10532666) (j\u00e4ljemp\u00e4n\u00e4 Verkkokauppa), P\u00f5lvan kunta, Tilsin kyl\u00e4, Arenduse, P\u00f5lvan l\u00e4\u00e4ni 63012, Viro, s\u00e4hk\u00f6posti: info@valikaimlad.ee, puhelin: +372 5556 3196. K\u00e4ym\u00e4ll\u00e4 tai k\u00e4ytt\u00e4m\u00e4ll\u00e4 Verkkokauppaa annat suostumuksesi tietojesi ker\u00e4\u00e4miseen, k\u00e4ytt\u00e4miseen ja luovuttamiseen t\u00e4m\u00e4n tietosuojak\u00e4yt\u00e4nn\u00f6n mukaisesti. Verkkokauppa pid\u00e4tt\u00e4\u00e4 oikeuden muuttaa t\u00e4t\u00e4 tietosuojak\u00e4yt\u00e4nt\u00f6\u00e4 [...]<\/p>","protected":false},"author":1,"featured_media":0,"parent":0,"menu_order":0,"comment_status":"closed","ping_status":"closed","template":"","meta":{"_acf_changed":false,"rank_math_lock_modified_date":false,"site-sidebar-layout":"default","site-content-layout":"","ast-site-content-layout":"default","site-content-style":"default","site-sidebar-style":"default","ast-global-header-display":"","ast-banner-title-visibility":"","ast-main-header-display":"","ast-hfb-above-header-display":"","ast-hfb-below-header-display":"","ast-hfb-mobile-header-display":"","site-post-title":"disabled","ast-breadcrumbs-content":"","ast-featured-img":"","footer-sml-layout":"","theme-transparent-header-meta":"","adv-header-id-meta":"","stick-header-meta":"","header-above-stick-meta":"","header-main-stick-meta":"","header-below-stick-meta":"","astra-migrate-meta-layouts":"set","ast-page-background-enabled":"default","ast-page-background-meta":{"desktop":{"background-color":"var(--ast-global-color-4)","background-image":"","background-repeat":"repeat","background-position":"center center","background-size":"auto","background-attachment":"scroll","background-type":"","background-media":"","overlay-type":"","overlay-color":"","overlay-opacity":"","overlay-gradient":""},"tablet":{"background-color":"","background-image":"","background-repeat":"repeat","background-position":"center center","background-size":"auto","background-attachment":"scroll","background-type":"","background-media":"","overlay-type":"","overlay-color":"","overlay-opacity":"","overlay-gradient":""},"mobile":{"background-color":"","background-image":"","background-repeat":"repeat","background-position":"center center","background-size":"auto","background-attachment":"scroll","background-type":"","background-media":"","overlay-type":"","overlay-color":"","overlay-opacity":"","overlay-gradient":""}},"ast-content-background-meta":{"desktop":{"background-color":"var(--ast-global-color-5)","background-image":"","background-repeat":"repeat","background-position":"center center","background-size":"auto","background-attachment":"scroll","background-type":"","background-media":"","overlay-type":"","overlay-color":"","overlay-opacity":"","overlay-gradient":""},"tablet":{"background-color":"var(--ast-global-color-5)","background-image":"","background-repeat":"repeat","background-position":"center center","background-size":"auto","background-attachment":"scroll","background-type":"","background-media":"","overlay-type":"","overlay-color":"","overlay-opacity":"","overlay-gradient":""},"mobile":{"background-color":"var(--ast-global-color-5)","background-image":"","background-repeat":"repeat","background-position":"center center","background-size":"auto","background-attachment":"scroll","background-type":"","background-media":"","overlay-type":"","overlay-color":"","overlay-opacity":"","overlay-gradient":""}},"footnotes":""},"class_list":["post-5928","page","type-page","status-publish","hentry"],"acf":[],"_links":{"self":[{"href":"https:\/\/valikaimlad.ee\/fi\/wp-json\/wp\/v2\/pages\/5928"}],"collection":[{"href":"https:\/\/valikaimlad.ee\/fi\/wp-json\/wp\/v2\/pages"}],"about":[{"href":"https:\/\/valikaimlad.ee\/fi\/wp-json\/wp\/v2\/types\/page"}],"author":[{"embeddable":true,"href":"https:\/\/valikaimlad.ee\/fi\/wp-json\/wp\/v2\/users\/1"}],"replies":[{"embeddable":true,"href":"https:\/\/valikaimlad.ee\/fi\/wp-json\/wp\/v2\/comments?post=5928"}],"version-history":[{"count":21,"href":"https:\/\/valikaimlad.ee\/fi\/wp-json\/wp\/v2\/pages\/5928\/revisions"}],"predecessor-version":[{"id":12565,"href":"https:\/\/valikaimlad.ee\/fi\/wp-json\/wp\/v2\/pages\/5928\/revisions\/12565"}],"wp:attachment":[{"href":"https:\/\/valikaimlad.ee\/fi\/wp-json\/wp\/v2\/media?parent=5928"}],"curies":[{"name":"wp","href":"https:\/\/api.w.org\/{rel}","templated":true}]}}