{"id":11146,"date":"2023-09-18T16:17:46","date_gmt":"2023-09-18T13:17:46","guid":{"rendered":"https:\/\/valikaimlad.ee\/?page_id=11146"},"modified":"2026-04-10T20:42:28","modified_gmt":"2026-04-10T17:42:28","slug":"esto-jarelmaks-ja-esto-3","status":"publish","type":"page","link":"https:\/\/valikaimlad.ee\/fi\/esto-jarelmaks-ja-esto-3\/","title":{"rendered":"ESTO J\u00e4relmaks ja Esto 3"},"content":{"rendered":"<div data-elementor-type=\"wp-page\" data-elementor-id=\"11146\" class=\"elementor elementor-11146\" data-elementor-post-type=\"page\">\n\t\t\t\t\t\t<section class=\"elementor-section elementor-top-section elementor-element elementor-element-7732a2ec elementor-section-boxed elementor-section-height-default elementor-section-height-default\" data-id=\"7732a2ec\" data-element_type=\"section\">\n\t\t\t\t\t\t<div class=\"elementor-container elementor-column-gap-default\">\n\t\t\t\t\t<div class=\"elementor-column elementor-col-100 elementor-top-column elementor-element elementor-element-2a6068bb\" data-id=\"2a6068bb\" data-element_type=\"column\">\n\t\t\t<div class=\"elementor-widget-wrap elementor-element-populated\">\n\t\t\t\t\t\t<div class=\"elementor-element elementor-element-f293d95 elementor-widget elementor-widget-image\" data-id=\"f293d95\" data-element_type=\"widget\" data-widget_type=\"image.default\">\n\t\t\t\t<div class=\"elementor-widget-container\">\n\t\t\t<style>\/*! elementor - v3.23.0 - 05-08-2024 *\/\n.elementor-widget-image{text-align:center}.elementor-widget-image a{display:inline-block}.elementor-widget-image a img[src$=\".svg\"]{width:48px}.elementor-widget-image img{vertical-align:middle;display:inline-block}<\/style>\t\t\t\t\t\t\t\t\t\t<img fetchpriority=\"high\" decoding=\"async\" width=\"1024\" height=\"765\" src=\"https:\/\/valikaimlad.ee\/wp-content\/uploads\/2026\/04\/Valikaimla-1024x765.png\" class=\"attachment-large size-large wp-image-15727\" alt=\"\" srcset=\"https:\/\/valikaimlad.ee\/wp-content\/uploads\/2026\/04\/Valikaimla-1024x765.png 1024w, https:\/\/valikaimlad.ee\/wp-content\/uploads\/2026\/04\/Valikaimla-1200x896.png 1200w, https:\/\/valikaimlad.ee\/wp-content\/uploads\/2026\/04\/Valikaimla-300x224.png 300w, https:\/\/valikaimlad.ee\/wp-content\/uploads\/2026\/04\/Valikaimla-768x573.png 768w, https:\/\/valikaimlad.ee\/wp-content\/uploads\/2026\/04\/Valikaimla-1536x1147.png 1536w, https:\/\/valikaimlad.ee\/wp-content\/uploads\/2026\/04\/Valikaimla-2048x1529.png 2048w, https:\/\/valikaimlad.ee\/wp-content\/uploads\/2026\/04\/Valikaimla-16x12.png 16w\" sizes=\"(max-width: 1024px) 100vw, 1024px\" \/>\t\t\t\t\t\t\t\t\t\t\t\t\t<\/div>\n\t\t\t\t<\/div>\n\t\t\t\t<div class=\"elementor-element elementor-element-10d82962 elementor-widget elementor-widget-text-editor\" data-id=\"10d82962\" data-element_type=\"widget\" data-widget_type=\"text-editor.default\">\n\t\t\t\t<div class=\"elementor-widget-container\">\n\t\t\t<style>\/*! elementor - v3.23.0 - 05-08-2024 *\/\n.elementor-widget-text-editor.elementor-drop-cap-view-stacked .elementor-drop-cap{background-color:#69727d;color:#fff}.elementor-widget-text-editor.elementor-drop-cap-view-framed .elementor-drop-cap{color:#69727d;border:3px solid;background-color:transparent}.elementor-widget-text-editor:not(.elementor-drop-cap-view-default) .elementor-drop-cap{margin-top:8px}.elementor-widget-text-editor:not(.elementor-drop-cap-view-default) .elementor-drop-cap-letter{width:1em;height:1em}.elementor-widget-text-editor .elementor-drop-cap{float:left;text-align:center;line-height:1;font-size:50px}.elementor-widget-text-editor .elementor-drop-cap-letter{display:inline-block}<\/style>\t\t\t\t<p><!-- wp:columns --><\/p>\n<div>\n<p><!-- wp:column {\"verticalAlignment\":\"center\",\"width\":\"1140px\"} --><\/p>\n<div style=\"flex-basis: 1140px;\">\n<p><!-- wp:spacer {\"className\":\"spacer-column\"} --><\/p>\n<p><!-- \/wp:spacer --><!-- wp:heading --><\/p>\n<h2><br \/><br \/><img decoding=\"async\" src=\"https:\/\/valikaimlad.ee\/wp-content\/uploads\/2023\/09\/Copy-of-ESTO_hp_EE-1-1024x640.png\" alt=\"Esto J\u00e4relmaks logo\" width=\"200\" height=\"125\" \/><\/h2>\n<p><!-- \/wp:heading --><!-- wp:image {\"id\":14267,\"sizeSlug\":\"full\",\"linkDestination\":\"none\",\"align\":\"center\"} --><\/p>\n<figure><\/figure>\n<p><!-- \/wp:image --><!-- wp:paragraph --><\/p>\n<p><strong style=\"font-size: 16px;\">ESTO-osamaksut ovat joustava maksuratkaisu, jonka avulla voit jakaa maksusi k\u00e4tev\u00e4sti kuukausieriin. Jaa ostosumma k\u00e4tev\u00e4sti sinulle sopivalle ajanjaksolle. Voit valita jakson ja maksuer\u00e4n m\u00e4\u00e4r\u00e4n ostoksen yhteydess\u00e4 valitsemalla kassalla ESTO-osamaksut.<\/strong><\/p>\n<div>\n<div>\n<p><!-- \/wp:paragraph --><\/p>\n<\/div>\n<p><!-- \/wp:column --><\/p>\n<\/div>\n<p><!-- \/wp:columns --><!-- wp:paragraph --><\/p>\n<p><strong>Miten ESTO-osamaksukauppaa k\u00e4ytet\u00e4\u00e4n? <\/strong><\/p>\n<p><!-- \/wp:paragraph --><!-- wp:list --><\/p>\n<ol>\n<li style=\"list-style-type: none;\">\n<ol><!-- wp:list-item --><\/ol>\n<\/li>\n<\/ol>\n<ol>\n<li style=\"list-style-type: none;\">\n<ol>\n<li>Lis\u00e4\u00e4 tarvitsemasi tuotteet ostoskoriin.<\/li>\n<li>Valitse kassalla maksutavaksi ESTO-osamaksu.<\/li>\n<li>Valitse haluamasi takaisinmaksuaika 3-60 kuukauden v\u00e4lill\u00e4.<\/li>\n<li>Saat p\u00e4\u00e4t\u00f6ksen reaaliajassa.<\/li>\n<li>Jos p\u00e4\u00e4t\u00f6s on my\u00f6nteinen, allekirjoita sopimus digitaalisesti henkil\u00f6kortilla, Smart-ID:ll\u00e4 tai Mobile-ID:ll\u00e4.<\/li>\n<\/ol>\n<\/li>\n<\/ol>\n<p><img decoding=\"async\" src=\"https:\/\/valikaimlad.ee\/wp-content\/uploads\/2025\/04\/HP_EE.png\" alt=\"\" \/><br \/><br \/><br \/><\/p>\n<p><!-- \/wp:list-item --><!-- wp:list-item --><\/p>\n<p><!-- \/wp:list-item --><!-- wp:list-item --><\/p>\n<p><!-- \/wp:list-item --><!-- wp:list-item --><\/p>\n<p><!-- \/wp:list-item --><!-- wp:list-item --><\/p>\n<p><!-- \/wp:list-item --><\/p>\n<p><!-- \/wp:list --><!-- wp:paragraph --><\/p>\n<hr \/><\/div>\n<\/div>\n<p><!-- \/wp:spacer --><!-- wp:columns --><\/p>\n<div>\n<p><!-- wp:column {\"verticalAlignment\":\"center\",\"width\":\"1140px\"} --><\/p>\n<div style=\"flex-basis: 1140px;\">\n<p><!-- wp:heading --><\/p>\n<h2><br \/><img decoding=\"async\" src=\"https:\/\/valikaimlad.ee\/wp-content\/uploads\/2023\/09\/Copy-of-ESTO_3_EE-1-1024x394.png\" alt=\"Esto 3\" width=\"223\" height=\"86\" \/><\/h2>\n<p><!-- \/wp:paragraph --><!-- wp:paragraph --><\/p>\n<p><strong style=\"font-size: 16px;\">ESTO 3 on suosituin uuden sukupolven maksutapa. Jaa ostosm\u00e4\u00e4r\u00e4si k\u00e4tev\u00e4sti kolmeen yht\u00e4 suureen osaan. Saat juuri sen, mit\u00e4 tarvitset ilman korkoja, lis\u00e4maksuja ja talletuksia.<\/strong><\/p>\n<p><!-- \/wp:heading --><!-- wp:image {\"id\":14268,\"sizeSlug\":\"full\",\"linkDestination\":\"none\",\"align\":\"center\"} --><\/p>\n<p><!-- \/wp:paragraph --><!-- wp:list --><\/p>\n<ol>\n<li style=\"list-style-type: none;\">\n<ol><!-- wp:list-item --><\/ol>\n<\/li>\n<\/ol>\n<p><strong>MITEN SE TOIMII?<\/strong><\/p>\n<ol>\n<li style=\"list-style-type: none;\">\n<ol>\n<li>Lis\u00e4\u00e4 tarvitsemasi tuotteet ostoskoriin.<\/li>\n<li>Valitse ESTO 3 maksutavaksi kassalla.<\/li>\n<li>Saat p\u00e4\u00e4t\u00f6ksen reaaliajassa.<\/li>\n<li>Jos p\u00e4\u00e4t\u00f6s on my\u00f6nteinen, vahvista osto.<\/li>\n<li>ESTO l\u00e4hett\u00e4\u00e4 sinulle ensimm\u00e4isen laskun seuraavan kuukauden 15. p\u00e4iv\u00e4n\u00e4.<\/li>\n<\/ol>\n<\/li>\n<\/ol>\n<p><img decoding=\"async\" src=\"https:\/\/valikaimlad.ee\/wp-content\/uploads\/2025\/04\/ESTO-3-1.png\" alt=\"\" \/><\/p>\n<hr \/>\n<p><!-- \/wp:list-item --><!-- wp:list-item --><\/p>\n<p><!-- \/wp:list-item --><!-- wp:list-item --><\/p>\n<p><!-- \/wp:list-item --><!-- wp:list-item --><\/p>\n<p><!-- \/wp:list-item --><!-- wp:list-item --><\/p>\n<p><br \/><br \/><br \/><br \/><br \/>Rahoituspalvelun tarjoaa ESTO AS. Ennen kuin allekirjoitat sopimuksen, tutustu ehtoihin ja ota tarvittaessa yhteytt\u00e4 ammattilaiseen. Lis\u00e4tietoja saat osoitteesta www.esto.ee.<\/p>\n<p><strong>\u00a0<\/strong><\/p>\n<p><strong>MIK\u00c4 ON ESTO?<br \/><\/strong>ESTO on Baltian suosituin maksuratkaisujen tarjoaja, joka mullistaa tavan, jolla kauppiaat myyv\u00e4t ja kuluttajat ostavat. ESTOlla on l\u00e4hes 500 000 aktiivista asiakasta ja yli 3 000 kumppanikauppaa Baltiassa. ESTOn teht\u00e4v\u00e4n\u00e4 on auttaa kumppaneita myym\u00e4\u00e4n ja asiakkaita ostamaan.<\/p>\n<p>Jos tarvitset apua, ota yhteytt\u00e4 ESTO AS:n ty\u00f6ntekij\u00e4\u00e4n osoitteessa info@esto.ee tai k\u00e4y osoitteessa. <a href=\"https:\/\/esto.eu\/ee\/kliendile-klienditugi\" target=\"_blank\" rel=\"noopener\">https:\/\/esto.eu\/ee\/kliendile-klienditugi<\/a>.<\/p>\n<p><!-- \/wp:paragraph --><!-- wp:spacer {\"height\":\"40px\",\"className\":\"spacer-column\"} --><\/p>\n<div style=\"height: 40px;\" aria-hidden=\"true\">\u00a0<\/div>\n<p><!-- \/wp:spacer --><\/p>\n<\/div>\n<p><!-- \/wp:column --><\/p>\n<\/div>\n<p><!-- \/wp:columns --><\/p>\t\t\t\t\t\t<\/div>\n\t\t\t\t<\/div>\n\t\t\t\t\t<\/div>\n\t\t<\/div>\n\t\t\t\t\t<\/div>\n\t\t<\/section>\n\t\t\t\t<\/div>","protected":false},"excerpt":{"rendered":"<p>ESTO-osamaksut ovat joustava maksuratkaisu, jonka avulla voit jakaa maksusi k\u00e4tev\u00e4sti kuukausieriin. Jaa ostosumma k\u00e4tev\u00e4sti sinulle sopivalle ajanjaksolle. Voit valita jakson ja maksuer\u00e4n m\u00e4\u00e4r\u00e4n ostoksen yhteydess\u00e4 valitsemalla kassalla ESTO-er\u00e4maksut. Miten ESTO-osamaksusuunnitelmaa k\u00e4ytet\u00e4\u00e4n? ESTO 3 on suosituin uuden sukupolven maksutapa. Jaa ostosumma k\u00e4tev\u00e4sti 3 yht\u00e4 suureen osaan. Saat juuri sen, mit\u00e4 tarvitset ilman korkoja, [...]<\/p>","protected":false},"author":2,"featured_media":0,"parent":0,"menu_order":0,"comment_status":"closed","ping_status":"closed","template":"","meta":{"_acf_changed":false,"rank_math_lock_modified_date":false,"site-sidebar-layout":"default","site-content-layout":"","ast-site-content-layout":"default","site-content-style":"default","site-sidebar-style":"default","ast-global-header-display":"","ast-banner-title-visibility":"","ast-main-header-display":"","ast-hfb-above-header-display":"","ast-hfb-below-header-display":"","ast-hfb-mobile-header-display":"","site-post-title":"disabled","ast-breadcrumbs-content":"","ast-featured-img":"","footer-sml-layout":"","theme-transparent-header-meta":"","adv-header-id-meta":"","stick-header-meta":"","header-above-stick-meta":"","header-main-stick-meta":"","header-below-stick-meta":"","astra-migrate-meta-layouts":"set","ast-page-background-enabled":"default","ast-page-background-meta":{"desktop":{"background-color":"var(--ast-global-color-4)","background-image":"","background-repeat":"repeat","background-position":"center center","background-size":"auto","background-attachment":"scroll","background-type":"","background-media":"","overlay-type":"","overlay-color":"","overlay-opacity":"","overlay-gradient":""},"tablet":{"background-color":"","background-image":"","background-repeat":"repeat","background-position":"center center","background-size":"auto","background-attachment":"scroll","background-type":"","background-media":"","overlay-type":"","overlay-color":"","overlay-opacity":"","overlay-gradient":""},"mobile":{"background-color":"","background-image":"","background-repeat":"repeat","background-position":"center center","background-size":"auto","background-attachment":"scroll","background-type":"","background-media":"","overlay-type":"","overlay-color":"","overlay-opacity":"","overlay-gradient":""}},"ast-content-background-meta":{"desktop":{"background-color":"var(--ast-global-color-5)","background-image":"","background-repeat":"repeat","background-position":"center center","background-size":"auto","background-attachment":"scroll","background-type":"","background-media":"","overlay-type":"","overlay-color":"","overlay-opacity":"","overlay-gradient":""},"tablet":{"background-color":"var(--ast-global-color-5)","background-image":"","background-repeat":"repeat","background-position":"center center","background-size":"auto","background-attachment":"scroll","background-type":"","background-media":"","overlay-type":"","overlay-color":"","overlay-opacity":"","overlay-gradient":""},"mobile":{"background-color":"var(--ast-global-color-5)","background-image":"","background-repeat":"repeat","background-position":"center center","background-size":"auto","background-attachment":"scroll","background-type":"","background-media":"","overlay-type":"","overlay-color":"","overlay-opacity":"","overlay-gradient":""}},"footnotes":""},"class_list":["post-11146","page","type-page","status-publish","hentry"],"acf":[],"_links":{"self":[{"href":"https:\/\/valikaimlad.ee\/fi\/wp-json\/wp\/v2\/pages\/11146"}],"collection":[{"href":"https:\/\/valikaimlad.ee\/fi\/wp-json\/wp\/v2\/pages"}],"about":[{"href":"https:\/\/valikaimlad.ee\/fi\/wp-json\/wp\/v2\/types\/page"}],"author":[{"embeddable":true,"href":"https:\/\/valikaimlad.ee\/fi\/wp-json\/wp\/v2\/users\/2"}],"replies":[{"embeddable":true,"href":"https:\/\/valikaimlad.ee\/fi\/wp-json\/wp\/v2\/comments?post=11146"}],"version-history":[{"count":44,"href":"https:\/\/valikaimlad.ee\/fi\/wp-json\/wp\/v2\/pages\/11146\/revisions"}],"predecessor-version":[{"id":15805,"href":"https:\/\/valikaimlad.ee\/fi\/wp-json\/wp\/v2\/pages\/11146\/revisions\/15805"}],"wp:attachment":[{"href":"https:\/\/valikaimlad.ee\/fi\/wp-json\/wp\/v2\/media?parent=11146"}],"curies":[{"name":"wp","href":"https:\/\/api.w.org\/{rel}","templated":true}]}}