{"id":6329,"date":"2023-03-11T21:04:33","date_gmt":"2023-03-11T19:04:33","guid":{"rendered":"https:\/\/valikaimlad.ee\/?post_type=product&#038;p=6329"},"modified":"2026-04-20T22:30:55","modified_gmt":"2026-04-20T19:30:55","slug":"valikaimla-classic-1","status":"publish","type":"product","link":"https:\/\/valikaimlad.ee\/en\/product\/classic-1\/","title":{"rendered":"Outdoor toilet Classic 1"},"content":{"rendered":"<div data-elementor-type=\"product-post\" data-elementor-id=\"6329\" class=\"elementor elementor-6329\" data-elementor-post-type=\"product\">\n\t\t\t\t\t\t<section class=\"elementor-section elementor-top-section elementor-element elementor-element-792b049 elementor-section-full_width elementor-section-height-default elementor-section-height-default\" data-id=\"792b049\" data-element_type=\"section\">\n\t\t\t\t\t\t<div class=\"elementor-container elementor-column-gap-default\">\n\t\t\t\t\t<div class=\"elementor-column elementor-col-100 elementor-top-column elementor-element elementor-element-677e4a9\" data-id=\"677e4a9\" data-element_type=\"column\">\n\t\t\t<div class=\"elementor-widget-wrap elementor-element-populated\">\n\t\t\t\t\t\t<div class=\"elementor-element elementor-element-2d32ba0 elementor-widget elementor-widget-heading\" data-id=\"2d32ba0\" data-element_type=\"widget\" data-widget_type=\"heading.default\">\n\t\t\t\t<div class=\"elementor-widget-container\">\n\t\t\t<style>\/*! elementor - v3.23.0 - 05-08-2024 *\/\n.elementor-heading-title{padding:0;margin:0;line-height:1}.elementor-widget-heading .elementor-heading-title[class*=elementor-size-]>a{color:inherit;font-size:inherit;line-height:inherit}.elementor-widget-heading .elementor-heading-title.elementor-size-small{font-size:15px}.elementor-widget-heading .elementor-heading-title.elementor-size-medium{font-size:19px}.elementor-widget-heading .elementor-heading-title.elementor-size-large{font-size:29px}.elementor-widget-heading .elementor-heading-title.elementor-size-xl{font-size:39px}.elementor-widget-heading .elementor-heading-title.elementor-size-xxl{font-size:59px}<\/style><h2 class=\"elementor-heading-title elementor-size-default\">Outdoor toilet Classic 1<\/h2>\t\t<\/div>\n\t\t\t\t<\/div>\n\t\t\t\t<section class=\"elementor-section elementor-inner-section elementor-element elementor-element-975adb6 elementor-section-full_width elementor-section-content-middle elementor-section-height-default elementor-section-height-default\" data-id=\"975adb6\" data-element_type=\"section\">\n\t\t\t\t\t\t<div class=\"elementor-container elementor-column-gap-default\">\n\t\t\t\t\t<div class=\"elementor-column elementor-col-50 elementor-inner-column elementor-element elementor-element-f883bc9\" data-id=\"f883bc9\" data-element_type=\"column\">\n\t\t\t<div class=\"elementor-widget-wrap elementor-element-populated\">\n\t\t\t\t\t\t<div class=\"elementor-element elementor-element-f7ba9e4 elementor-widget elementor-widget-text-editor\" data-id=\"f7ba9e4\" data-element_type=\"widget\" data-widget_type=\"text-editor.default\">\n\t\t\t\t<div class=\"elementor-widget-container\">\n\t\t\t<style>\/*! elementor - v3.23.0 - 05-08-2024 *\/\n.elementor-widget-text-editor.elementor-drop-cap-view-stacked .elementor-drop-cap{background-color:#69727d;color:#fff}.elementor-widget-text-editor.elementor-drop-cap-view-framed .elementor-drop-cap{color:#69727d;border:3px solid;background-color:transparent}.elementor-widget-text-editor:not(.elementor-drop-cap-view-default) .elementor-drop-cap{margin-top:8px}.elementor-widget-text-editor:not(.elementor-drop-cap-view-default) .elementor-drop-cap-letter{width:1em;height:1em}.elementor-widget-text-editor .elementor-drop-cap{float:left;text-align:center;line-height:1;font-size:50px}.elementor-widget-text-editor .elementor-drop-cap-letter{display:inline-block}<\/style>\t\t\t\t<p>High quality planed wood frame outdoor kiln <strong>CLASSIC 1<br \/><\/strong>Praktiline lahendus igasse koduaeda.<\/p><p><strong>V\u00e4lik\u00e4imla tarnitakse kokkupanduna ja on kohe kasutusvalmis.<\/strong><\/p><ul><li>Toilet bottom dimensions: 147cm x 127cm<\/li><li>Latrine height: 238cm<\/li><li>Immersed sub-frame<\/li><li>Planed solid wood floorboard 24mm<\/li><li>Exterior cladding board 18mm<\/li><li>Roof board 19mm<\/li><li>Icopal bitumen-resistant roofing (standard black)<\/li><li style=\"font-size: 16px;\">Tell water stains<\/li><li>2x double glazed window<\/li><li style=\"font-size: 16px;\"><u>PATENTED PRODUCT<\/u><\/li><\/ul><p>- The toilet is delivered in assembled form. Access by forklift is required for installation.<br \/><span style=\"font-style: inherit; font-weight: inherit;\">- It is also possible to transport the complete toilet with a trailer.<br \/><\/span><span style=\"font-style: inherit; font-weight: inherit;\">- If you wish, you can order the toilet as prefabricated wall elements and erect it yourself, following the installation instructions. Installation takes on average 2-3 hours for two people.<br \/><\/span><span style=\"font-style: inherit; font-weight: inherit;\">- The prices of the pots include installation in the toilet (excluding the installation of a canister to collect the liquid).<br \/>&#8211;<\/span><span style=\"font-style: inherit; font-weight: inherit;\">We use special soil screws (4 pcs) for the toilet foundation.\u00a0\u00a0<br \/><\/span><span style=\"font-style: inherit; font-weight: inherit;\">- As standard, all of our toilets are made with a window on the right (front view). On request, a window can also be ordered for the left side.<\/span><\/p><p><span style=\"font-style: inherit; font-weight: inherit;\"><strong>V\u00c4LISVIIMISTLUS:<\/strong><br \/>* K\u00f5ik v\u00e4lisviimistluse hinnad sisaldavad p\u00f5randa ja k\u00e4imla aluskarkassi viimistlust terrassi\u00f5liga.\u00a0<br \/><em>We can also finish to the customer's colour code - please contact our customer service: info@valikaimlad.ee<\/em><\/span><\/p>\t\t\t\t\t\t<\/div>\n\t\t\t\t<\/div>\n\t\t\t\t\t<\/div>\n\t\t<\/div>\n\t\t\t\t<div class=\"elementor-column elementor-col-50 elementor-inner-column elementor-element elementor-element-14ce682\" data-id=\"14ce682\" data-element_type=\"column\">\n\t\t\t<div class=\"elementor-widget-wrap elementor-element-populated\">\n\t\t\t\t\t\t<div class=\"elementor-element elementor-element-3c0a70b elementor-widget elementor-widget-image\" data-id=\"3c0a70b\" data-element_type=\"widget\" data-widget_type=\"image.default\">\n\t\t\t\t<div class=\"elementor-widget-container\">\n\t\t\t<style>\/*! elementor - v3.23.0 - 05-08-2024 *\/\n.elementor-widget-image{text-align:center}.elementor-widget-image a{display:inline-block}.elementor-widget-image a img[src$=\".svg\"]{width:48px}.elementor-widget-image img{vertical-align:middle;display:inline-block}<\/style>\t\t\t\t\t\t\t\t\t\t<img fetchpriority=\"high\" decoding=\"async\" width=\"768\" height=\"1024\" src=\"https:\/\/valikaimlad.ee\/wp-content\/uploads\/2023\/03\/20250923_162134-768x1024.jpg\" class=\"attachment-large size-large wp-image-15078\" alt=\"\" srcset=\"https:\/\/valikaimlad.ee\/wp-content\/uploads\/2023\/03\/20250923_162134-768x1024.jpg 768w, https:\/\/valikaimlad.ee\/wp-content\/uploads\/2023\/03\/20250923_162134-225x300.jpg 225w, https:\/\/valikaimlad.ee\/wp-content\/uploads\/2023\/03\/20250923_162134-9x12.jpg 9w, https:\/\/valikaimlad.ee\/wp-content\/uploads\/2023\/03\/20250923_162134-700x933.jpg 700w, https:\/\/valikaimlad.ee\/wp-content\/uploads\/2023\/03\/20250923_162134.jpg 1050w\" sizes=\"(max-width: 768px) 100vw, 768px\" \/>\t\t\t\t\t\t\t\t\t\t\t\t\t<\/div>\n\t\t\t\t<\/div>\n\t\t\t\t\t<\/div>\n\t\t<\/div>\n\t\t\t\t\t<\/div>\n\t\t<\/section>\n\t\t\t\t<section class=\"elementor-section elementor-inner-section elementor-element elementor-element-b6fa60b elementor-section-boxed elementor-section-height-default elementor-section-height-default\" data-id=\"b6fa60b\" data-element_type=\"section\">\n\t\t\t\t\t\t<div class=\"elementor-container elementor-column-gap-default\">\n\t\t\t\t\t<div class=\"elementor-column elementor-col-100 elementor-inner-column elementor-element elementor-element-1649580\" data-id=\"1649580\" data-element_type=\"column\">\n\t\t\t<div class=\"elementor-widget-wrap elementor-element-populated\">\n\t\t\t\t\t\t<div class=\"elementor-element elementor-element-39e6889 elementor-widget elementor-widget-text-editor\" data-id=\"39e6889\" data-element_type=\"widget\" data-widget_type=\"text-editor.default\">\n\t\t\t\t<div class=\"elementor-widget-container\">\n\t\t\t\t\t\t\t<p><strong><span style=\"vertical-align: inherit;\"><span style=\"vertical-align: inherit;\"><span style=\"vertical-align: inherit;\"><span style=\"vertical-align: inherit;\">TODAY\u00a0<br \/><\/span><\/span><\/span><\/span><\/strong><span style=\"vertical-align: inherit;\"><span style=\"vertical-align: inherit;\"><span style=\"vertical-align: inherit;\"><span style=\"vertical-align: inherit;\">Delivery time depends on whether the product is currently in stock and whether the product is ordered with or without finishing.<\/span><\/span><\/span><\/span><\/p><ul><li><span style=\"font-style: inherit; font-weight: inherit;\">In stock (unfinished products): 3-5 working days\u00a0<\/span><\/li><li>In stock (products ordered with finish): up to 2 weeks<\/li><li>On order (products not currently in stock): 3-4 weeks<\/li><\/ul><p>Shorter or longer delivery times are also possible with prior agreement.<\/p>\t\t\t\t\t\t<\/div>\n\t\t\t\t<\/div>\n\t\t\t\t\t<\/div>\n\t\t<\/div>\n\t\t\t\t\t<\/div>\n\t\t<\/section>\n\t\t\t\t\t<\/div>\n\t\t<\/div>\n\t\t\t\t\t<\/div>\n\t\t<\/section>\n\t\t\t\t<section class=\"elementor-section elementor-top-section elementor-element elementor-element-29aa7f2 elementor-section-boxed elementor-section-height-default elementor-section-height-default\" data-id=\"29aa7f2\" data-element_type=\"section\">\n\t\t\t\t\t\t<div class=\"elementor-container elementor-column-gap-default\">\n\t\t\t\t\t<div class=\"elementor-column elementor-col-100 elementor-top-column elementor-element elementor-element-218508d\" data-id=\"218508d\" data-element_type=\"column\">\n\t\t\t<div class=\"elementor-widget-wrap elementor-element-populated\">\n\t\t\t\t\t\t<div class=\"elementor-element elementor-element-d1bde98 elementor-widget elementor-widget-image\" data-id=\"d1bde98\" data-element_type=\"widget\" data-widget_type=\"image.default\">\n\t\t\t\t<div class=\"elementor-widget-container\">\n\t\t\t\t\t\t\t\t\t\t\t\t\t<img decoding=\"async\" width=\"1024\" height=\"858\" src=\"https:\/\/valikaimlad.ee\/wp-content\/uploads\/2023\/02\/Classic1-ja-Classic2-1024x858.jpg\" class=\"attachment-large size-large wp-image-15755\" alt=\"\" srcset=\"https:\/\/valikaimlad.ee\/wp-content\/uploads\/2023\/02\/Classic1-ja-Classic2-1024x858.jpg 1024w, https:\/\/valikaimlad.ee\/wp-content\/uploads\/2023\/02\/Classic1-ja-Classic2-300x252.jpg 300w, https:\/\/valikaimlad.ee\/wp-content\/uploads\/2023\/02\/Classic1-ja-Classic2-768x644.jpg 768w, https:\/\/valikaimlad.ee\/wp-content\/uploads\/2023\/02\/Classic1-ja-Classic2-14x12.jpg 14w, https:\/\/valikaimlad.ee\/wp-content\/uploads\/2023\/02\/Classic1-ja-Classic2-700x587.jpg 700w, https:\/\/valikaimlad.ee\/wp-content\/uploads\/2023\/02\/Classic1-ja-Classic2.jpg 1058w\" sizes=\"(max-width: 1024px) 100vw, 1024px\" \/>\t\t\t\t\t\t\t\t\t\t\t\t\t<\/div>\n\t\t\t\t<\/div>\n\t\t\t\t\t<\/div>\n\t\t<\/div>\n\t\t\t\t\t<\/div>\n\t\t<\/section>\n\t\t\t\t<\/div>","protected":false},"excerpt":{"rendered":"<p>V\u00e4lik\u00e4imla Classic 1 Kvaliteetne h\u00f6\u00f6velpuidust karkassiga v\u00e4lik\u00e4imla CLASSIC 1 Praktiline lahendus igasse koduaeda. V\u00e4lik\u00e4imla tarnitakse kokkupanduna ja on kohe kasutusvalmis. K\u00e4imla p\u00f5hja m\u00f5\u00f5dud: 147cm x 127cm K\u00e4imla k\u00f5rgus: 238cm Immutatud alusraam H\u00f6\u00f6veldatud t\u00e4ispunn p\u00f5randalaud 24mm Peensaetud v\u00e4lisvoodrilaud 18mm Katuselaudis 19mm Katusekate Icopal bituumensindel (standardina musta v\u00e4rvi) R\u00e4\u00e4sta veeplekid 2x pakettklaasiga aken PATENTEERITUD TOODE &#8211; K\u00e4imlat [&hellip;]<\/p>","protected":false},"featured_media":15881,"template":"","meta":{"_acf_changed":false,"rank_math_lock_modified_date":false,"site-sidebar-layout":"default","site-content-layout":"default","ast-site-content-layout":"default","site-content-style":"default","site-sidebar-style":"default","ast-global-header-display":"","ast-banner-title-visibility":"","ast-main-header-display":"","ast-hfb-above-header-display":"","ast-hfb-below-header-display":"","ast-hfb-mobile-header-display":"","site-post-title":"","ast-breadcrumbs-content":"","ast-featured-img":"","footer-sml-layout":"","theme-transparent-header-meta":"default","adv-header-id-meta":"","stick-header-meta":"default","header-above-stick-meta":"","header-main-stick-meta":"","header-below-stick-meta":"","astra-migrate-meta-layouts":"set","ast-page-background-enabled":"default","ast-page-background-meta":{"desktop":{"background-color":"var(--ast-global-color-4)","background-image":"","background-repeat":"repeat","background-position":"center center","background-size":"auto","background-attachment":"scroll","background-type":"","background-media":"","overlay-type":"","overlay-color":"","overlay-opacity":"","overlay-gradient":""},"tablet":{"background-color":"","background-image":"","background-repeat":"repeat","background-position":"center center","background-size":"auto","background-attachment":"scroll","background-type":"","background-media":"","overlay-type":"","overlay-color":"","overlay-opacity":"","overlay-gradient":""},"mobile":{"background-color":"","background-image":"","background-repeat":"repeat","background-position":"center center","background-size":"auto","background-attachment":"scroll","background-type":"","background-media":"","overlay-type":"","overlay-color":"","overlay-opacity":"","overlay-gradient":""}},"ast-content-background-meta":{"desktop":{"background-color":"var(--ast-global-color-5)","background-image":"","background-repeat":"repeat","background-position":"center center","background-size":"auto","background-attachment":"scroll","background-type":"","background-media":"","overlay-type":"","overlay-color":"","overlay-opacity":"","overlay-gradient":""},"tablet":{"background-color":"var(--ast-global-color-5)","background-image":"","background-repeat":"repeat","background-position":"center center","background-size":"auto","background-attachment":"scroll","background-type":"","background-media":"","overlay-type":"","overlay-color":"","overlay-opacity":"","overlay-gradient":""},"mobile":{"background-color":"var(--ast-global-color-5)","background-image":"","background-repeat":"repeat","background-position":"center center","background-size":"auto","background-attachment":"scroll","background-type":"","background-media":"","overlay-type":"","overlay-color":"","overlay-opacity":"","overlay-gradient":""}}},"product_cat":[83,53,92],"product_tag":[],"class_list":{"0":"post-6329","1":"product","2":"type-product","3":"status-publish","4":"has-post-thumbnail","6":"product_cat-koik-tooted","7":"product_cat-valikaimlad-classic","8":"product_cat-kohe-saadaval","9":"product_shipping_class-tava","10":"desktop-align-center","11":"tablet-align-left","12":"mobile-align-left","13":"ast-product-gallery-layout-horizontal-slider","14":"ast-product-single-variable","15":"ast-product-tabs-layout-horizontal","17":"first","18":"instock","19":"taxable","20":"shipping-taxable","21":"purchasable","22":"product-type-variable"},"acf":[],"_links":{"self":[{"href":"https:\/\/valikaimlad.ee\/en\/wp-json\/wp\/v2\/product\/6329"}],"collection":[{"href":"https:\/\/valikaimlad.ee\/en\/wp-json\/wp\/v2\/product"}],"about":[{"href":"https:\/\/valikaimlad.ee\/en\/wp-json\/wp\/v2\/types\/product"}],"version-history":[{"count":308,"href":"https:\/\/valikaimlad.ee\/en\/wp-json\/wp\/v2\/product\/6329\/revisions"}],"predecessor-version":[{"id":15866,"href":"https:\/\/valikaimlad.ee\/en\/wp-json\/wp\/v2\/product\/6329\/revisions\/15866"}],"wp:featuredmedia":[{"embeddable":true,"href":"https:\/\/valikaimlad.ee\/en\/wp-json\/wp\/v2\/media\/15881"}],"wp:attachment":[{"href":"https:\/\/valikaimlad.ee\/en\/wp-json\/wp\/v2\/media?parent=6329"}],"wp:term":[{"taxonomy":"product_cat","embeddable":true,"href":"https:\/\/valikaimlad.ee\/en\/wp-json\/wp\/v2\/product_cat?post=6329"},{"taxonomy":"product_tag","embeddable":true,"href":"https:\/\/valikaimlad.ee\/en\/wp-json\/wp\/v2\/product_tag?post=6329"}],"curies":[{"name":"wp","href":"https:\/\/api.w.org\/{rel}","templated":true}]}}