{"id":5928,"date":"2023-02-27T01:10:34","date_gmt":"2023-02-26T23:10:34","guid":{"rendered":"https:\/\/valikaimlad.ee\/?page_id=5928"},"modified":"2024-04-17T08:15:28","modified_gmt":"2024-04-17T05:15:28","slug":"privaatsuspoliitika-2","status":"publish","type":"page","link":"https:\/\/valikaimlad.ee\/en\/privacy-policy-2\/","title":{"rendered":"Privacy policy"},"content":{"rendered":"<div data-elementor-type=\"wp-page\" data-elementor-id=\"5928\" class=\"elementor elementor-5928\" data-elementor-post-type=\"page\">\n\t\t\t\t\t\t<section class=\"elementor-section elementor-top-section elementor-element elementor-element-1d02ca80 elementor-section-boxed elementor-section-height-default elementor-section-height-default\" data-id=\"1d02ca80\" data-element_type=\"section\">\n\t\t\t\t\t\t<div class=\"elementor-container elementor-column-gap-default\">\n\t\t\t\t\t<div class=\"elementor-column elementor-col-100 elementor-top-column elementor-element elementor-element-2e9ec29b\" data-id=\"2e9ec29b\" data-element_type=\"column\">\n\t\t\t<div class=\"elementor-widget-wrap elementor-element-populated\">\n\t\t\t\t\t\t<div class=\"elementor-element elementor-element-b45cc0b elementor-widget elementor-widget-spacer\" data-id=\"b45cc0b\" data-element_type=\"widget\" data-widget_type=\"spacer.default\">\n\t\t\t\t<div class=\"elementor-widget-container\">\n\t\t\t<style>\/*! elementor - v3.23.0 - 05-08-2024 *\/\n.elementor-column .elementor-spacer-inner{height:var(--spacer-size)}.e-con{--container-widget-width:100%}.e-con-inner>.elementor-widget-spacer,.e-con>.elementor-widget-spacer{width:var(--container-widget-width,var(--spacer-size));--align-self:var(--container-widget-align-self,initial);--flex-shrink:0}.e-con-inner>.elementor-widget-spacer>.elementor-widget-container,.e-con>.elementor-widget-spacer>.elementor-widget-container{height:100%;width:100%}.e-con-inner>.elementor-widget-spacer>.elementor-widget-container>.elementor-spacer,.e-con>.elementor-widget-spacer>.elementor-widget-container>.elementor-spacer{height:100%}.e-con-inner>.elementor-widget-spacer>.elementor-widget-container>.elementor-spacer>.elementor-spacer-inner,.e-con>.elementor-widget-spacer>.elementor-widget-container>.elementor-spacer>.elementor-spacer-inner{height:var(--container-widget-height,var(--spacer-size))}.e-con-inner>.elementor-widget-spacer.elementor-widget-empty,.e-con>.elementor-widget-spacer.elementor-widget-empty{position:relative;min-height:22px;min-width:22px}.e-con-inner>.elementor-widget-spacer.elementor-widget-empty .elementor-widget-empty-icon,.e-con>.elementor-widget-spacer.elementor-widget-empty .elementor-widget-empty-icon{position:absolute;top:0;bottom:0;left:0;right:0;margin:auto;padding:0;width:22px;height:22px}<\/style>\t\t<div class=\"elementor-spacer\">\n\t\t\t<div class=\"elementor-spacer-inner\"><\/div>\n\t\t<\/div>\n\t\t\t\t<\/div>\n\t\t\t\t<\/div>\n\t\t\t\t<div class=\"elementor-element elementor-element-d9a5c3c elementor-widget elementor-widget-heading\" data-id=\"d9a5c3c\" data-element_type=\"widget\" data-widget_type=\"heading.default\">\n\t\t\t\t<div class=\"elementor-widget-container\">\n\t\t\t<style>\/*! elementor - v3.23.0 - 05-08-2024 *\/\n.elementor-heading-title{padding:0;margin:0;line-height:1}.elementor-widget-heading .elementor-heading-title[class*=elementor-size-]>a{color:inherit;font-size:inherit;line-height:inherit}.elementor-widget-heading .elementor-heading-title.elementor-size-small{font-size:15px}.elementor-widget-heading .elementor-heading-title.elementor-size-medium{font-size:19px}.elementor-widget-heading .elementor-heading-title.elementor-size-large{font-size:29px}.elementor-widget-heading .elementor-heading-title.elementor-size-xl{font-size:39px}.elementor-widget-heading .elementor-heading-title.elementor-size-xxl{font-size:59px}<\/style><h2 class=\"elementor-heading-title elementor-size-default\">Privacy policy<\/h2>\t\t<\/div>\n\t\t\t\t<\/div>\n\t\t\t\t<div class=\"elementor-element elementor-element-8481fbb elementor-widget elementor-widget-text-editor\" data-id=\"8481fbb\" data-element_type=\"widget\" data-widget_type=\"text-editor.default\">\n\t\t\t\t<div class=\"elementor-widget-container\">\n\t\t\t<style>\/*! elementor - v3.23.0 - 05-08-2024 *\/\n.elementor-widget-text-editor.elementor-drop-cap-view-stacked .elementor-drop-cap{background-color:#69727d;color:#fff}.elementor-widget-text-editor.elementor-drop-cap-view-framed .elementor-drop-cap{color:#69727d;border:3px solid;background-color:transparent}.elementor-widget-text-editor:not(.elementor-drop-cap-view-default) .elementor-drop-cap{margin-top:8px}.elementor-widget-text-editor:not(.elementor-drop-cap-view-default) .elementor-drop-cap-letter{width:1em;height:1em}.elementor-widget-text-editor .elementor-drop-cap{float:left;text-align:center;line-height:1;font-size:50px}.elementor-widget-text-editor .elementor-drop-cap-letter{display:inline-block}<\/style>\t\t\t\t<p>Last updated: 11.04.2024<\/p>\n<p>Date of entry into force: 11.04.2024<\/p>\t\t\t\t\t\t<\/div>\n\t\t\t\t<\/div>\n\t\t\t\t<div class=\"elementor-element elementor-element-a059c06 elementor-widget elementor-widget-text-editor\" data-id=\"a059c06\" data-element_type=\"widget\" data-widget_type=\"text-editor.default\">\n\t\t\t\t<div class=\"elementor-widget-container\">\n\t\t\t\t\t\t\t<p>The controller of personal data of the online shop valikaimlad.ee is Wohom O\u00dc (registration code: 10532666) (hereinafter referred to as the Online Shop), P\u00f5lva municipality, Tilsi village, Arenduse, P\u00f5lva county 63012, Estonia, e-mail: info@valikaimlad.ee, phone: +372 5556 3196. By accessing or using the Online Shop, you consent to the collection, use and disclosure of your data in accordance with this Privacy Policy.<\/p>\n<p>The online shop reserves the right to modify this privacy policy at any time without prior notice to the user and to publish the modified privacy policy on the website. The amended Privacy Policy will be effective for 90 days from the date of its publication and if you continue to use the Website after that time, you accept the amended Privacy Policy. Therefore, we encourage you to review the Privacy Policy page periodically.<\/p>\t\t\t\t\t\t<\/div>\n\t\t\t\t<\/div>\n\t\t\t\t<div class=\"elementor-element elementor-element-68ab38a elementor-widget elementor-widget-text-editor\" data-id=\"68ab38a\" data-element_type=\"widget\" data-widget_type=\"text-editor.default\">\n\t\t\t\t<div class=\"elementor-widget-container\">\n\t\t\t\t\t\t\t<h2>Information collected<\/h2>\n<p>We collect and process the following personal data:<\/p>\n<ul>\n<li><strong>Name<\/strong><\/li>\n<li><strong>E-mail address<\/strong><\/li>\n<li><strong>Phone number<\/strong><\/li>\n<li><strong>Delivery address<\/strong><\/li>\n<li><strong>current account number<\/strong><\/li>\n<li><strong>Customer support details<\/strong><\/li>\n<li><strong>Cost of goods and services and payment details (purchase history)<\/strong><\/li>\n<li><strong>IP address<\/strong><\/li>\n<\/ul>\t\t\t\t\t\t<\/div>\n\t\t\t\t<\/div>\n\t\t\t\t<div class=\"elementor-element elementor-element-31621c2 elementor-widget elementor-widget-text-editor\" data-id=\"31621c2\" data-element_type=\"widget\" data-widget_type=\"text-editor.default\">\n\t\t\t\t<div class=\"elementor-widget-container\">\n\t\t\t\t\t\t\t<h2>Recipients to whom personal data are disclosed<\/h2>\n<p>Personal data may be transferred to information technology service providers if this is necessary to ensure the functionality or data availability of the online shop.<\/p>\n<p>We will not disclose your personal information to third parties without your consent, except in the limited circumstances described below:<\/p>\n<ul>\n<li><strong>Advertising service<\/strong><\/li>\n<li><strong>Analytics<\/strong><\/li>\n<\/ul>\n<p>We require such third parties to use the personal information provided to them only for the purposes for which it was provided and to retain it no longer than necessary to fulfill those purposes.<\/p>\t\t\t\t\t\t<\/div>\n\t\t\t\t<\/div>\n\t\t\t\t<div class=\"elementor-element elementor-element-3e57251 elementor-widget elementor-widget-text-editor\" data-id=\"3e57251\" data-element_type=\"widget\" data-widget_type=\"text-editor.default\">\n\t\t\t\t<div class=\"elementor-widget-container\">\n\t\t\t\t\t\t\t<h2>How we use data<\/h2>\n<p>Personal data is used for the management of customer orders and the delivery of goods.<br \/>Purchase history data (date of purchase, goods, quantity, customer details) is used to compile an overview of goods and services purchased, to analyse customer preferences and for the purpose of, among other things, resolving consumer disputes.<\/p>\n<p>personal data, such as e-mail, telephone number, customer name, are processed for the purpose of resolving issues related to the provision of goods and services (customer support). In addition, e-mail is used to send invoices and the telephone number is used to notify the arrival of goods at the parcel machine.<br \/>The IP address or other network identifiers of the user of the online shop are processed for the purpose of providing the online shop as an information society service and for the purpose of web usage statistics.\u00a0\u00a0\u00a0<\/p>\n<p>We use the information collected for the following purposes:<\/p>\n<ul>\n<li>Marketing\/ advertising<\/li>\n<li>Collecting customer feedback<\/li>\n<li>Processing and managing orders<\/li>\n<li>Analytics<\/li>\n<li>Direct marketing communications<\/li>\n<\/ul>\n<p>If we want to use the data for any other purpose, we will ask for your consent and will only use your data where we have your consent and then only for the purposes for which we asked, unless we are required by law to do otherwise.<\/p>\t\t\t\t\t\t<\/div>\n\t\t\t\t<\/div>\n\t\t\t\t<div class=\"elementor-element elementor-element-a6eb313 elementor-widget elementor-widget-text-editor\" data-id=\"a6eb313\" data-element_type=\"widget\" data-widget_type=\"text-editor.default\">\n\t\t\t\t<div class=\"elementor-widget-container\">\n\t\t\t\t\t\t\t<h3>Direct marketing communications<\/h3>\n<p>The e-mail address and telephone number will be used to send direct marketing messages, if necessary, if the customer has given his consent. If the customer does not wish to receive direct marketing communications, he\/she should select the appropriate reference in the footer of the e-mail or contact customer support.<\/p>\n<p>Where personal data is processed for the purposes of direct marketing (profiling), the customer has the right to object at any time to both the initial and further processing of his or her personal data, including profiling in relation to direct marketing, by informing Customer Support by e-mail.<\/p>\n<p>We may also disclose your personal information to (1) comply with any applicable law, regulation, court order or other legal process; (2) enforce any agreements we have with you, including this Privacy Policy; or (3) respond to claims that your use of the Service violates the rights of third parties. If an online store or company is merged or acquired by another company, your information will be one of the assets that is transferred to the new owner.<\/p>\t\t\t\t\t\t<\/div>\n\t\t\t\t<\/div>\n\t\t\t\t<div class=\"elementor-element elementor-element-636ee4f elementor-widget elementor-widget-text-editor\" data-id=\"636ee4f\" data-element_type=\"widget\" data-widget_type=\"text-editor.default\">\n\t\t\t\t<div class=\"elementor-widget-container\">\n\t\t\t\t\t\t\t<h2>Data retention<\/h2>\n<p>We will retain personal information for 90 days to 18 months after the purchase or for as long as we need it to fulfil the purposes for which it was collected, as detailed in this Privacy Policy. We may need to retain certain information for longer periods, for example, for data retention\/reporting purposes in accordance with applicable law or for other legitimate reasons, such as enforcement of legal rights, fraud prevention, etc. Residual anonymous information and aggregate information, neither of which identifies you (directly or indirectly), may be retained indefinitely.<\/p>\t\t\t\t\t\t<\/div>\n\t\t\t\t<\/div>\n\t\t\t\t<div class=\"elementor-element elementor-element-50288c6 elementor-widget elementor-widget-text-editor\" data-id=\"50288c6\" data-element_type=\"widget\" data-widget_type=\"text-editor.default\">\n\t\t\t\t<div class=\"elementor-widget-container\">\n\t\t\t\t\t\t\t<h2>Rights<\/h2>\n<p>Depending on the applicable data protection law, you have the right to access and rectify your personal data or request its deletion or to obtain a copy of your personal data, to restrict or object to our active processing of your data, to request us to share your personal data with another entity, to withdraw your consent to our processing of your data, to lodge a complaint with a statutory authority and such other rights as may be appropriate under the applicable law.<\/p>\t\t\t\t\t\t<\/div>\n\t\t\t\t<\/div>\n\t\t\t\t<div class=\"elementor-element elementor-element-62dacb2 elementor-widget elementor-widget-text-editor\" data-id=\"62dacb2\" data-element_type=\"widget\" data-widget_type=\"text-editor.default\">\n\t\t\t\t<div class=\"elementor-widget-container\">\n\t\t\t\t\t\t\t<h3>Access, correction and deletion of personal data<\/h3>\n<p>Personal data can be accessed and corrected via the personal data clindito. If the request for access to personal data has been made electronically, the information shall also be provided by commonly used electronic means.<\/p>\n<p>&nbsp;<\/p>\n<h3>Withdrawal of consent<\/h3>\n<p>If the processing of personal data is based on the consent of the customer, the customer has the right to withdraw the consent by informing Customer Support by e-mail. <a href=\"\/en\/info@valikaimlad.ee \/\">info@valikaimlad.ee<\/a><\/p>\n<p>&nbsp;<\/p>\n<h3>Storage<\/h3>\n<p>When the customer deletes personal data requested by the online shop, all data will be deleted, except for personal data (purchase history data) that need to be stored for accounting purposes or for the settlement of consumer disputes. In the case of disputes relating to payments and consumer disputes, personal data will be kept until the claim is settled or the limitation period expires. Personal data contained in the accounting records are kept for 7 years.<\/p>\n<p>&nbsp;<\/p>\n<h3>Restriction<\/h3>\n<p>You have the right to request the restriction of the processing of your personal data if the data is inaccurate or incomplete or if your personal data is processed unlawfully.<\/p>\n<p>&nbsp;<\/p>\n<h3>Objections<\/h3>\n<p>The customer has the right to object to the processing of his\/her personal data if he\/she has reason to believe that there is no lawful basis for the processing of his\/her personal data.<\/p>\n<p>&nbsp;<\/p>\n<h3>Deletion<\/h3>\n<p>In order to delete personal data, you must contact customer support by e-mail. A reply to the deletion request will be sent within one month at the latest, specifying the period of deletion. The reply to the request will also indicate which personal data will not be deleted and on what legal basis and for what reason.<\/p>\t\t\t\t\t\t<\/div>\n\t\t\t\t<\/div>\n\t\t\t\t<div class=\"elementor-element elementor-element-28c2bc2 elementor-widget elementor-widget-text-editor\" data-id=\"28c2bc2\" data-element_type=\"widget\" data-widget_type=\"text-editor.default\">\n\t\t\t\t<div class=\"elementor-widget-container\">\n\t\t\t\t\t\t\t<h2>Cookies<\/h2>\n<p>For more information on how we use cookies, please see. <a href=\"https:\/\/valikaimlad.ee\/en\/coupsist-policy\/\">on cookie policy<\/a><\/p>\t\t\t\t\t\t<\/div>\n\t\t\t\t<\/div>\n\t\t\t\t<div class=\"elementor-element elementor-element-0a86e8c elementor-widget elementor-widget-text-editor\" data-id=\"0a86e8c\" data-element_type=\"widget\" data-widget_type=\"text-editor.default\">\n\t\t\t\t<div class=\"elementor-widget-container\">\n\t\t\t\t\t\t\t<h2>Security and data access<\/h2>\n<p>The security of your data is important to us and we use security measures to prevent the loss, misuse or unauthorised alteration of data under our control. Personal data is stored on Zone Media O\u00dc servers located in the territory of a Member State of the European Union. Data may be transferred to countries whose level of data protection has been assessed as adequate by the European Commission or to a third country company for which a safeguard measure as referred to in Article 46 has been applied.<br \/>Access to personal data is granted to the employees of the online shop, who can access personal data in order to resolve technical issues related to the use of the online shop and to provide customer support services.<br \/>The online shop implements appropriate physical, organisational and IT security measures to protect personal data against accidental or unlawful destruction, loss, alteration or unauthorised access and disclosure.<br \/>The transfer of personal data to the online shop's processors (e.g. transport service provider and data aggregator) is based on contracts between the online shop and the processors. The processors are obliged to ensure appropriate safeguards when processing personal data.<\/p>\n<p>However, given the risks involved, we cannot guarantee absolute security and therefore we cannot ensure or warrant the security of any information you transmit to us and you do so at your own risk.<\/p>\t\t\t\t\t\t<\/div>\n\t\t\t\t<\/div>\n\t\t\t\t<div class=\"elementor-element elementor-element-c0421c1 elementor-widget elementor-widget-text-editor\" data-id=\"c0421c1\" data-element_type=\"widget\" data-widget_type=\"text-editor.default\">\n\t\t\t\t<div class=\"elementor-widget-container\">\n\t\t\t\t\t\t\t<h2>Third party links:<\/h2>\n<p>The online shop may contain links to other websites that we do not manage. This Privacy Policy does not address the privacy policies or other practices of third parties, including third parties that operate websites or services that may be accessible through a link. We strongly encourage you to review the privacy policy of each website you visit. We have no control over, and assume no responsibility for, the content, privacy policies or practices of any third party websites or services.<\/p>\t\t\t\t\t\t<\/div>\n\t\t\t\t<\/div>\n\t\t\t\t<div class=\"elementor-element elementor-element-e2498cc elementor-widget elementor-widget-text-editor\" data-id=\"e2498cc\" data-element_type=\"widget\" data-widget_type=\"text-editor.default\">\n\t\t\t\t<div class=\"elementor-widget-container\">\n\t\t\t\t\t\t\t<h2>Complaints<\/h2>\n<p>If you have any questions or concerns about the processing of data held by us, you can email the Complaints Officer at info@valikaimlad.ee. We will deal with your concerns in accordance with applicable law.<\/p><br \/>\n<h2>Dispute resolution<\/h2>\n<p>Disputes relating to the processing of personal data can be resolved through customer support by sending an e-mail to.\u00a0<a href=\"\/en\/info@valikaimlad.ee \/\">info@valikaimlad.ee<\/a> or call +372 538 89594. The supervisory authority is the Estonian Data Protection Inspectorate (<a href=\"mailto:info@aki.ee\">info@aki.ee<\/a>).<\/p>\t\t\t\t\t\t<\/div>\n\t\t\t\t<\/div>\n\t\t\t\t<div class=\"elementor-element elementor-element-21fcf81 elementor-widget elementor-widget-spacer\" data-id=\"21fcf81\" data-element_type=\"widget\" data-widget_type=\"spacer.default\">\n\t\t\t\t<div class=\"elementor-widget-container\">\n\t\t\t\t\t<div class=\"elementor-spacer\">\n\t\t\t<div class=\"elementor-spacer-inner\"><\/div>\n\t\t<\/div>\n\t\t\t\t<\/div>\n\t\t\t\t<\/div>\n\t\t\t\t\t<\/div>\n\t\t<\/div>\n\t\t\t\t\t<\/div>\n\t\t<\/section>\n\t\t\t\t<section class=\"elementor-section elementor-top-section elementor-element elementor-element-dadd31f elementor-section-boxed elementor-section-height-default elementor-section-height-default\" data-id=\"dadd31f\" data-element_type=\"section\">\n\t\t\t\t\t\t<div class=\"elementor-container elementor-column-gap-default\">\n\t\t\t\t\t<div class=\"elementor-column elementor-col-100 elementor-top-column elementor-element elementor-element-7a3a40f\" data-id=\"7a3a40f\" data-element_type=\"column\">\n\t\t\t<div class=\"elementor-widget-wrap\">\n\t\t\t\t\t\t\t<\/div>\n\t\t<\/div>\n\t\t\t\t\t<\/div>\n\t\t<\/section>\n\t\t\t\t<\/div>","protected":false},"excerpt":{"rendered":"<p>Privacy policy Last updated: 11.04.2024 Effective date: 11.04.2024 The controller of personal data of the online shop valikaimlad.ee is Wohom O\u00dc (registration code: 10532666) (hereinafter referred to as the Online Shop), P\u00f5lva parish, Tilsi village, Arenduse, P\u00f5lva county 63012, Estonia, e-mail: info@valikaimlad.ee, phone: +372 5556 3196. By accessing or using the Online Shop, you consent to the collection, use and disclosure of your data in accordance with this Privacy Policy. The online shop reserves the right to modify this privacy policy [...]<\/p>","protected":false},"author":1,"featured_media":0,"parent":0,"menu_order":0,"comment_status":"closed","ping_status":"closed","template":"","meta":{"_acf_changed":false,"rank_math_lock_modified_date":false,"site-sidebar-layout":"default","site-content-layout":"","ast-site-content-layout":"default","site-content-style":"default","site-sidebar-style":"default","ast-global-header-display":"","ast-banner-title-visibility":"","ast-main-header-display":"","ast-hfb-above-header-display":"","ast-hfb-below-header-display":"","ast-hfb-mobile-header-display":"","site-post-title":"disabled","ast-breadcrumbs-content":"","ast-featured-img":"","footer-sml-layout":"","theme-transparent-header-meta":"","adv-header-id-meta":"","stick-header-meta":"","header-above-stick-meta":"","header-main-stick-meta":"","header-below-stick-meta":"","astra-migrate-meta-layouts":"set","ast-page-background-enabled":"default","ast-page-background-meta":{"desktop":{"background-color":"var(--ast-global-color-4)","background-image":"","background-repeat":"repeat","background-position":"center center","background-size":"auto","background-attachment":"scroll","background-type":"","background-media":"","overlay-type":"","overlay-color":"","overlay-opacity":"","overlay-gradient":""},"tablet":{"background-color":"","background-image":"","background-repeat":"repeat","background-position":"center center","background-size":"auto","background-attachment":"scroll","background-type":"","background-media":"","overlay-type":"","overlay-color":"","overlay-opacity":"","overlay-gradient":""},"mobile":{"background-color":"","background-image":"","background-repeat":"repeat","background-position":"center center","background-size":"auto","background-attachment":"scroll","background-type":"","background-media":"","overlay-type":"","overlay-color":"","overlay-opacity":"","overlay-gradient":""}},"ast-content-background-meta":{"desktop":{"background-color":"var(--ast-global-color-5)","background-image":"","background-repeat":"repeat","background-position":"center center","background-size":"auto","background-attachment":"scroll","background-type":"","background-media":"","overlay-type":"","overlay-color":"","overlay-opacity":"","overlay-gradient":""},"tablet":{"background-color":"var(--ast-global-color-5)","background-image":"","background-repeat":"repeat","background-position":"center center","background-size":"auto","background-attachment":"scroll","background-type":"","background-media":"","overlay-type":"","overlay-color":"","overlay-opacity":"","overlay-gradient":""},"mobile":{"background-color":"var(--ast-global-color-5)","background-image":"","background-repeat":"repeat","background-position":"center center","background-size":"auto","background-attachment":"scroll","background-type":"","background-media":"","overlay-type":"","overlay-color":"","overlay-opacity":"","overlay-gradient":""}},"footnotes":""},"class_list":["post-5928","page","type-page","status-publish","hentry"],"acf":[],"_links":{"self":[{"href":"https:\/\/valikaimlad.ee\/en\/wp-json\/wp\/v2\/pages\/5928"}],"collection":[{"href":"https:\/\/valikaimlad.ee\/en\/wp-json\/wp\/v2\/pages"}],"about":[{"href":"https:\/\/valikaimlad.ee\/en\/wp-json\/wp\/v2\/types\/page"}],"author":[{"embeddable":true,"href":"https:\/\/valikaimlad.ee\/en\/wp-json\/wp\/v2\/users\/1"}],"replies":[{"embeddable":true,"href":"https:\/\/valikaimlad.ee\/en\/wp-json\/wp\/v2\/comments?post=5928"}],"version-history":[{"count":21,"href":"https:\/\/valikaimlad.ee\/en\/wp-json\/wp\/v2\/pages\/5928\/revisions"}],"predecessor-version":[{"id":12565,"href":"https:\/\/valikaimlad.ee\/en\/wp-json\/wp\/v2\/pages\/5928\/revisions\/12565"}],"wp:attachment":[{"href":"https:\/\/valikaimlad.ee\/en\/wp-json\/wp\/v2\/media?parent=5928"}],"curies":[{"name":"wp","href":"https:\/\/api.w.org\/{rel}","templated":true}]}}