{"id":7572,"date":"2023-03-17T17:13:54","date_gmt":"2023-03-17T15:13:54","guid":{"rendered":"https:\/\/valikaimlad.ee\/?post_type=product&#038;p=7572"},"modified":"2026-03-29T12:18:18","modified_gmt":"2026-03-29T09:18:18","slug":"valikaimla-camp2","status":"publish","type":"product","link":"https:\/\/valikaimlad.ee\/de\/produkt\/wahlschalter-a2\/","title":{"rendered":"Au\u00dfentoilette Camp2 (2-Sitzer)"},"content":{"rendered":"<div data-elementor-type=\"product-post\" data-elementor-id=\"7572\" class=\"elementor elementor-7572\" data-elementor-post-type=\"product\">\n\t\t\t\t\t\t<section class=\"elementor-section elementor-top-section elementor-element elementor-element-65c5097 elementor-section-full_width elementor-section-height-default elementor-section-height-default\" data-id=\"65c5097\" data-element_type=\"section\">\n\t\t\t\t\t\t<div class=\"elementor-container elementor-column-gap-default\">\n\t\t\t\t\t<div class=\"elementor-column elementor-col-100 elementor-top-column elementor-element elementor-element-53fc5ab\" data-id=\"53fc5ab\" data-element_type=\"column\">\n\t\t\t<div class=\"elementor-widget-wrap elementor-element-populated\">\n\t\t\t\t\t\t<div class=\"elementor-element elementor-element-004b4a4 elementor-widget elementor-widget-heading\" data-id=\"004b4a4\" data-element_type=\"widget\" data-widget_type=\"heading.default\">\n\t\t\t\t<div class=\"elementor-widget-container\">\n\t\t\t<style>\/*! elementor - v3.23.0 - 05-08-2024 *\/\n.elementor-heading-title{padding:0;margin:0;line-height:1}.elementor-widget-heading .elementor-heading-title[class*=elementor-size-]>a{color:inherit;font-size:inherit;line-height:inherit}.elementor-widget-heading .elementor-heading-title.elementor-size-small{font-size:15px}.elementor-widget-heading .elementor-heading-title.elementor-size-medium{font-size:19px}.elementor-widget-heading .elementor-heading-title.elementor-size-large{font-size:29px}.elementor-widget-heading .elementor-heading-title.elementor-size-xl{font-size:39px}.elementor-widget-heading .elementor-heading-title.elementor-size-xxl{font-size:59px}<\/style><h2 class=\"elementor-heading-title elementor-size-default\">Zwischengeschalteter Schlachthof A2<\/h2>\t\t<\/div>\n\t\t\t\t<\/div>\n\t\t\t\t<section class=\"elementor-section elementor-inner-section elementor-element elementor-element-0023f52 elementor-section-full_width elementor-section-content-middle elementor-section-height-default elementor-section-height-default\" data-id=\"0023f52\" data-element_type=\"section\">\n\t\t\t\t\t\t<div class=\"elementor-container elementor-column-gap-default\">\n\t\t\t\t\t<div class=\"elementor-column elementor-col-50 elementor-inner-column elementor-element elementor-element-0e9a7c4\" data-id=\"0e9a7c4\" data-element_type=\"column\">\n\t\t\t<div class=\"elementor-widget-wrap elementor-element-populated\">\n\t\t\t\t\t\t<div class=\"elementor-element elementor-element-3ec4debf elementor-widget elementor-widget-text-editor\" data-id=\"3ec4debf\" data-element_type=\"widget\" data-widget_type=\"text-editor.default\">\n\t\t\t\t<div class=\"elementor-widget-container\">\n\t\t\t<style>\/*! elementor - v3.23.0 - 05-08-2024 *\/\n.elementor-widget-text-editor.elementor-drop-cap-view-stacked .elementor-drop-cap{background-color:#69727d;color:#fff}.elementor-widget-text-editor.elementor-drop-cap-view-framed .elementor-drop-cap{color:#69727d;border:3px solid;background-color:transparent}.elementor-widget-text-editor:not(.elementor-drop-cap-view-default) .elementor-drop-cap{margin-top:8px}.elementor-widget-text-editor:not(.elementor-drop-cap-view-default) .elementor-drop-cap-letter{width:1em;height:1em}.elementor-widget-text-editor .elementor-drop-cap{float:left;text-align:center;line-height:1;font-size:50px}.elementor-widget-text-editor .elementor-drop-cap-letter{display:inline-block}<\/style>\t\t\t\t<p>Hochwertiger, gehobelter Holzrahmen Zweisitzer-Outdoor-Ofen genannt <strong>A2\u00a0<br \/>Das Produkt wird im Werk zusammengebaut und ist sofort einsatzbereit.<br \/><\/strong><\/p><ul><li>Au\u00dfenma\u00dfe der Toilette: 275cm x 200cm<\/li><li>Au\u00dfenma\u00dfe der Toilette mit Dach: 325cm x 200cm<\/li><li>H\u00f6he der Latrine: 270cm<\/li><li>Au\u00dfenverkleidungsplatte 18mm<\/li><li>Gehobelte Massivholzdiele 24mm<\/li><li>Dachpappe 19mm<\/li><li>Icopal bitumenbest\u00e4ndige Bedachung (Standardfarbe schwarz)<\/li><\/ul><p>- Die Toilette wird in montierter Form geliefert. F\u00fcr die Montage ist der Zugang mit einem Gabelstapler erforderlich.<br \/><span style=\"font-style: inherit; font-weight: inherit;\">- Die Preise der T\u00f6pfe beinhalten den Einbau in die Toilette (ohne den Einbau eines Kanisters zum Auffangen der Fl\u00fcssigkeit).<\/span><span style=\"font-style: inherit; font-weight: inherit;\"><br \/><\/span><span style=\"font-style: inherit; font-weight: inherit;\">- F\u00fcr das Fundament der Toilette verwenden wir spezielle Bodenschrauben (6 St\u00fcck).\u00a0\u00a0<br \/><br \/><\/span><span style=\"font-weight: bold;\">PREISLISTE F\u00dcR AUSSENANSTRICHE:<\/span><br \/>* Braunes Holz\u00f6l: 170\u20ac<br \/>* Bis zu zwei verschiedene Farben: 290\u20ac<br \/>* Alle Preise f\u00fcr die Au\u00dfenveredelung beinhalten die Bodenveredelung mit Terrazzo\u00f6l.\u00a0<br \/><em>Wir k\u00f6nnen auch nach dem Farbcode des Kunden veredeln - bitte kontaktieren Sie unseren Kundenservice: info@valikaimlad.ee<\/em><span style=\"font-style: inherit; font-weight: inherit;\"><br \/><\/span><\/p>\t\t\t\t\t\t<\/div>\n\t\t\t\t<\/div>\n\t\t\t\t\t<\/div>\n\t\t<\/div>\n\t\t\t\t<div class=\"elementor-column elementor-col-50 elementor-inner-column elementor-element elementor-element-ac2ec2d\" data-id=\"ac2ec2d\" data-element_type=\"column\">\n\t\t\t<div class=\"elementor-widget-wrap elementor-element-populated\">\n\t\t\t\t\t\t<div class=\"elementor-element elementor-element-70d803c elementor-widget elementor-widget-image\" data-id=\"70d803c\" data-element_type=\"widget\" data-widget_type=\"image.default\">\n\t\t\t\t<div class=\"elementor-widget-container\">\n\t\t\t<style>\/*! elementor - v3.23.0 - 05-08-2024 *\/\n.elementor-widget-image{text-align:center}.elementor-widget-image a{display:inline-block}.elementor-widget-image a img[src$=\".svg\"]{width:48px}.elementor-widget-image img{vertical-align:middle;display:inline-block}<\/style>\t\t\t\t\t\t\t\t\t\t<img decoding=\"async\" src=\"https:\/\/valikaimlad.ee\/wp-content\/uploads\/2023\/03\/IMG_9244-1-1.png\" title=\"IMG_9244 (1)\" alt=\"Zwischengeschalteter Schlachthof A2\" loading=\"lazy\" \/>\t\t\t\t\t\t\t\t\t\t\t\t\t<\/div>\n\t\t\t\t<\/div>\n\t\t\t\t\t<\/div>\n\t\t<\/div>\n\t\t\t\t\t<\/div>\n\t\t<\/section>\n\t\t\t\t\t<\/div>\n\t\t<\/div>\n\t\t\t\t\t<\/div>\n\t\t<\/section>\n\t\t\t\t<section class=\"elementor-section elementor-top-section elementor-element elementor-element-2c7aae1 elementor-section-boxed elementor-section-height-default elementor-section-height-default\" data-id=\"2c7aae1\" data-element_type=\"section\">\n\t\t\t\t\t\t<div class=\"elementor-container elementor-column-gap-default\">\n\t\t\t\t\t<div class=\"elementor-column elementor-col-100 elementor-top-column elementor-element elementor-element-e6aa5fe\" data-id=\"e6aa5fe\" data-element_type=\"column\">\n\t\t\t<div class=\"elementor-widget-wrap elementor-element-populated\">\n\t\t\t\t\t\t<div class=\"elementor-element elementor-element-aa9cd81 elementor-widget elementor-widget-text-editor\" data-id=\"aa9cd81\" data-element_type=\"widget\" data-widget_type=\"text-editor.default\">\n\t\t\t\t<div class=\"elementor-widget-container\">\n\t\t\t\t\t\t\t<p><strong><span style=\"vertical-align: inherit;\"><span style=\"vertical-align: inherit;\"><span style=\"vertical-align: inherit;\"><span style=\"vertical-align: inherit;\">HEUTE\u00a0<br \/><\/span><\/span><\/span><\/span><\/strong><span style=\"vertical-align: inherit;\"><span style=\"vertical-align: inherit;\"><span style=\"vertical-align: inherit;\"><span style=\"vertical-align: inherit;\">Die Lieferzeit h\u00e4ngt davon ab, ob das Produkt derzeit auf Lager ist und ob es mit oder ohne Veredelung bestellt wird.<\/span><\/span><\/span><\/span><\/p><ul><li><span style=\"font-style: inherit; font-weight: inherit;\">Auf Lager (unfertige Produkte): 3-5 Arbeitstage\u00a0<\/span><\/li><li>Auf Lager (bestellte Produkte mit Finish): bis zu 2 Wochen<\/li><li>Auf Bestellung (Produkte, die derzeit nicht auf Lager sind): 3-4 Wochen<\/li><\/ul><p>K\u00fcrzere oder l\u00e4ngere Lieferzeiten sind nach vorheriger Vereinbarung ebenfalls m\u00f6glich.<\/p>\t\t\t\t\t\t<\/div>\n\t\t\t\t<\/div>\n\t\t\t\t\t<\/div>\n\t\t<\/div>\n\t\t\t\t\t<\/div>\n\t\t<\/section>\n\t\t\t\t<\/div>","protected":false},"excerpt":{"rendered":"<p>Outdoor-S\u00e4gewerk A2 Hochwertiges zweisitziges Outdoor-S\u00e4gewerk mit gehobeltem Holzrahmen namens A2 Das Produkt ist werkseitig montiert und einsatzbereit. Au\u00dfenma\u00dfe der Toilette: 275cm x 200cm Au\u00dfenma\u00dfe der Toilette mit Dach: 325cm x 200cm H\u00f6he der Toilette: 270cm Gen\u00e4hte Au\u00dfenverkleidungsplatte 18mm Gehobelte Massivholzbodenplatte 24mm Dachplatte 19mm Dachabdeckung Icopal bitumenbest\u00e4ndig (standardm\u00e4\u00dfig schwarz) - Die Toilette wird vormontiert geliefert. F\u00fcr die Montage ist ein Zugang erforderlich [...]<\/p>","protected":false},"featured_media":7574,"template":"","meta":{"_acf_changed":false,"rank_math_lock_modified_date":false,"site-sidebar-layout":"default","site-content-layout":"default","ast-site-content-layout":"default","site-content-style":"default","site-sidebar-style":"default","ast-global-header-display":"","ast-banner-title-visibility":"","ast-main-header-display":"","ast-hfb-above-header-display":"","ast-hfb-below-header-display":"","ast-hfb-mobile-header-display":"","site-post-title":"","ast-breadcrumbs-content":"","ast-featured-img":"","footer-sml-layout":"","theme-transparent-header-meta":"default","adv-header-id-meta":"","stick-header-meta":"default","header-above-stick-meta":"","header-main-stick-meta":"","header-below-stick-meta":"","astra-migrate-meta-layouts":"set","ast-page-background-enabled":"default","ast-page-background-meta":{"desktop":{"background-color":"var(--ast-global-color-4)","background-image":"","background-repeat":"repeat","background-position":"center center","background-size":"auto","background-attachment":"scroll","background-type":"","background-media":"","overlay-type":"","overlay-color":"","overlay-opacity":"","overlay-gradient":""},"tablet":{"background-color":"","background-image":"","background-repeat":"repeat","background-position":"center center","background-size":"auto","background-attachment":"scroll","background-type":"","background-media":"","overlay-type":"","overlay-color":"","overlay-opacity":"","overlay-gradient":""},"mobile":{"background-color":"","background-image":"","background-repeat":"repeat","background-position":"center center","background-size":"auto","background-attachment":"scroll","background-type":"","background-media":"","overlay-type":"","overlay-color":"","overlay-opacity":"","overlay-gradient":""}},"ast-content-background-meta":{"desktop":{"background-color":"var(--ast-global-color-5)","background-image":"","background-repeat":"repeat","background-position":"center center","background-size":"auto","background-attachment":"scroll","background-type":"","background-media":"","overlay-type":"","overlay-color":"","overlay-opacity":"","overlay-gradient":""},"tablet":{"background-color":"var(--ast-global-color-5)","background-image":"","background-repeat":"repeat","background-position":"center center","background-size":"auto","background-attachment":"scroll","background-type":"","background-media":"","overlay-type":"","overlay-color":"","overlay-opacity":"","overlay-gradient":""},"mobile":{"background-color":"var(--ast-global-color-5)","background-image":"","background-repeat":"repeat","background-position":"center center","background-size":"auto","background-attachment":"scroll","background-type":"","background-media":"","overlay-type":"","overlay-color":"","overlay-opacity":"","overlay-gradient":""}}},"product_cat":[95,83],"product_tag":[],"class_list":{"0":"post-7572","1":"product","2":"type-product","3":"status-publish","4":"has-post-thumbnail","6":"product_cat-erimudelid","7":"product_cat-koik-tooted","8":"product_shipping_class-tava","9":"desktop-align-center","10":"tablet-align-left","11":"mobile-align-left","12":"ast-product-gallery-layout-horizontal-slider","13":"ast-product-single-variable","14":"ast-product-tabs-layout-horizontal","16":"first","17":"onbackorder","18":"taxable","19":"shipping-taxable","20":"purchasable","21":"product-type-variable"},"acf":[],"_links":{"self":[{"href":"https:\/\/valikaimlad.ee\/de\/wp-json\/wp\/v2\/product\/7572"}],"collection":[{"href":"https:\/\/valikaimlad.ee\/de\/wp-json\/wp\/v2\/product"}],"about":[{"href":"https:\/\/valikaimlad.ee\/de\/wp-json\/wp\/v2\/types\/product"}],"version-history":[{"count":100,"href":"https:\/\/valikaimlad.ee\/de\/wp-json\/wp\/v2\/product\/7572\/revisions"}],"predecessor-version":[{"id":15131,"href":"https:\/\/valikaimlad.ee\/de\/wp-json\/wp\/v2\/product\/7572\/revisions\/15131"}],"wp:featuredmedia":[{"embeddable":true,"href":"https:\/\/valikaimlad.ee\/de\/wp-json\/wp\/v2\/media\/7574"}],"wp:attachment":[{"href":"https:\/\/valikaimlad.ee\/de\/wp-json\/wp\/v2\/media?parent=7572"}],"wp:term":[{"taxonomy":"product_cat","embeddable":true,"href":"https:\/\/valikaimlad.ee\/de\/wp-json\/wp\/v2\/product_cat?post=7572"},{"taxonomy":"product_tag","embeddable":true,"href":"https:\/\/valikaimlad.ee\/de\/wp-json\/wp\/v2\/product_tag?post=7572"}],"curies":[{"name":"wp","href":"https:\/\/api.w.org\/{rel}","templated":true}]}}