{"id":585,"date":"2023-02-25T20:58:38","date_gmt":"2023-02-25T18:58:38","guid":{"rendered":"https:\/\/valikaimlad.ee\/?post_type=product&#038;p=585"},"modified":"2026-04-29T23:03:22","modified_gmt":"2026-04-29T20:03:22","slug":"valikaimla-eco-1","status":"publish","type":"product","link":"https:\/\/valikaimlad.ee\/de\/produkt\/selektive-verbrennung-eco-1\/","title":{"rendered":"Fortgeschrittene ECO 1"},"content":{"rendered":"<div data-elementor-type=\"product-post\" data-elementor-id=\"585\" class=\"elementor elementor-585\" data-elementor-post-type=\"product\">\n\t\t\t\t\t\t<section class=\"elementor-section elementor-top-section elementor-element elementor-element-8204e8b elementor-section-full_width elementor-section-height-default elementor-section-height-default\" data-id=\"8204e8b\" data-element_type=\"section\">\n\t\t\t\t\t\t<div class=\"elementor-container elementor-column-gap-default\">\n\t\t\t\t\t<div class=\"elementor-column elementor-col-100 elementor-top-column elementor-element elementor-element-1b210c1\" data-id=\"1b210c1\" data-element_type=\"column\">\n\t\t\t<div class=\"elementor-widget-wrap elementor-element-populated\">\n\t\t\t\t\t\t<div class=\"elementor-element elementor-element-e4824e6 elementor-widget elementor-widget-heading\" data-id=\"e4824e6\" data-element_type=\"widget\" data-widget_type=\"heading.default\">\n\t\t\t\t<div class=\"elementor-widget-container\">\n\t\t\t<style>\/*! elementor - v3.23.0 - 05-08-2024 *\/\n.elementor-heading-title{padding:0;margin:0;line-height:1}.elementor-widget-heading .elementor-heading-title[class*=elementor-size-]>a{color:inherit;font-size:inherit;line-height:inherit}.elementor-widget-heading .elementor-heading-title.elementor-size-small{font-size:15px}.elementor-widget-heading .elementor-heading-title.elementor-size-medium{font-size:19px}.elementor-widget-heading .elementor-heading-title.elementor-size-large{font-size:29px}.elementor-widget-heading .elementor-heading-title.elementor-size-xl{font-size:39px}.elementor-widget-heading .elementor-heading-title.elementor-size-xxl{font-size:59px}<\/style><h2 class=\"elementor-heading-title elementor-size-default\">Fortgeschrittene ECO 1<\/h2>\t\t<\/div>\n\t\t\t\t<\/div>\n\t\t\t\t<section class=\"elementor-section elementor-inner-section elementor-element elementor-element-63fb266 elementor-section-full_width elementor-section-content-middle elementor-section-height-default elementor-section-height-default\" data-id=\"63fb266\" data-element_type=\"section\">\n\t\t\t\t\t\t<div class=\"elementor-container elementor-column-gap-default\">\n\t\t\t\t\t<div class=\"elementor-column elementor-col-50 elementor-inner-column elementor-element elementor-element-b7f2f5c\" data-id=\"b7f2f5c\" data-element_type=\"column\">\n\t\t\t<div class=\"elementor-widget-wrap elementor-element-populated\">\n\t\t\t\t\t\t<div class=\"elementor-element elementor-element-3ec4debf elementor-widget elementor-widget-text-editor\" data-id=\"3ec4debf\" data-element_type=\"widget\" data-widget_type=\"text-editor.default\">\n\t\t\t\t<div class=\"elementor-widget-container\">\n\t\t\t<style>\/*! elementor - v3.23.0 - 05-08-2024 *\/\n.elementor-widget-text-editor.elementor-drop-cap-view-stacked .elementor-drop-cap{background-color:#69727d;color:#fff}.elementor-widget-text-editor.elementor-drop-cap-view-framed .elementor-drop-cap{color:#69727d;border:3px solid;background-color:transparent}.elementor-widget-text-editor:not(.elementor-drop-cap-view-default) .elementor-drop-cap{margin-top:8px}.elementor-widget-text-editor:not(.elementor-drop-cap-view-default) .elementor-drop-cap-letter{width:1em;height:1em}.elementor-widget-text-editor .elementor-drop-cap{float:left;text-align:center;line-height:1;font-size:50px}.elementor-widget-text-editor .elementor-drop-cap-letter{display:inline-block}<\/style>\t\t\t\t<p>Hochwertiger, gehobelter Holzrahmen-Outdoor-Ofen <strong>ECO 1<br \/><\/strong>Praktiline lahendus igasse koduaeda.<\/p><p><strong>V\u00e4lik\u00e4imla tarnitakse kokkupanduna ja on kohe kasutusvalmis.<\/strong><\/p><ul><li>Abmessungen des Toilettenbodens: 147cm x 127cm<\/li><li>H\u00f6he der Latrine: 263cm<\/li><li>Eingetauchter Hilfsrahmen<\/li><li>Gehobelte Massivholzdiele 24mm<\/li><li>Au\u00dfenverkleidungsplatte 18mm<\/li><li>Dachpappe 19mm<\/li><li>Icopal bitumenbest\u00e4ndige Bedachung (Standardfarbe schwarz)<\/li><li style=\"font-size: 16px;\">Wasserflecken erz\u00e4hlen<\/li><li>2x doppelt verglaste Fenster<\/li><li style=\"font-size: 16px;\"><u>PATENTIERTES DESIGN<\/u><\/li><\/ul><p>- Die Toilette wird in montierter Form geliefert. F\u00fcr die Montage ist der Zugang mit einem Gabelstapler erforderlich.<br \/><span style=\"font-style: inherit; font-weight: inherit;\">- Es ist auch m\u00f6glich, die komplette Toilette mit einem Anh\u00e4nger zu transportieren.<br \/><\/span><span style=\"font-style: inherit; font-weight: inherit;\">- Wenn Sie m\u00f6chten, k\u00f6nnen Sie die Toilette auch als vorgefertigte Wandelemente bestellen und selbst montieren, indem Sie die Montageanleitung befolgen. Die Montage dauert im Durchschnitt 2-3 Stunden f\u00fcr zwei Personen.<br \/><\/span><span style=\"font-style: inherit; font-weight: inherit;\">- Die Preise f\u00fcr die T\u00f6pfe beinhalten den Einbau in die Toilette (ohne den Einbau eines Kanisters zum Auffangen der Fl\u00fcssigkeit).<\/span><span style=\"font-style: inherit; font-weight: inherit;\">\u00a0<br \/><\/span><span style=\"font-style: inherit; font-weight: inherit;\">- F\u00fcr das Fundament der Toilette verwenden wir spezielle Bodenschrauben (4 St\u00fcck).\u00a0\u00a0<br \/><\/span><span style=\"font-style: inherit; font-weight: inherit;\">- Standardm\u00e4\u00dfig sind alle unsere Toiletten mit einem Fenster auf der rechten Seite (Vorderansicht) ausgestattet. Auf Anfrage kann auch ein Fenster f\u00fcr die linke Seite bestellt werden.<\/span><\/p><p><strong>V\u00c4LISVIIMISTLUS:<\/strong><br \/>* K\u00f5ik v\u00e4lisviimistluse hinnad sisaldavad p\u00f5randa ja k\u00e4imla aluskarkassi viimistlust terrassi\u00f5liga.\u00a0<br \/><em>Wir k\u00f6nnen auch nach dem Farbcode des Kunden veredeln - bitte kontaktieren Sie unseren Kundenservice: info@valikaimlad.ee<\/em><\/p>\t\t\t\t\t\t<\/div>\n\t\t\t\t<\/div>\n\t\t\t\t\t<\/div>\n\t\t<\/div>\n\t\t\t\t<div class=\"elementor-column elementor-col-50 elementor-inner-column elementor-element elementor-element-3dfa1b9\" data-id=\"3dfa1b9\" data-element_type=\"column\">\n\t\t\t<div class=\"elementor-widget-wrap elementor-element-populated\">\n\t\t\t\t\t\t<div class=\"elementor-element elementor-element-2a73b75 elementor-pagination-position-outside elementor--h-position-center elementor--v-position-middle elementor-arrows-position-inside elementor-widget elementor-widget-slides\" data-id=\"2a73b75\" data-element_type=\"widget\" data-settings=\"{&quot;transition_speed&quot;:1000,&quot;navigation&quot;:&quot;both&quot;,&quot;autoplay&quot;:&quot;yes&quot;,&quot;pause_on_hover&quot;:&quot;yes&quot;,&quot;pause_on_interaction&quot;:&quot;yes&quot;,&quot;autoplay_speed&quot;:5000,&quot;infinite&quot;:&quot;yes&quot;,&quot;transition&quot;:&quot;slide&quot;}\" data-widget_type=\"slides.default\">\n\t\t\t\t<div class=\"elementor-widget-container\">\n\t\t\t<style>\/*! elementor-pro - v3.23.0 - 05-08-2024 *\/\n.elementor-slides .swiper-slide-bg{background-size:cover;background-position:50%;background-repeat:no-repeat;min-width:100%;min-height:100%}.elementor-slides .swiper-slide-inner{background-repeat:no-repeat;background-position:50%;position:absolute;top:0;left:0;bottom:0;right:0;padding:50px;margin:auto}.elementor-slides .swiper-slide-inner,.elementor-slides .swiper-slide-inner:hover{color:#fff;display:flex}.elementor-slides .swiper-slide-inner .elementor-background-overlay{position:absolute;z-index:0;top:0;bottom:0;left:0;right:0}.elementor-slides .swiper-slide-inner .elementor-slide-content{position:relative;z-index:1;width:100%}.elementor-slides .swiper-slide-inner .elementor-slide-heading{font-size:35px;font-weight:700;line-height:1}.elementor-slides .swiper-slide-inner .elementor-slide-description{font-size:17px;line-height:1.4}.elementor-slides .swiper-slide-inner .elementor-slide-description:not(:last-child),.elementor-slides .swiper-slide-inner .elementor-slide-heading:not(:last-child){margin-bottom:30px}.elementor-slides .swiper-slide-inner .elementor-slide-button{border:2px solid #fff;color:#fff;background:transparent;display:inline-block}.elementor-slides .swiper-slide-inner .elementor-slide-button,.elementor-slides .swiper-slide-inner .elementor-slide-button:hover{background:transparent;color:inherit;text-decoration:none}.elementor--v-position-top .swiper-slide-inner{align-items:flex-start}.elementor--v-position-bottom .swiper-slide-inner{align-items:flex-end}.elementor--v-position-middle .swiper-slide-inner{align-items:center}.elementor--h-position-left .swiper-slide-inner{justify-content:flex-start}.elementor--h-position-right .swiper-slide-inner{justify-content:flex-end}.elementor--h-position-center .swiper-slide-inner{justify-content:center}body.rtl .elementor-widget-slides .elementor-swiper-button-next{left:10px;right:auto}body.rtl .elementor-widget-slides .elementor-swiper-button-prev{right:10px;left:auto}.elementor-slides-wrapper div:not(.swiper-slide)>.swiper-slide-inner{display:none}@media (max-width:767px){.elementor-slides .swiper-slide-inner{padding:30px}.elementor-slides .swiper-slide-inner .elementor-slide-heading{font-size:23px;line-height:1;margin-bottom:15px}.elementor-slides .swiper-slide-inner .elementor-slide-description{font-size:13px;line-height:1.4;margin-bottom:15px}}<\/style>\t\t<div class=\"elementor-swiper\">\n\t\t\t<div class=\"elementor-slides-wrapper elementor-main-swiper swiper\" dir=\"ltr\" data-animation=\"fadeInUp\">\n\t\t\t\t<div class=\"swiper-wrapper elementor-slides\">\n\t\t\t\t\t\t\t\t\t\t<div class=\"elementor-repeater-item-c508600 swiper-slide\"><div class=\"swiper-slide-bg\" role=\"img\"><\/div><div class=\"swiper-slide-inner\" ><div class=\"swiper-slide-contents\"><\/div><\/div><\/div>\t\t\t\t<\/div>\n\t\t\t\t\t\t\t<\/div>\n\t\t<\/div>\n\t\t\t\t<\/div>\n\t\t\t\t<\/div>\n\t\t\t\t\t<\/div>\n\t\t<\/div>\n\t\t\t\t\t<\/div>\n\t\t<\/section>\n\t\t\t\t\t<\/div>\n\t\t<\/div>\n\t\t\t\t\t<\/div>\n\t\t<\/section>\n\t\t\t\t<section class=\"elementor-section elementor-top-section elementor-element elementor-element-ab35093 elementor-section-boxed elementor-section-height-default elementor-section-height-default\" data-id=\"ab35093\" data-element_type=\"section\">\n\t\t\t\t\t\t<div class=\"elementor-container elementor-column-gap-default\">\n\t\t\t\t\t<div class=\"elementor-column elementor-col-100 elementor-top-column elementor-element elementor-element-1265668\" data-id=\"1265668\" data-element_type=\"column\">\n\t\t\t<div class=\"elementor-widget-wrap elementor-element-populated\">\n\t\t\t\t\t\t<div class=\"elementor-element elementor-element-f9deea2 elementor-widget elementor-widget-text-editor\" data-id=\"f9deea2\" data-element_type=\"widget\" data-widget_type=\"text-editor.default\">\n\t\t\t\t<div class=\"elementor-widget-container\">\n\t\t\t\t\t\t\t<p><strong><span style=\"vertical-align: inherit;\"><span style=\"vertical-align: inherit;\"><span style=\"vertical-align: inherit;\"><span style=\"vertical-align: inherit;\">HEUTE\u00a0<br \/><\/span><\/span><\/span><\/span><\/strong><span style=\"vertical-align: inherit;\"><span style=\"vertical-align: inherit;\"><span style=\"vertical-align: inherit;\"><span style=\"vertical-align: inherit;\">Die Lieferzeit h\u00e4ngt davon ab, ob das Produkt derzeit auf Lager ist und ob es mit oder ohne Veredelung bestellt wird.<\/span><\/span><\/span><\/span><\/p><ul><li><span style=\"font-style: inherit; font-weight: inherit;\">Auf Lager (unfertige Produkte): 3-5 Arbeitstage\u00a0<\/span><\/li><li>Auf Lager (bestellte Produkte mit Finish): bis zu 2 Wochen<\/li><li>Auf Bestellung (Produkte, die derzeit nicht auf Lager sind): 3-4 Wochen<\/li><\/ul><p>K\u00fcrzere oder l\u00e4ngere Lieferzeiten sind nach vorheriger Vereinbarung ebenfalls m\u00f6glich.<\/p>\t\t\t\t\t\t<\/div>\n\t\t\t\t<\/div>\n\t\t\t\t\t<\/div>\n\t\t<\/div>\n\t\t\t\t\t<\/div>\n\t\t<\/section>\n\t\t\t\t<section class=\"elementor-section elementor-top-section elementor-element elementor-element-d767dbc elementor-section-boxed elementor-section-height-default elementor-section-height-default\" data-id=\"d767dbc\" data-element_type=\"section\">\n\t\t\t\t\t\t<div class=\"elementor-container elementor-column-gap-default\">\n\t\t\t\t\t<div class=\"elementor-column elementor-col-100 elementor-top-column elementor-element elementor-element-c08308d\" data-id=\"c08308d\" data-element_type=\"column\">\n\t\t\t<div class=\"elementor-widget-wrap elementor-element-populated\">\n\t\t\t\t\t\t<div class=\"elementor-element elementor-element-953d4f7 elementor-widget elementor-widget-image\" data-id=\"953d4f7\" data-element_type=\"widget\" data-widget_type=\"image.default\">\n\t\t\t\t<div class=\"elementor-widget-container\">\n\t\t\t<style>\/*! elementor - v3.23.0 - 05-08-2024 *\/\n.elementor-widget-image{text-align:center}.elementor-widget-image a{display:inline-block}.elementor-widget-image a img[src$=\".svg\"]{width:48px}.elementor-widget-image img{vertical-align:middle;display:inline-block}<\/style>\t\t\t\t\t\t\t\t\t\t<img fetchpriority=\"high\" decoding=\"async\" width=\"1024\" height=\"858\" src=\"https:\/\/valikaimlad.ee\/wp-content\/uploads\/2023\/02\/ECO1-ja-ECO2-1024x858.jpg\" class=\"attachment-large size-large wp-image-15753\" alt=\"\" srcset=\"https:\/\/valikaimlad.ee\/wp-content\/uploads\/2023\/02\/ECO1-ja-ECO2-1024x858.jpg 1024w, https:\/\/valikaimlad.ee\/wp-content\/uploads\/2023\/02\/ECO1-ja-ECO2-300x252.jpg 300w, https:\/\/valikaimlad.ee\/wp-content\/uploads\/2023\/02\/ECO1-ja-ECO2-768x644.jpg 768w, https:\/\/valikaimlad.ee\/wp-content\/uploads\/2023\/02\/ECO1-ja-ECO2-14x12.jpg 14w, https:\/\/valikaimlad.ee\/wp-content\/uploads\/2023\/02\/ECO1-ja-ECO2-700x587.jpg 700w, https:\/\/valikaimlad.ee\/wp-content\/uploads\/2023\/02\/ECO1-ja-ECO2.jpg 1058w\" sizes=\"(max-width: 1024px) 100vw, 1024px\" \/>\t\t\t\t\t\t\t\t\t\t\t\t\t<\/div>\n\t\t\t\t<\/div>\n\t\t\t\t\t<\/div>\n\t\t<\/div>\n\t\t\t\t\t<\/div>\n\t\t<\/section>\n\t\t\t\t<\/div>","protected":false},"excerpt":{"rendered":"<p>V\u00e4lik\u00e4imla ECO 1 Kvaliteetne h\u00f6\u00f6velpuidust karkassiga v\u00e4lik\u00e4imla ECO 1 Praktiline lahendus igasse koduaeda. V\u00e4lik\u00e4imla tarnitakse kokkupanduna ja on kohe kasutusvalmis. K\u00e4imla p\u00f5hja m\u00f5\u00f5dud: 147cm x 127cm K\u00e4imla k\u00f5rgus: 263cm Immutatud alusraam H\u00f6\u00f6veldatud t\u00e4ispunn p\u00f5randalaud 24mm Peensaetud v\u00e4lisvoodrilaud 18mm Katuselaudis 19mm Katusekate Icopal bituumensindel (standardina musta v\u00e4rvi) R\u00e4\u00e4sta veeplekid 2x pakettklaasiga aken PATENTEERITUD DISAIN &#8211; K\u00e4imlat [&hellip;]<\/p>","protected":false},"featured_media":15876,"template":"","meta":{"_acf_changed":false,"rank_math_lock_modified_date":false,"site-sidebar-layout":"default","site-content-layout":"default","ast-site-content-layout":"default","site-content-style":"default","site-sidebar-style":"default","ast-global-header-display":"","ast-banner-title-visibility":"","ast-main-header-display":"","ast-hfb-above-header-display":"","ast-hfb-below-header-display":"","ast-hfb-mobile-header-display":"","site-post-title":"","ast-breadcrumbs-content":"","ast-featured-img":"","footer-sml-layout":"","theme-transparent-header-meta":"default","adv-header-id-meta":"","stick-header-meta":"default","header-above-stick-meta":"","header-main-stick-meta":"","header-below-stick-meta":"","astra-migrate-meta-layouts":"set","ast-page-background-enabled":"default","ast-page-background-meta":{"desktop":{"background-color":"var(--ast-global-color-4)","background-image":"","background-repeat":"repeat","background-position":"center center","background-size":"auto","background-attachment":"scroll","background-type":"","background-media":"","overlay-type":"","overlay-color":"","overlay-opacity":"","overlay-gradient":""},"tablet":{"background-color":"","background-image":"","background-repeat":"repeat","background-position":"center center","background-size":"auto","background-attachment":"scroll","background-type":"","background-media":"","overlay-type":"","overlay-color":"","overlay-opacity":"","overlay-gradient":""},"mobile":{"background-color":"","background-image":"","background-repeat":"repeat","background-position":"center center","background-size":"auto","background-attachment":"scroll","background-type":"","background-media":"","overlay-type":"","overlay-color":"","overlay-opacity":"","overlay-gradient":""}},"ast-content-background-meta":{"desktop":{"background-color":"var(--ast-global-color-5)","background-image":"","background-repeat":"repeat","background-position":"center center","background-size":"auto","background-attachment":"scroll","background-type":"","background-media":"","overlay-type":"","overlay-color":"","overlay-opacity":"","overlay-gradient":""},"tablet":{"background-color":"var(--ast-global-color-5)","background-image":"","background-repeat":"repeat","background-position":"center center","background-size":"auto","background-attachment":"scroll","background-type":"","background-media":"","overlay-type":"","overlay-color":"","overlay-opacity":"","overlay-gradient":""},"mobile":{"background-color":"var(--ast-global-color-5)","background-image":"","background-repeat":"repeat","background-position":"center center","background-size":"auto","background-attachment":"scroll","background-type":"","background-media":"","overlay-type":"","overlay-color":"","overlay-opacity":"","overlay-gradient":""}}},"product_cat":[83,18,92],"product_tag":[],"class_list":{"0":"post-585","1":"product","2":"type-product","3":"status-publish","4":"has-post-thumbnail","6":"product_cat-koik-tooted","7":"product_cat-valikaimlad-eco","8":"product_cat-kohe-saadaval","9":"product_shipping_class-tava","10":"desktop-align-center","11":"tablet-align-left","12":"mobile-align-left","13":"ast-product-gallery-layout-horizontal-slider","14":"ast-product-single-variable","15":"ast-product-tabs-layout-horizontal","17":"first","18":"instock","19":"taxable","20":"shipping-taxable","21":"purchasable","22":"product-type-variable"},"acf":[],"_links":{"self":[{"href":"https:\/\/valikaimlad.ee\/de\/wp-json\/wp\/v2\/product\/585"}],"collection":[{"href":"https:\/\/valikaimlad.ee\/de\/wp-json\/wp\/v2\/product"}],"about":[{"href":"https:\/\/valikaimlad.ee\/de\/wp-json\/wp\/v2\/types\/product"}],"version-history":[{"count":285,"href":"https:\/\/valikaimlad.ee\/de\/wp-json\/wp\/v2\/product\/585\/revisions"}],"predecessor-version":[{"id":15956,"href":"https:\/\/valikaimlad.ee\/de\/wp-json\/wp\/v2\/product\/585\/revisions\/15956"}],"wp:featuredmedia":[{"embeddable":true,"href":"https:\/\/valikaimlad.ee\/de\/wp-json\/wp\/v2\/media\/15876"}],"wp:attachment":[{"href":"https:\/\/valikaimlad.ee\/de\/wp-json\/wp\/v2\/media?parent=585"}],"wp:term":[{"taxonomy":"product_cat","embeddable":true,"href":"https:\/\/valikaimlad.ee\/de\/wp-json\/wp\/v2\/product_cat?post=585"},{"taxonomy":"product_tag","embeddable":true,"href":"https:\/\/valikaimlad.ee\/de\/wp-json\/wp\/v2\/product_tag?post=585"}],"curies":[{"name":"wp","href":"https:\/\/api.w.org\/{rel}","templated":true}]}}