{"id":6135,"date":"2023-03-03T00:40:18","date_gmt":"2023-03-02T22:40:18","guid":{"rendered":"https:\/\/valikaimlad.ee\/?page_id=6135"},"modified":"2024-04-17T08:14:01","modified_gmt":"2024-04-17T05:14:01","slug":"muugitingimused","status":"publish","type":"page","link":"https:\/\/valikaimlad.ee\/de\/andere-bedingungen-und-konditionen\/","title":{"rendered":"Bedingungen f\u00fcr den Verkauf"},"content":{"rendered":"<div data-elementor-type=\"wp-page\" data-elementor-id=\"6135\" class=\"elementor elementor-6135\" data-elementor-post-type=\"page\">\n\t\t\t\t\t\t<section class=\"elementor-section elementor-top-section elementor-element elementor-element-7e4e8877 elementor-section-boxed elementor-section-height-default elementor-section-height-default\" data-id=\"7e4e8877\" data-element_type=\"section\">\n\t\t\t\t\t\t<div class=\"elementor-container elementor-column-gap-default\">\n\t\t\t\t\t<div class=\"elementor-column elementor-col-100 elementor-top-column elementor-element elementor-element-217a4cf\" data-id=\"217a4cf\" data-element_type=\"column\">\n\t\t\t<div class=\"elementor-widget-wrap elementor-element-populated\">\n\t\t\t\t\t\t<div class=\"elementor-element elementor-element-4a92d05 elementor-widget elementor-widget-spacer\" data-id=\"4a92d05\" data-element_type=\"widget\" data-widget_type=\"spacer.default\">\n\t\t\t\t<div class=\"elementor-widget-container\">\n\t\t\t<style>\/*! elementor - v3.23.0 - 05-08-2024 *\/\n.elementor-column .elementor-spacer-inner{height:var(--spacer-size)}.e-con{--container-widget-width:100%}.e-con-inner>.elementor-widget-spacer,.e-con>.elementor-widget-spacer{width:var(--container-widget-width,var(--spacer-size));--align-self:var(--container-widget-align-self,initial);--flex-shrink:0}.e-con-inner>.elementor-widget-spacer>.elementor-widget-container,.e-con>.elementor-widget-spacer>.elementor-widget-container{height:100%;width:100%}.e-con-inner>.elementor-widget-spacer>.elementor-widget-container>.elementor-spacer,.e-con>.elementor-widget-spacer>.elementor-widget-container>.elementor-spacer{height:100%}.e-con-inner>.elementor-widget-spacer>.elementor-widget-container>.elementor-spacer>.elementor-spacer-inner,.e-con>.elementor-widget-spacer>.elementor-widget-container>.elementor-spacer>.elementor-spacer-inner{height:var(--container-widget-height,var(--spacer-size))}.e-con-inner>.elementor-widget-spacer.elementor-widget-empty,.e-con>.elementor-widget-spacer.elementor-widget-empty{position:relative;min-height:22px;min-width:22px}.e-con-inner>.elementor-widget-spacer.elementor-widget-empty .elementor-widget-empty-icon,.e-con>.elementor-widget-spacer.elementor-widget-empty .elementor-widget-empty-icon{position:absolute;top:0;bottom:0;left:0;right:0;margin:auto;padding:0;width:22px;height:22px}<\/style>\t\t<div class=\"elementor-spacer\">\n\t\t\t<div class=\"elementor-spacer-inner\"><\/div>\n\t\t<\/div>\n\t\t\t\t<\/div>\n\t\t\t\t<\/div>\n\t\t\t\t<div class=\"elementor-element elementor-element-1d6bf7a elementor-widget elementor-widget-heading\" data-id=\"1d6bf7a\" data-element_type=\"widget\" data-widget_type=\"heading.default\">\n\t\t\t\t<div class=\"elementor-widget-container\">\n\t\t\t<style>\/*! elementor - v3.23.0 - 05-08-2024 *\/\n.elementor-heading-title{padding:0;margin:0;line-height:1}.elementor-widget-heading .elementor-heading-title[class*=elementor-size-]>a{color:inherit;font-size:inherit;line-height:inherit}.elementor-widget-heading .elementor-heading-title.elementor-size-small{font-size:15px}.elementor-widget-heading .elementor-heading-title.elementor-size-medium{font-size:19px}.elementor-widget-heading .elementor-heading-title.elementor-size-large{font-size:29px}.elementor-widget-heading .elementor-heading-title.elementor-size-xl{font-size:39px}.elementor-widget-heading .elementor-heading-title.elementor-size-xxl{font-size:59px}<\/style><h2 class=\"elementor-heading-title elementor-size-default\">Bedingungen f\u00fcr den Verkauf<\/h2>\t\t<\/div>\n\t\t\t\t<\/div>\n\t\t\t\t<div class=\"elementor-element elementor-element-74f10c30 elementor-widget elementor-widget-text-editor\" data-id=\"74f10c30\" data-element_type=\"widget\" data-widget_type=\"text-editor.default\">\n\t\t\t\t<div class=\"elementor-widget-container\">\n\t\t\t<style>\/*! elementor - v3.23.0 - 05-08-2024 *\/\n.elementor-widget-text-editor.elementor-drop-cap-view-stacked .elementor-drop-cap{background-color:#69727d;color:#fff}.elementor-widget-text-editor.elementor-drop-cap-view-framed .elementor-drop-cap{color:#69727d;border:3px solid;background-color:transparent}.elementor-widget-text-editor:not(.elementor-drop-cap-view-default) .elementor-drop-cap{margin-top:8px}.elementor-widget-text-editor:not(.elementor-drop-cap-view-default) .elementor-drop-cap-letter{width:1em;height:1em}.elementor-widget-text-editor .elementor-drop-cap{float:left;text-align:center;line-height:1;font-size:50px}.elementor-widget-text-editor .elementor-drop-cap-letter{display:inline-block}<\/style>\t\t\t\t<p><!-- wp:heading --><\/p>\n<ol>\n<li><strong> Geltung der Verkaufsbedingungen<\/strong><\/li>\n<\/ol>\n<p>1.1 Der Eigent\u00fcmer des E-Shops ist WOHOM O\u00dc (Registrierungscode 10532666), mit Sitz in Saare, S\u00f5reste Dorf Kanepi Gemeinde P\u00f5lvamaa 63121, Republik Estland.<\/p>\n<p>1.2 Die Allgemeinen Verkaufsbedingungen gelten f\u00fcr den Kauf von Waren und Dienstleistungen zwischen dem Betreiber der Einkaufsumgebung (im Folgenden E-Shop) unter https:\/\/www. valikaimlad.ee, WOHOM O\u00dc (im Folgenden Verk\u00e4ufer) und dem Kunden (im Folgenden Kunde).\u00a0<\/p>\n<p>1.3 Mit dem Kauf auf dieser Website best\u00e4tigt der Kunde sein Einverst\u00e4ndnis mit den folgenden Verkaufsbedingungen.<\/p>\n<p>1.4 Neben diesen Bedingungen unterliegen die Rechtsbeziehungen, die sich aus dem Kauf von Produkten aus dem E-Shop ergeben, dem Schuldrechtsgesetz (nachstehend LOA), dem Verbraucherschutzgesetz (nachstehend CPA) und anderen in der Republik Estland geltenden Rechtsvorschriften.<\/p>\n<p>1.5 WOHOM O\u00dc beh\u00e4lt sich das Recht vor, \u00c4nderungen an den Verkaufsbedingungen vorzunehmen. Diese \u00c4nderungen werden auf der Website www.valikaimlad.ee ver\u00f6ffentlicht.<\/p>\n<p>\u00a0<\/p>\n<ol start=\"2\">\n<li><strong> Preisinfo<\/strong><\/li>\n<\/ol>\n<p>2.1 Alle im E-Shop angegebenen Preise sind in Euro und enthalten die Mehrwertsteuer.<\/p>\n<p>2.2 Die Preise enthalten nicht die Kosten f\u00fcr die Lieferung oder Installation.<\/p>\n<p>2.3 Die Kosten f\u00fcr die Lieferung der Waren werden beim Kauf einiger Waren im Warenkorb angegeben, aber diese Information kann aufgrund der besonderen Beschaffenheit der Waren fehlen. Die Kosten f\u00fcr die Lieferung der Waren werden zwischen dem Verk\u00e4ufer und dem Kunden bei Abschluss der Bestellung festgelegt und best\u00e4tigt.\u00a0<\/p>\n<p>\u00a0<\/p>\n<ol start=\"3\">\n<li><strong> Produkte\u00a0<\/strong><\/li>\n<\/ol>\n<p>3.1 Die im E-Shop angezeigten Produkte werden gem\u00e4\u00df der Bestellung des Kunden in den R\u00e4umlichkeiten von WOHOM O\u00dc hergestellt oder montiert. Die Verf\u00fcgbarkeit dieser Produkte wird in angemessenen Mengen gew\u00e4hrleistet.<\/p>\n<p>3.2 Sollte sich herausstellen, dass es nicht m\u00f6glich ist, die aufgegebene Bestellung innerhalb der im E-Shop angegebenen Lieferfrist zu erf\u00fcllen, wird der Kunde kontaktiert und die schnellstm\u00f6gliche L\u00f6sung angeboten. Wenn der Kunde mit der vorgeschlagenen L\u00f6sung nicht einverstanden ist, wird ihm der volle Kaufbetrag innerhalb von 14 Kalendertagen zur\u00fcckerstattet.<\/p>\n<p>3.3 Die im E-Shop gezeigten Fotos der Produkte dienen der Veranschaulichung und k\u00f6nnen leicht vom tats\u00e4chlichen Aussehen des Produkts abweichen. Geringf\u00fcgige Abweichungen in Farbe, Detail oder Mechanismus der Produkte sind auf Risiko des Kunden, wenn er im E-Shop bestellt.\u00a0<\/p>\n<p>3.4 Fotos, Videos und Illustrationen der im E-Shop gezeigten Produkte sind Eigentum von WOHOM O\u00dc und d\u00fcrfen ohne schriftliche Genehmigung von WOHOM O\u00dc nicht kopiert oder in anderen Kan\u00e4len gezeigt werden.<\/p>\n<p>\u00a0<\/p>\n<ol start=\"4\">\n<li><strong>Bedingungen und Konditionen<\/strong><\/li>\n<\/ol>\n<p>4.1 Der Kunde stellt das gew\u00fcnschte Produkt im E-Shop entsprechend der Anleitung zusammen und legt es durch Anklicken des Buttons \"Kaufen\" in den Warenkorb.<\/p>\n<p>4.2 Um eine Bestellung aufzugeben, muss der Kunde auf die Seite \"Warenkorb\" gehen, die Eignung des Kaufs \u00fcberpr\u00fcfen und auf die Schaltfl\u00e4che \"Zur Zahlung \u00fcbergehen\" klicken.<\/p>\n<p>4.3 Um die Bestellung zu best\u00e4tigen, m\u00fcssen Sie die erforderlichen Daten eingeben, ihre Richtigkeit \u00fcberpr\u00fcfen und auf die Schaltfl\u00e4che \"Weiter\" klicken. Wenn die Informationen \u00fcber die Lieferung des Produkts angezeigt werden, w\u00e4hlt der Kunde die entsprechende Lieferoption aus.<\/p>\n<p>4.4 Der Kunde best\u00e4tigt die Bestellung und bezahlt die gesamte Bestellung in der vom Verk\u00e4ufer angebotenen Zahlungsumgebung. Der Kunde muss vor der Zahlung pr\u00fcfen, ob die in der Bestellung angegebenen Produkte, Mengen und Preise dem tats\u00e4chlichen Bedarf des Kunden entsprechen.<\/p>\n<p>4.5 Sie m\u00fcssen eine der folgenden Zahlungsarten w\u00e4hlen, um einen Kauf zu t\u00e4tigen:<\/p>\n<ul>\n<li><strong>Auf Rechnung<\/strong><\/li>\n<li><strong>Einzahlung in Bank<\/strong><\/li>\n<li><strong>Esto nach Steuern<\/strong><\/li>\n<li><strong>Esto 3<\/strong><\/li>\n<li><strong>Inbank-Rate<\/strong><\/li>\n<\/ul>\n<p>4.6 Nach der Zahlung des Kaufbetrags schickt der E-Shop dem Kunden und dem Verk\u00e4ufer per E-Mail eine Auftragsbest\u00e4tigung.\u00a0<\/p>\n<p>4.7 Der Verk\u00e4ufer haftet nicht f\u00fcr die Unm\u00f6glichkeit der Auftragserf\u00fcllung aufgrund falscher Angaben des Kunden und deren Folgen.<\/p>\n<p>\u00a0<\/p>\n<ol start=\"5\">\n<li><strong> Zahlungsm\u00f6glichkeiten<\/strong><\/li>\n<\/ol>\n<p>5.1 Die Zahlungen der Bank werden von Montonio Finance vermittelt. Die Zahlung erfolgt au\u00dferhalb des E-Shops in einer sicheren Umgebung - bei Zahlung per Bank\u00fcberweisung in der sicheren Umgebung der jeweiligen Bank und bei Zahlung per Kreditkarte in der sicheren Umgebung von Montonio Finance. Der Vertrag tritt mit dem Datum des Eingangs des f\u00e4lligen Betrags auf dem Girokonto des E-Shops in Kraft.<br \/>Estnische Banken: Swedbank, SEB, Luminor, LHV, Coop Pank, Visa\/Mastercard.<br \/>5.2 Zur Bezahlung der Waren k\u00f6nnen Esto-Ratenkauf und Esto 3 (Bezahlung in 3 Raten) verwendet werden.<br \/>Mit Montonio ist es m\u00f6glich, mit einem einzigen Antrag ein Ratenkaufangebot von mehreren Kreditgebern einzuholen und dasjenige auszuw\u00e4hlen, das am besten zu Ihnen passt. Um einen Ratenkauf zu beantragen, w\u00e4hlen Sie als Zahlungsart Esto-Rate aus, f\u00fcllen den Kreditantrag aus und unterzeichnen, wenn Sie m\u00f6chten, eine Vereinbarung mit dem Kreditgeber.<br \/>5.3 Der Inhaber des E-Shops ist der Inhaber der personenbezogenen Daten und leitet die f\u00fcr die Ausf\u00fchrung der Zahlungen erforderlichen personenbezogenen Daten an den Verarbeiter Montonio Finance and Esto AS weiter.<\/p>\n<p>\u00a0<\/p>\n<p>6. <b>Lieferfrist<\/b><\/p>\n<p><b>\u00a0<\/b><\/p>\n<p>6.1 Ab dem Zeitpunkt der Bestellung der Ware und des Zahlungseingangs erh\u00e4lt der K\u00e4ufer das Produkt sp\u00e4testens innerhalb von 14 Kalendertagen auf Lager. Die Lieferfrist h\u00e4ngt davon ab, ob das Produkt mit oder ohne Veredelung bestellt worden ist. Eine k\u00fcrzere oder l\u00e4ngere Lieferfrist ist nach vorheriger Vereinbarung m\u00f6glich. Produkte, die nicht auf Lager sind, haben eine Lieferzeit von bis zu 4 Wochen ab Eingang der \u00dcberweisung.<br \/>6.2 Nachdem die Zahlung auf dem Bankkonto von WOHOM O\u00dc gutgeschrieben wurde, werden Sie innerhalb von 3 Werktagen kontaktiert, um den Zeitpunkt der Lieferung und des Empfangs der Ware zu vereinbaren.<\/p>\n<p><span style=\"font-style: inherit; background-color: var(--ast-global-color-5);\"><br \/>7.\u00a0<\/span><strong style=\"font-style: inherit; background-color: var(--ast-global-color-5);\">Lieferung an<\/strong><\/p>\n<p><strong style=\"font-style: inherit; background-color: var(--ast-global-color-5);\">\u00a0<\/strong><\/p>\n<p><span style=\"font-style: inherit; font-weight: inherit; background-color: var(--ast-global-color-5);\">7.1 Der Preis schlie\u00dft den Transport nicht ein. Wenn Sie eine Bestellung aufgeben, k\u00f6nnen Sie w\u00e4hlen, ob wir die Ware transportieren sollen oder ob Sie die Ware selbst abholen wollen.<\/span><\/p>\n<p>7.2 Die im E-Shop gekauften Produkte werden nur innerhalb der Republik Estland geliefert. Nach Vereinbarung auch in die Nachbarl\u00e4nder.<\/p>\n<p>7.3 Der Transport von Holzkonstruktionen und anderen gr\u00f6\u00dferen Produkten wird zwischen dem Kunden und dem Verk\u00e4ufer vereinbart.<\/p>\n<p>7.4 Der Preis f\u00fcr den Transportservice h\u00e4ngt von dem Land ab, in das Sie das Produkt bestellen m\u00f6chten. Beim Abschluss Ihrer Bestellung m\u00fcssen Sie die Adresse des Ortes angeben, an den die im E-Shop bestellten Produkte geliefert werden sollen.<\/p>\n<p>7.5 Innerhalb Estlands wird dem Kunden die Transportleistung zu dem im Warenkorb angegebenen Preis erbracht. Falls im Warenkorb kein Lieferpreis angegeben ist, wird dieser nach Best\u00e4tigung der Bestellung gesondert vereinbart.  Die Geb\u00fchr f\u00fcr den Transportservice wird nicht erhoben, wenn der Kunde die Ware selbst beim Verk\u00e4ufer abholt.<\/p>\n<p>7.6 Bei Produkten, die von uns mit Transport bestellt werden, muss dem Transportfahrzeug ein ungehinderter Zugang zum Entladeort des Produkts erm\u00f6glicht werden. L\u00e4nge: 6800mm; Breite: 2180mm; zul\u00e4ssiges Gesamtgewicht: 3550kg.<\/p>\n<p>7.7 Falls das Produkt nicht in gutem Zustand beim Kunden ankommt, ist der Kunde verpflichtet, den Verk\u00e4ufer unverz\u00fcglich dar\u00fcber zu informieren, indem er ein entsprechendes Schreiben zusammen mit Fotomaterial an die E-Mail-Adresse info@valikaimlad.ee schickt.<\/p>\n<p><span style=\"font-style: inherit; background-color: var(--ast-global-color-5);\"><br \/>8.\u00a0<\/span><strong style=\"font-style: inherit; background-color: var(--ast-global-color-5);\">Recht auf Widerruf<\/strong><\/p>\n<p>\u00a0<\/p>\n<p><span style=\"font-style: inherit; font-weight: inherit; background-color: var(--ast-global-color-5);\">8.1 Der Kunde hat nach Erhalt der Bestellung das Recht, innerhalb von 14 Tagen von dem im E-Shop geschlossenen Vertrag zur\u00fcckzutreten, wenn die Bestellung nicht gem\u00e4\u00df den Bedingungen des Kunden erstellt wurde. Das Widerrufsrecht gilt nicht f\u00fcr eine Bestellung, die nach den vom Kunden vorgegebenen Bedingungen erstellt wurde (LOA \u00a7 53 (4) 2 und 3). Das Widerrufsrecht gilt nicht, wenn der Kunde eine juristische Person ist.<\/span><\/p>\n<p>8.2 Zur Aus\u00fcbung des 14-t\u00e4gigen R\u00fcckgaberechts d\u00fcrfen die bestellten Waren nur in der Weise benutzt werden, wie es zur Feststellung der Beschaffenheit, der Eigenschaften und der Funktionsweise der Waren erforderlich ist, d.h. in der Weise, wie es f\u00fcr das Testen der Waren in einem Ladengesch\u00e4ft zul\u00e4ssig ist. Wurde die Ware zu anderen Zwecken als zur Feststellung der Beschaffenheit, der Eigenschaften und der Funktionsweise der Ware verwendet oder weist sie Gebrauchs- oder Abnutzungserscheinungen auf, so ist der Verk\u00e4ufer berechtigt, den zu erstattenden Betrag im Verh\u00e4ltnis zur Wertminderung der Ware zu mindern. 2.8.2.<\/p>\n<p>8.3 Um die Ware zur\u00fcckzusenden, m\u00fcssen Sie ein Widerrufsformular ausf\u00fcllen und an die folgende E-Mail-Adresse senden.\u00a0<u><a href=\"mailto:info@valikaimlad.ee\">info@valikaimlad.ee<\/a><\/u>\u00a0sp\u00e4testens innerhalb von 14 Tagen nach Erhalt der Ware. Die Kosten der R\u00fccksendung tr\u00e4gt der Kunde, es sei denn, der Grund f\u00fcr die R\u00fccksendung liegt darin, dass die zur\u00fcckzusendende Ware nicht der bestellten Ware entspricht (z. B. falsche oder mangelhafte Ware).\u00a0<\/p>\n<p>8.4 Der Kunde muss die Waren innerhalb von 14 Tagen ab dem Datum des Antrags zur\u00fccksenden oder den Nachweis erbringen, dass er die Waren innerhalb der vorgenannten Frist an den Spediteur \u00fcbergeben hat. Nach Erhalt der zur\u00fcckgesandten Waren erstattet der E-Shop dem Kunden unverz\u00fcglich, sp\u00e4testens jedoch innerhalb von 14 Tagen nach Erhalt des Antrags auf Widerruf, alle vom Kunden im Rahmen des Vertrags erhaltenen Geb\u00fchren.<\/p>\n<p>8.5 Der E-Shop kann die R\u00fcckzahlung verweigern, bis er die Waren, die Gegenstand des Vertrags sind, wieder zur\u00fcckerhalten hat oder bis der Kunde den Nachweis erbracht hat, dass er die Waren zur\u00fcckgesandt hat, je nachdem, welches der fr\u00fchere Zeitpunkt ist.\u00a0<\/p>\n<p>8.6 Tritt der Kunde teilweise von der Bestellung zur\u00fcck, so erfolgt die R\u00fcckerstattung der Transportkosten im Verh\u00e4ltnis zum Betrag der gesamten zur\u00fcckgesandten Bestellung.\u00a0<\/p>\n<p>8.7 Der E-Shop hat das Recht, vom Verkaufsgesch\u00e4ft zur\u00fcckzutreten und die Ware vom Kunden zur\u00fcckzufordern, wenn der Preis der Ware im E-Shop aufgrund eines Fehlers oder technischen Versagens deutlich unter dem Marktpreis der Ware liegt.<\/p>\n<p><strong>\u00a0<\/strong><\/p>\n<p><span style=\"font-style: inherit; background-color: var(--ast-global-color-5);\">9.<\/span><strong style=\"font-style: inherit; background-color: var(--ast-global-color-5);\"> Beschwerdeverfahren<\/strong><\/p>\n<p><strong style=\"font-style: inherit; background-color: var(--ast-global-color-5);\">\u00a0<\/strong><\/p>\n<p>9.1 F\u00fcr Produkte, die an Privatpersonen verkauft werden, gilt eine Reklamationsfrist von 2 Jahren. Der Verk\u00e4ufer haftet nicht f\u00fcr die Nicht\u00fcbereinstimmung eines Produkts mit den Vertragsbedingungen, wenn der Kunde zum Zeitpunkt des Vertragsabschlusses Kenntnis von der Nicht\u00fcbereinstimmung des Produkts hatte. F\u00fcr juristische Personen betr\u00e4gt die Gew\u00e4hrleistungsfrist 6 Monate.<\/p>\n<p>9.2 Der E-Shop haftet f\u00fcr die Vertragswidrigkeit oder den Mangel der an einen Privatkunden verkauften Waren, der zum Zeitpunkt der Lieferung der Waren bereits vorhanden war und der sich innerhalb von zwei Jahren nach der Lieferung der Waren an den K\u00e4ufer zeigt. W\u00e4hrend dieser ersten sechs Monate nach der Lieferung der Waren an den Kunden wird davon ausgegangen, dass der Mangel bereits zum Zeitpunkt der Lieferung vorhanden war. Es ist Sache des Verk\u00e4ufers, diese Vermutung zu widerlegen.<\/p>\n<p>9.3 Im Falle einer Nicht\u00fcbereinstimmung oder eines Mangels des Produkts verpflichtet sich der Kunde, den Verk\u00e4ufer unverz\u00fcglich, sp\u00e4testens jedoch innerhalb von 2 Monaten nach Auftreten des Mangels, zu benachrichtigen, indem er seine Kontaktdaten, eine detaillierte Beschreibung des Problems und die Bestellnummer an die E-Mail-Adresse info@valikaimlad.ee sendet. Im Falle eines Mangels des Produkts muss die Nutzung des Produkts unverz\u00fcglich eingestellt werden.<\/p>\n<p>9.4 Alle Beschwerden werden gepr\u00fcft und der Kunde wird so schnell wie m\u00f6glich, sp\u00e4testens jedoch 15 Tage nach Eingang der Beschwerde, kontaktiert.<\/p>\n<p>9.5 Der Verbraucher kann die gesetzlich vorgesehenen Rechtsbehelfe in Anspruch nehmen, wenn die Waren nicht mit den Vertragsbedingungen \u00fcbereinstimmen.<\/p>\n<p>9.6 Im Falle der Nicht\u00fcbereinstimmung des Produkts mit den Vertragsbedingungen gehen die mit der Reparatur oder dem Ersatz des Produkts verbundenen Kosten, insbesondere die Transport-, Porto-, Arbeits-, Reise- und Materialkosten, zu Lasten des Verk\u00e4ufers.\u00a0<\/p>\n<p>9.7 Der Verk\u00e4ufer haftet nicht f\u00fcr Sch\u00e4den, die durch die unsachgem\u00e4\u00dfe Verwendung der bestellten Produkte entstehen, sowie f\u00fcr Lieferverz\u00f6gerungen, wenn diese auf Umst\u00e4nde zur\u00fcckzuf\u00fchren sind, die der Verk\u00e4ufer nicht zu vertreten hat und\/oder auf h\u00f6here Gewalt, die der Verk\u00e4ufer nicht zu vertreten hat.\u00a0<\/p>\n<p>8.8 Der Verk\u00e4ufer erstattet dem Kunden keine Kosten, die dem Kunden im Falle einer Nichtkonformit\u00e4t oder eines Mangels des Produkts entstehen, und haftet nicht f\u00fcr solche Kosten, wenn:\u00a0<\/p>\n<ul>\n<li><strong>der Wert der Ware gemindert oder die Ware durch Verschulden des Kunden besch\u00e4digt worden ist,\u00a0<\/strong><\/li>\n<li><strong>Die M\u00e4ngel sind das Ergebnis einer unsachgem\u00e4\u00dfen Verwendung des Produkts, einschlie\u00dflich der Nichtbeachtung der Wartungsanweisungen,\u00a0<\/strong><\/li>\n<li><strong>der Wert der Ware ist durch normale Abnutzung gemindert, es liegt kein Kaufnachweis vor.<\/strong><\/li>\n<\/ul>\n<p>\u00a0<\/p>\n<p>10.<strong style=\"font-style: inherit; background-color: var(--ast-global-color-5);\">Verantwortung<\/strong><\/p>\n<p><strong style=\"font-style: inherit; background-color: var(--ast-global-color-5);\">\u00a0<\/strong><\/p>\n<p><span style=\"background-color: var(--ast-global-color-5); font-style: inherit; font-weight: inherit;\">10.1 Der Verk\u00e4ufer und der Kunde haften einander f\u00fcr alle Sch\u00e4den, die der anderen Partei durch die Verletzung dieser Verkaufsbedingungen entstehen, in den F\u00e4llen und in dem Umfang, wie es die in der Republik Estland geltenden Rechtsvorschriften vorsehen.<\/span><\/p>\n<p>10.2 Der Verk\u00e4ufer haftet f\u00fcr den Verkaufspreis des Produkts.<\/p>\n<p>10.3 Der Kunde verpflichtet sich, den E-Shop-Service nur f\u00fcr Zwecke zu nutzen, die mit dem Gesetz und den guten Sitten \u00fcbereinstimmen.<\/p>\n<p><!-- \/wp:paragraph --><\/p>\t\t\t\t\t\t<\/div>\n\t\t\t\t<\/div>\n\t\t\t\t<div class=\"elementor-element elementor-element-8a535c5 elementor-widget elementor-widget-spacer\" data-id=\"8a535c5\" data-element_type=\"widget\" data-widget_type=\"spacer.default\">\n\t\t\t\t<div class=\"elementor-widget-container\">\n\t\t\t\t\t<div class=\"elementor-spacer\">\n\t\t\t<div class=\"elementor-spacer-inner\"><\/div>\n\t\t<\/div>\n\t\t\t\t<\/div>\n\t\t\t\t<\/div>\n\t\t\t\t\t<\/div>\n\t\t<\/div>\n\t\t\t\t\t<\/div>\n\t\t<\/section>\n\t\t\t\t<\/div>","protected":false},"excerpt":{"rendered":"<p>1.1 Der Eigent\u00fcmer des E-Shops ist WOHOM O\u00dc (Registrierungscode 10532666), mit Sitz in Saare, S\u00f5reste Dorf Kanepi Gemeinde P\u00f5lvamaa 63121, Republik Estland. 1.2 Die Verkaufsbedingungen gelten zwischen WOHOM O\u00dc (im Folgenden als Verk\u00e4ufer bezeichnet), dem Eigent\u00fcmer der Einkaufsumgebung (im Folgenden als E-Shop bezeichnet), die sich unter https:\/\/www. valikaimlad.ee befindet, und dem Kunden (im Folgenden als Kunde bezeichnet) f\u00fcr den Kauf von Waren und Dienstleistungen.1.3 Durch den Kauf auf dieser Seite best\u00e4tigt der Kunde sein Einverst\u00e4ndnis mit den folgenden Verkaufsbedingungen. 1.4 Erg\u00e4nzend zu diesen Bedingungen [...]<\/p>","protected":false},"author":1,"featured_media":0,"parent":0,"menu_order":0,"comment_status":"closed","ping_status":"closed","template":"","meta":{"_acf_changed":false,"rank_math_lock_modified_date":false,"site-sidebar-layout":"default","site-content-layout":"","ast-site-content-layout":"default","site-content-style":"default","site-sidebar-style":"default","ast-global-header-display":"","ast-banner-title-visibility":"","ast-main-header-display":"","ast-hfb-above-header-display":"","ast-hfb-below-header-display":"","ast-hfb-mobile-header-display":"","site-post-title":"disabled","ast-breadcrumbs-content":"","ast-featured-img":"","footer-sml-layout":"","theme-transparent-header-meta":"","adv-header-id-meta":"","stick-header-meta":"","header-above-stick-meta":"","header-main-stick-meta":"","header-below-stick-meta":"","astra-migrate-meta-layouts":"set","ast-page-background-enabled":"default","ast-page-background-meta":{"desktop":{"background-color":"var(--ast-global-color-4)","background-image":"","background-repeat":"repeat","background-position":"center center","background-size":"auto","background-attachment":"scroll","background-type":"","background-media":"","overlay-type":"","overlay-color":"","overlay-opacity":"","overlay-gradient":""},"tablet":{"background-color":"","background-image":"","background-repeat":"repeat","background-position":"center center","background-size":"auto","background-attachment":"scroll","background-type":"","background-media":"","overlay-type":"","overlay-color":"","overlay-opacity":"","overlay-gradient":""},"mobile":{"background-color":"","background-image":"","background-repeat":"repeat","background-position":"center center","background-size":"auto","background-attachment":"scroll","background-type":"","background-media":"","overlay-type":"","overlay-color":"","overlay-opacity":"","overlay-gradient":""}},"ast-content-background-meta":{"desktop":{"background-color":"var(--ast-global-color-5)","background-image":"","background-repeat":"repeat","background-position":"center center","background-size":"auto","background-attachment":"scroll","background-type":"","background-media":"","overlay-type":"","overlay-color":"","overlay-opacity":"","overlay-gradient":""},"tablet":{"background-color":"var(--ast-global-color-5)","background-image":"","background-repeat":"repeat","background-position":"center center","background-size":"auto","background-attachment":"scroll","background-type":"","background-media":"","overlay-type":"","overlay-color":"","overlay-opacity":"","overlay-gradient":""},"mobile":{"background-color":"var(--ast-global-color-5)","background-image":"","background-repeat":"repeat","background-position":"center center","background-size":"auto","background-attachment":"scroll","background-type":"","background-media":"","overlay-type":"","overlay-color":"","overlay-opacity":"","overlay-gradient":""}},"footnotes":""},"class_list":["post-6135","page","type-page","status-publish","hentry"],"acf":[],"_links":{"self":[{"href":"https:\/\/valikaimlad.ee\/de\/wp-json\/wp\/v2\/pages\/6135"}],"collection":[{"href":"https:\/\/valikaimlad.ee\/de\/wp-json\/wp\/v2\/pages"}],"about":[{"href":"https:\/\/valikaimlad.ee\/de\/wp-json\/wp\/v2\/types\/page"}],"author":[{"embeddable":true,"href":"https:\/\/valikaimlad.ee\/de\/wp-json\/wp\/v2\/users\/1"}],"replies":[{"embeddable":true,"href":"https:\/\/valikaimlad.ee\/de\/wp-json\/wp\/v2\/comments?post=6135"}],"version-history":[{"count":58,"href":"https:\/\/valikaimlad.ee\/de\/wp-json\/wp\/v2\/pages\/6135\/revisions"}],"predecessor-version":[{"id":12562,"href":"https:\/\/valikaimlad.ee\/de\/wp-json\/wp\/v2\/pages\/6135\/revisions\/12562"}],"wp:attachment":[{"href":"https:\/\/valikaimlad.ee\/de\/wp-json\/wp\/v2\/media?parent=6135"}],"curies":[{"name":"wp","href":"https:\/\/api.w.org\/{rel}","templated":true}]}}