{"id":5928,"date":"2023-02-27T01:10:34","date_gmt":"2023-02-26T23:10:34","guid":{"rendered":"https:\/\/valikaimlad.ee\/?page_id=5928"},"modified":"2024-04-17T08:15:28","modified_gmt":"2024-04-17T05:15:28","slug":"privaatsuspoliitika-2","status":"publish","type":"page","link":"https:\/\/valikaimlad.ee\/de\/datenschutzrichtlinie-2\/","title":{"rendered":"Datenschutzbestimmungen"},"content":{"rendered":"<div data-elementor-type=\"wp-page\" data-elementor-id=\"5928\" class=\"elementor elementor-5928\" data-elementor-post-type=\"page\">\n\t\t\t\t\t\t<section class=\"elementor-section elementor-top-section elementor-element elementor-element-1d02ca80 elementor-section-boxed elementor-section-height-default elementor-section-height-default\" data-id=\"1d02ca80\" data-element_type=\"section\">\n\t\t\t\t\t\t<div class=\"elementor-container elementor-column-gap-default\">\n\t\t\t\t\t<div class=\"elementor-column elementor-col-100 elementor-top-column elementor-element elementor-element-2e9ec29b\" data-id=\"2e9ec29b\" data-element_type=\"column\">\n\t\t\t<div class=\"elementor-widget-wrap elementor-element-populated\">\n\t\t\t\t\t\t<div class=\"elementor-element elementor-element-b45cc0b elementor-widget elementor-widget-spacer\" data-id=\"b45cc0b\" data-element_type=\"widget\" data-widget_type=\"spacer.default\">\n\t\t\t\t<div class=\"elementor-widget-container\">\n\t\t\t<style>\/*! elementor - v3.23.0 - 05-08-2024 *\/\n.elementor-column .elementor-spacer-inner{height:var(--spacer-size)}.e-con{--container-widget-width:100%}.e-con-inner>.elementor-widget-spacer,.e-con>.elementor-widget-spacer{width:var(--container-widget-width,var(--spacer-size));--align-self:var(--container-widget-align-self,initial);--flex-shrink:0}.e-con-inner>.elementor-widget-spacer>.elementor-widget-container,.e-con>.elementor-widget-spacer>.elementor-widget-container{height:100%;width:100%}.e-con-inner>.elementor-widget-spacer>.elementor-widget-container>.elementor-spacer,.e-con>.elementor-widget-spacer>.elementor-widget-container>.elementor-spacer{height:100%}.e-con-inner>.elementor-widget-spacer>.elementor-widget-container>.elementor-spacer>.elementor-spacer-inner,.e-con>.elementor-widget-spacer>.elementor-widget-container>.elementor-spacer>.elementor-spacer-inner{height:var(--container-widget-height,var(--spacer-size))}.e-con-inner>.elementor-widget-spacer.elementor-widget-empty,.e-con>.elementor-widget-spacer.elementor-widget-empty{position:relative;min-height:22px;min-width:22px}.e-con-inner>.elementor-widget-spacer.elementor-widget-empty .elementor-widget-empty-icon,.e-con>.elementor-widget-spacer.elementor-widget-empty .elementor-widget-empty-icon{position:absolute;top:0;bottom:0;left:0;right:0;margin:auto;padding:0;width:22px;height:22px}<\/style>\t\t<div class=\"elementor-spacer\">\n\t\t\t<div class=\"elementor-spacer-inner\"><\/div>\n\t\t<\/div>\n\t\t\t\t<\/div>\n\t\t\t\t<\/div>\n\t\t\t\t<div class=\"elementor-element elementor-element-d9a5c3c elementor-widget elementor-widget-heading\" data-id=\"d9a5c3c\" data-element_type=\"widget\" data-widget_type=\"heading.default\">\n\t\t\t\t<div class=\"elementor-widget-container\">\n\t\t\t<style>\/*! elementor - v3.23.0 - 05-08-2024 *\/\n.elementor-heading-title{padding:0;margin:0;line-height:1}.elementor-widget-heading .elementor-heading-title[class*=elementor-size-]>a{color:inherit;font-size:inherit;line-height:inherit}.elementor-widget-heading .elementor-heading-title.elementor-size-small{font-size:15px}.elementor-widget-heading .elementor-heading-title.elementor-size-medium{font-size:19px}.elementor-widget-heading .elementor-heading-title.elementor-size-large{font-size:29px}.elementor-widget-heading .elementor-heading-title.elementor-size-xl{font-size:39px}.elementor-widget-heading .elementor-heading-title.elementor-size-xxl{font-size:59px}<\/style><h2 class=\"elementor-heading-title elementor-size-default\">Datenschutzbestimmungen<\/h2>\t\t<\/div>\n\t\t\t\t<\/div>\n\t\t\t\t<div class=\"elementor-element elementor-element-8481fbb elementor-widget elementor-widget-text-editor\" data-id=\"8481fbb\" data-element_type=\"widget\" data-widget_type=\"text-editor.default\">\n\t\t\t\t<div class=\"elementor-widget-container\">\n\t\t\t<style>\/*! elementor - v3.23.0 - 05-08-2024 *\/\n.elementor-widget-text-editor.elementor-drop-cap-view-stacked .elementor-drop-cap{background-color:#69727d;color:#fff}.elementor-widget-text-editor.elementor-drop-cap-view-framed .elementor-drop-cap{color:#69727d;border:3px solid;background-color:transparent}.elementor-widget-text-editor:not(.elementor-drop-cap-view-default) .elementor-drop-cap{margin-top:8px}.elementor-widget-text-editor:not(.elementor-drop-cap-view-default) .elementor-drop-cap-letter{width:1em;height:1em}.elementor-widget-text-editor .elementor-drop-cap{float:left;text-align:center;line-height:1;font-size:50px}.elementor-widget-text-editor .elementor-drop-cap-letter{display:inline-block}<\/style>\t\t\t\t<p>Letzte Aktualisierung: 11.04.2024<\/p>\n<p>Datum des Inkrafttretens: 11.04.2024<\/p>\t\t\t\t\t\t<\/div>\n\t\t\t\t<\/div>\n\t\t\t\t<div class=\"elementor-element elementor-element-a059c06 elementor-widget elementor-widget-text-editor\" data-id=\"a059c06\" data-element_type=\"widget\" data-widget_type=\"text-editor.default\">\n\t\t\t\t<div class=\"elementor-widget-container\">\n\t\t\t\t\t\t\t<p>Der Inhaber der personenbezogenen Daten des Online-Shops valikaimlad.ee ist Wohom O\u00dc (Registrierungscode: 10532666) (im Folgenden als Online-Shop bezeichnet), Gemeinde P\u00f5lva, Dorf Tilsi, Arenduse, Kreis P\u00f5lva, 63012, Estland, E-Mail: info@valikaimlad.ee, Telefon: +372 5556 3196. Mit dem Zugriff auf den Online-Shop oder dessen Nutzung erkl\u00e4ren Sie sich mit der Erhebung, Nutzung und Weitergabe Ihrer Daten gem\u00e4\u00df dieser Datenschutzrichtlinie einverstanden.<\/p>\n<p>Der Onlineshop beh\u00e4lt sich das Recht vor, diese Datenschutzerkl\u00e4rung jederzeit und ohne vorherige Benachrichtigung des Nutzers zu \u00e4ndern und die ge\u00e4nderte Datenschutzerkl\u00e4rung auf der Website zu ver\u00f6ffentlichen. Die ge\u00e4nderte Datenschutzrichtlinie gilt f\u00fcr 90 Tage ab dem Datum ihrer Ver\u00f6ffentlichung, und wenn Sie die Website nach diesem Zeitraum weiter nutzen, akzeptieren Sie die ge\u00e4nderte Datenschutzrichtlinie. Wir empfehlen Ihnen daher, die Seite mit den Datenschutzbestimmungen regelm\u00e4\u00dfig zu \u00fcberpr\u00fcfen.<\/p>\t\t\t\t\t\t<\/div>\n\t\t\t\t<\/div>\n\t\t\t\t<div class=\"elementor-element elementor-element-68ab38a elementor-widget elementor-widget-text-editor\" data-id=\"68ab38a\" data-element_type=\"widget\" data-widget_type=\"text-editor.default\">\n\t\t\t\t<div class=\"elementor-widget-container\">\n\t\t\t\t\t\t\t<h2>Gesammelte Informationen<\/h2>\n<p>Wir sammeln und verarbeiten die folgenden personenbezogenen Daten:<\/p>\n<ul>\n<li><strong>Name<\/strong><\/li>\n<li><strong>E-Mail Adresse<\/strong><\/li>\n<li><strong>Rufnummer<\/strong><\/li>\n<li><strong>Lieferadresse<\/strong><\/li>\n<li><strong>aktuelle Kontonummer<\/strong><\/li>\n<li><strong>Details zur Kundenbetreuung<\/strong><\/li>\n<li><strong>Kosten f\u00fcr Waren und Dienstleistungen und Zahlungsdetails (Kaufhistorie)<\/strong><\/li>\n<li><strong>IP-Adresse<\/strong><\/li>\n<\/ul>\t\t\t\t\t\t<\/div>\n\t\t\t\t<\/div>\n\t\t\t\t<div class=\"elementor-element elementor-element-31621c2 elementor-widget elementor-widget-text-editor\" data-id=\"31621c2\" data-element_type=\"widget\" data-widget_type=\"text-editor.default\">\n\t\t\t\t<div class=\"elementor-widget-container\">\n\t\t\t\t\t\t\t<h2>Empf\u00e4nger, an die personenbezogene Daten weitergegeben werden<\/h2>\n<p>Personenbezogene Daten k\u00f6nnen an Dienstleister der Informationstechnologie \u00fcbermittelt werden, wenn dies zur Sicherstellung der Funktionalit\u00e4t oder Datenverf\u00fcgbarkeit des Online-Shops erforderlich ist.<\/p>\n<p>Wir werden Ihre pers\u00f6nlichen Daten nicht ohne Ihre Zustimmung an Dritte weitergeben, au\u00dfer unter den unten beschriebenen begrenzten Umst\u00e4nden:<\/p>\n<ul>\n<li><strong>Werbedienstleistung<\/strong><\/li>\n<li><strong>Analytik<\/strong><\/li>\n<\/ul>\n<p>Wir verlangen von diesen Dritten, dass sie die ihnen zur Verf\u00fcgung gestellten personenbezogenen Daten nur f\u00fcr die Zwecke verwenden, f\u00fcr die sie zur Verf\u00fcgung gestellt wurden, und sie nicht l\u00e4nger aufbewahren, als es zur Erf\u00fcllung dieser Zwecke erforderlich ist.<\/p>\t\t\t\t\t\t<\/div>\n\t\t\t\t<\/div>\n\t\t\t\t<div class=\"elementor-element elementor-element-3e57251 elementor-widget elementor-widget-text-editor\" data-id=\"3e57251\" data-element_type=\"widget\" data-widget_type=\"text-editor.default\">\n\t\t\t\t<div class=\"elementor-widget-container\">\n\t\t\t\t\t\t\t<h2>Wie wir Daten verwenden<\/h2>\n<p>Personenbezogene Daten werden f\u00fcr die Verwaltung von Kundenauftr\u00e4gen und die Lieferung von Waren verwendet.<br \/>Die Daten der Kaufhistorie (Datum des Kaufs, Ware, Menge, Kundendaten) werden verwendet, um eine \u00dcbersicht \u00fcber die gekauften Waren und Dienstleistungen zu erstellen, die Pr\u00e4ferenzen der Kunden zu analysieren und unter anderem zur Beilegung von Verbraucherstreitigkeiten.<\/p>\n<p>Personenbezogene Daten wie E-Mail, Telefonnummer, Kundenname werden zum Zweck der L\u00f6sung von Problemen im Zusammenhang mit der Bereitstellung von Waren und Dienstleistungen (Kundenbetreuung) verarbeitet. Dar\u00fcber hinaus wird die E-Mail f\u00fcr den Versand von Rechnungen und die Telefonnummer f\u00fcr die Benachrichtigung \u00fcber die Ankunft von Waren am Paketautomaten verwendet.<br \/>Die IP-Adresse oder andere Netzwerkkennungen des Nutzers des Online-Shops werden zum Zweck der Bereitstellung des Online-Shops als Dienst der Informationsgesellschaft und zum Zweck der Webnutzungsstatistik verarbeitet.\u00a0\u00a0\u00a0<\/p>\n<p>Wir verwenden die gesammelten Informationen f\u00fcr die folgenden Zwecke:<\/p>\n<ul>\n<li>Marketing\/ Werbung<\/li>\n<li>Sammeln von Kundenfeedback<\/li>\n<li>Bearbeitung und Verwaltung von Auftr\u00e4gen<\/li>\n<li>Analytik<\/li>\n<li>Direktmarketing-Kommunikation<\/li>\n<\/ul>\n<p>Wenn wir die Daten f\u00fcr andere Zwecke verwenden wollen, werden wir Sie um Ihr Einverst\u00e4ndnis bitten und Ihre Daten nur dann verwenden, wenn wir Ihr Einverst\u00e4ndnis haben, und dann auch nur f\u00fcr die Zwecke, f\u00fcr die wir gefragt haben, es sei denn, wir sind gesetzlich zu etwas anderem verpflichtet.<\/p>\t\t\t\t\t\t<\/div>\n\t\t\t\t<\/div>\n\t\t\t\t<div class=\"elementor-element elementor-element-a6eb313 elementor-widget elementor-widget-text-editor\" data-id=\"a6eb313\" data-element_type=\"widget\" data-widget_type=\"text-editor.default\">\n\t\t\t\t<div class=\"elementor-widget-container\">\n\t\t\t\t\t\t\t<h3>Direktmarketing-Kommunikation<\/h3>\n<p>Die E-Mail-Adresse und die Telefonnummer werden gegebenenfalls f\u00fcr die Zusendung von Direktmarketing-Nachrichten verwendet, wenn der Kunde seine Zustimmung gegeben hat. Wenn der Kunde keine Direktmarketing-Mitteilungen erhalten m\u00f6chte, sollte er den entsprechenden Hinweis in der Fu\u00dfzeile der E-Mail ausw\u00e4hlen oder den Kundendienst kontaktieren.<\/p>\n<p>Werden personenbezogene Daten zum Zwecke des Direktmarketings (Profiling) verarbeitet, so hat der Kunde das Recht, sowohl der erstmaligen als auch der weiteren Verarbeitung seiner personenbezogenen Daten, einschlie\u00dflich des Profilings im Zusammenhang mit dem Direktmarketing, jederzeit zu widersprechen, indem er den Kundendienst per E-Mail informiert.<\/p>\n<p>Wir k\u00f6nnen Ihre pers\u00f6nlichen Daten auch offenlegen, um (1) geltende Gesetze, Vorschriften, Gerichtsbeschl\u00fcsse oder andere rechtliche Verfahren einzuhalten; (2) Vereinbarungen, die wir mit Ihnen getroffen haben, einschlie\u00dflich dieser Datenschutzrichtlinie, durchzusetzen; oder (3) auf Klagen zu reagieren, dass Ihre Nutzung des Dienstes die Rechte Dritter verletzt. Wenn ein Online-Shop oder ein Unternehmen fusioniert oder von einem anderen Unternehmen \u00fcbernommen wird, geh\u00f6ren Ihre Daten zu den Verm\u00f6genswerten, die an den neuen Eigent\u00fcmer \u00fcbertragen werden.<\/p>\t\t\t\t\t\t<\/div>\n\t\t\t\t<\/div>\n\t\t\t\t<div class=\"elementor-element elementor-element-636ee4f elementor-widget elementor-widget-text-editor\" data-id=\"636ee4f\" data-element_type=\"widget\" data-widget_type=\"text-editor.default\">\n\t\t\t\t<div class=\"elementor-widget-container\">\n\t\t\t\t\t\t\t<h2>Vorratsspeicherung von Daten<\/h2>\n<p>Wir bewahren personenbezogene Daten 90 Tage bis 18 Monate nach dem Kauf oder so lange auf, wie wir sie ben\u00f6tigen, um die Zwecke zu erf\u00fcllen, f\u00fcr die sie erfasst wurden, wie in dieser Datenschutzrichtlinie beschrieben. Es kann sein, dass wir bestimmte Daten f\u00fcr l\u00e4ngere Zeitr\u00e4ume aufbewahren m\u00fcssen, z. B. f\u00fcr die Datenaufbewahrung\/Berichterstattung in \u00dcbereinstimmung mit geltendem Recht oder aus anderen legitimen Gr\u00fcnden, wie z. B. zur Durchsetzung gesetzlicher Rechte, zur Betrugsbek\u00e4mpfung usw. Anonyme Restdaten und zusammengefasste Daten, die Sie nicht (direkt oder indirekt) identifizieren, k\u00f6nnen auf unbestimmte Zeit gespeichert werden.<\/p>\t\t\t\t\t\t<\/div>\n\t\t\t\t<\/div>\n\t\t\t\t<div class=\"elementor-element elementor-element-50288c6 elementor-widget elementor-widget-text-editor\" data-id=\"50288c6\" data-element_type=\"widget\" data-widget_type=\"text-editor.default\">\n\t\t\t\t<div class=\"elementor-widget-container\">\n\t\t\t\t\t\t\t<h2>Rechte<\/h2>\n<p>Je nach geltendem Datenschutzrecht haben Sie das Recht, auf Ihre personenbezogenen Daten zuzugreifen und sie zu berichtigen oder ihre L\u00f6schung zu verlangen oder eine Kopie Ihrer personenbezogenen Daten zu erhalten, die aktive Verarbeitung Ihrer Daten durch uns einzuschr\u00e4nken oder ihr zu widersprechen, uns aufzufordern, Ihre personenbezogenen Daten an eine andere Stelle weiterzugeben, Ihre Einwilligung in die Verarbeitung Ihrer Daten durch uns zu widerrufen, eine Beschwerde bei einer gesetzlichen Beh\u00f6rde einzureichen sowie weitere Rechte, die nach dem geltenden Recht angemessen sind.<\/p>\t\t\t\t\t\t<\/div>\n\t\t\t\t<\/div>\n\t\t\t\t<div class=\"elementor-element elementor-element-62dacb2 elementor-widget elementor-widget-text-editor\" data-id=\"62dacb2\" data-element_type=\"widget\" data-widget_type=\"text-editor.default\">\n\t\t\t\t<div class=\"elementor-widget-container\">\n\t\t\t\t\t\t\t<h3>Zugang, Berichtigung und L\u00f6schung von personenbezogenen Daten<\/h3>\n<p>Personenbezogene Daten k\u00f6nnen \u00fcber das Clindito f\u00fcr personenbezogene Daten eingesehen und berichtigt werden. Wurde der Antrag auf Zugang zu personenbezogenen Daten auf elektronischem Wege gestellt, werden die Informationen auch mit den \u00fcblichen elektronischen Mitteln \u00fcbermittelt.<\/p>\n<p>&nbsp;<\/p>\n<h3>Entzug der Zustimmung<\/h3>\n<p>Beruht die Verarbeitung personenbezogener Daten auf der Einwilligung des Kunden, hat dieser das Recht, die Einwilligung zu widerrufen, indem er den Kundendienst per E-Mail informiert. <a href=\"\/de\/info@valikaimlad.ee \/\">info@valikaimlad.ee<\/a><\/p>\n<p>&nbsp;<\/p>\n<h3>Lagerung<\/h3>\n<p>Wenn der Kunde die vom Online-Shop angeforderten personenbezogenen Daten l\u00f6scht, werden alle Daten gel\u00f6scht, mit Ausnahme der personenbezogenen Daten (Kaufverlaufsdaten), die f\u00fcr Buchhaltungszwecke oder f\u00fcr die Beilegung von Verbraucherrechtsstreitigkeiten aufbewahrt werden m\u00fcssen. Bei Zahlungsstreitigkeiten und Verbraucherstreitigkeiten werden die personenbezogenen Daten bis zur Beilegung der Forderung oder bis zum Ablauf der Verj\u00e4hrungsfrist aufbewahrt. Personenbezogene Daten, die in den urspr\u00fcnglichen Buchf\u00fchrungsunterlagen enthalten sind, werden 7 Jahre lang aufbewahrt.<\/p>\n<p>&nbsp;<\/p>\n<h3>Einschr\u00e4nkung<\/h3>\n<p>Sie haben das Recht, die Einschr\u00e4nkung der Verarbeitung Ihrer personenbezogenen Daten zu verlangen, wenn die Daten unrichtig oder unvollst\u00e4ndig sind oder wenn Ihre personenbezogenen Daten unrechtm\u00e4\u00dfig verarbeitet werden.<\/p>\n<p>&nbsp;<\/p>\n<h3>Einw\u00e4nde<\/h3>\n<p>Der Kunde hat das Recht, der Verarbeitung seiner personenbezogenen Daten zu widersprechen, wenn er Grund zu der Annahme hat, dass es keine rechtm\u00e4\u00dfige Grundlage f\u00fcr die Verarbeitung seiner personenbezogenen Daten gibt.<\/p>\n<p>&nbsp;<\/p>\n<h3>L\u00f6schung<\/h3>\n<p>Um personenbezogene Daten zu l\u00f6schen, m\u00fcssen Sie sich per E-Mail an den Kundensupport wenden. Sie erhalten sp\u00e4testens innerhalb eines Monats eine Antwort auf Ihren Antrag auf L\u00f6schung, in der der Zeitraum f\u00fcr die L\u00f6schung angegeben ist. In der Antwort auf den Antrag wird auch angegeben, welche personenbezogenen Daten nicht gel\u00f6scht werden und auf welcher Rechtsgrundlage und aus welchem Grund.<\/p>\t\t\t\t\t\t<\/div>\n\t\t\t\t<\/div>\n\t\t\t\t<div class=\"elementor-element elementor-element-28c2bc2 elementor-widget elementor-widget-text-editor\" data-id=\"28c2bc2\" data-element_type=\"widget\" data-widget_type=\"text-editor.default\">\n\t\t\t\t<div class=\"elementor-widget-container\">\n\t\t\t\t\t\t\t<h2>Cookies<\/h2>\n<p>Weitere Informationen dar\u00fcber, wie wir Cookies verwenden, finden Sie unter. <a href=\"https:\/\/valikaimlad.ee\/de\/putschistenpolitik\/\">zur Cookie-Richtlinie<\/a><\/p>\t\t\t\t\t\t<\/div>\n\t\t\t\t<\/div>\n\t\t\t\t<div class=\"elementor-element elementor-element-0a86e8c elementor-widget elementor-widget-text-editor\" data-id=\"0a86e8c\" data-element_type=\"widget\" data-widget_type=\"text-editor.default\">\n\t\t\t\t<div class=\"elementor-widget-container\">\n\t\t\t\t\t\t\t<h2>Sicherheit und Datenzugang<\/h2>\n<p>Die Sicherheit Ihrer Daten ist uns wichtig, und wir setzen Sicherheitsma\u00dfnahmen ein, um den Verlust, den Missbrauch oder die unbefugte \u00c4nderung von Daten unter unserer Kontrolle zu verhindern. Personenbezogene Daten werden auf Servern der Zone Media O\u00dc gespeichert, die sich im Hoheitsgebiet eines Mitgliedstaates der Europ\u00e4ischen Union befinden. Die Daten k\u00f6nnen in L\u00e4nder \u00fcbermittelt werden, deren Datenschutzniveau von der Europ\u00e4ischen Kommission als angemessen bewertet wurde, oder an ein Unternehmen in einem Drittland, f\u00fcr das eine Schutzma\u00dfnahme gem\u00e4\u00df Artikel 46 getroffen wurde.<br \/>Der Zugriff auf personenbezogene Daten wird den Mitarbeitern des Online-Shops gew\u00e4hrt, die auf personenbezogene Daten zugreifen k\u00f6nnen, um technische Probleme im Zusammenhang mit der Nutzung des Online-Shops zu l\u00f6sen und um Kundendienstleistungen zu erbringen.<br \/>Der Online-Shop setzt angemessene physische, organisatorische und IT-Sicherheitsma\u00dfnahmen ein, um personenbezogene Daten vor versehentlicher oder unrechtm\u00e4\u00dfiger Zerst\u00f6rung, Verlust, \u00c4nderung oder unbefugtem Zugriff und Offenlegung zu sch\u00fctzen.<br \/>Die \u00dcbermittlung personenbezogener Daten an die Auftragsverarbeiter des Onlineshops (z. B. Transportdienstleister und Datenaggregator) erfolgt auf der Grundlage von Vertr\u00e4gen zwischen dem Onlineshop und den Auftragsverarbeitern. Die Auftragsverarbeiter sind verpflichtet, bei der Verarbeitung personenbezogener Daten angemessene Sicherheitsvorkehrungen zu treffen.<\/p>\n<p>In Anbetracht der damit verbundenen Risiken k\u00f6nnen wir jedoch keine absolute Sicherheit garantieren. Daher k\u00f6nnen wir die Sicherheit der von Ihnen an uns \u00fcbermittelten Informationen nicht gew\u00e4hrleisten oder garantieren, und Sie tun dies auf eigenes Risiko.<\/p>\t\t\t\t\t\t<\/div>\n\t\t\t\t<\/div>\n\t\t\t\t<div class=\"elementor-element elementor-element-c0421c1 elementor-widget elementor-widget-text-editor\" data-id=\"c0421c1\" data-element_type=\"widget\" data-widget_type=\"text-editor.default\">\n\t\t\t\t<div class=\"elementor-widget-container\">\n\t\t\t\t\t\t\t<h2>Links von Dritten:<\/h2>\n<p>Der Online-Shop kann Links zu anderen Websites enthalten, die nicht von uns verwaltet werden. Diese Datenschutzrichtlinie befasst sich nicht mit den Datenschutzrichtlinien oder anderen Praktiken Dritter, einschlie\u00dflich Dritter, die Websites oder Dienste betreiben, die \u00fcber einen Link zug\u00e4nglich sind. Wir empfehlen Ihnen dringend, die Datenschutzrichtlinien jeder Website, die Sie besuchen, zu lesen. Wir haben keine Kontrolle \u00fcber und \u00fcbernehmen keine Verantwortung f\u00fcr den Inhalt, die Datenschutzrichtlinien oder Praktiken von Websites oder Diensten Dritter.<\/p>\t\t\t\t\t\t<\/div>\n\t\t\t\t<\/div>\n\t\t\t\t<div class=\"elementor-element elementor-element-e2498cc elementor-widget elementor-widget-text-editor\" data-id=\"e2498cc\" data-element_type=\"widget\" data-widget_type=\"text-editor.default\">\n\t\t\t\t<div class=\"elementor-widget-container\">\n\t\t\t\t\t\t\t<h2>Beanstandungen<\/h2>\n<p>Wenn Sie Fragen oder Bedenken bez\u00fcglich der Verarbeitung der von uns gespeicherten Daten haben, k\u00f6nnen Sie eine E-Mail an den Beschwerdebeauftragten unter info@valikaimlad.ee senden. Wir werden Ihre Bedenken in \u00dcbereinstimmung mit dem geltenden Recht behandeln.<\/p><br \/>\n<h2>Beilegung von Streitigkeiten<\/h2>\n<p>Streitigkeiten im Zusammenhang mit der Verarbeitung personenbezogener Daten k\u00f6nnen \u00fcber den Kundendienst gekl\u00e4rt werden, indem Sie eine E-Mail an folgende Adresse senden.\u00a0<a href=\"\/de\/info@valikaimlad.ee \/\">info@valikaimlad.ee<\/a> oder unter der Nummer +372 538 89594. Die Aufsichtsbeh\u00f6rde ist die estnische Datenschutzaufsichtsbeh\u00f6rde (<a href=\"mailto:info@aki.ee\">info@aki.ee<\/a>).<\/p>\t\t\t\t\t\t<\/div>\n\t\t\t\t<\/div>\n\t\t\t\t<div class=\"elementor-element elementor-element-21fcf81 elementor-widget elementor-widget-spacer\" data-id=\"21fcf81\" data-element_type=\"widget\" data-widget_type=\"spacer.default\">\n\t\t\t\t<div class=\"elementor-widget-container\">\n\t\t\t\t\t<div class=\"elementor-spacer\">\n\t\t\t<div class=\"elementor-spacer-inner\"><\/div>\n\t\t<\/div>\n\t\t\t\t<\/div>\n\t\t\t\t<\/div>\n\t\t\t\t\t<\/div>\n\t\t<\/div>\n\t\t\t\t\t<\/div>\n\t\t<\/section>\n\t\t\t\t<section class=\"elementor-section elementor-top-section elementor-element elementor-element-dadd31f elementor-section-boxed elementor-section-height-default elementor-section-height-default\" data-id=\"dadd31f\" data-element_type=\"section\">\n\t\t\t\t\t\t<div class=\"elementor-container elementor-column-gap-default\">\n\t\t\t\t\t<div class=\"elementor-column elementor-col-100 elementor-top-column elementor-element elementor-element-7a3a40f\" data-id=\"7a3a40f\" data-element_type=\"column\">\n\t\t\t<div class=\"elementor-widget-wrap\">\n\t\t\t\t\t\t\t<\/div>\n\t\t<\/div>\n\t\t\t\t\t<\/div>\n\t\t<\/section>\n\t\t\t\t<\/div>","protected":false},"excerpt":{"rendered":"<p>Datenschutzerkl\u00e4rung Letzte Aktualisierung: 11.04.2024 Datum des Inkrafttretens: 11.04.2024 Verantwortlich f\u00fcr die personenbezogenen Daten des Online-Shops valikaimlad.ee ist Wohom O\u00dc (Registrierungscode: 10532666) (nachstehend \"Online-Shop\" genannt), Gemeinde P\u00f5lva, Dorf Tilsi, Arenduse, Kreis P\u00f5lva, 63012, Estland, E-Mail: info@valikaimlad.ee, Telefon: +372 5556 3196. Mit dem Zugriff auf den Online-Shop oder dessen Nutzung erkl\u00e4ren Sie sich mit der Erhebung, Nutzung und Weitergabe Ihrer Daten gem\u00e4\u00df dieser Datenschutzerkl\u00e4rung einverstanden. Der Online Shop beh\u00e4lt sich das Recht vor, diese Datenschutzrichtlinie zu \u00e4ndern [...]<\/p>","protected":false},"author":1,"featured_media":0,"parent":0,"menu_order":0,"comment_status":"closed","ping_status":"closed","template":"","meta":{"_acf_changed":false,"rank_math_lock_modified_date":false,"site-sidebar-layout":"default","site-content-layout":"","ast-site-content-layout":"default","site-content-style":"default","site-sidebar-style":"default","ast-global-header-display":"","ast-banner-title-visibility":"","ast-main-header-display":"","ast-hfb-above-header-display":"","ast-hfb-below-header-display":"","ast-hfb-mobile-header-display":"","site-post-title":"disabled","ast-breadcrumbs-content":"","ast-featured-img":"","footer-sml-layout":"","theme-transparent-header-meta":"","adv-header-id-meta":"","stick-header-meta":"","header-above-stick-meta":"","header-main-stick-meta":"","header-below-stick-meta":"","astra-migrate-meta-layouts":"set","ast-page-background-enabled":"default","ast-page-background-meta":{"desktop":{"background-color":"var(--ast-global-color-4)","background-image":"","background-repeat":"repeat","background-position":"center center","background-size":"auto","background-attachment":"scroll","background-type":"","background-media":"","overlay-type":"","overlay-color":"","overlay-opacity":"","overlay-gradient":""},"tablet":{"background-color":"","background-image":"","background-repeat":"repeat","background-position":"center center","background-size":"auto","background-attachment":"scroll","background-type":"","background-media":"","overlay-type":"","overlay-color":"","overlay-opacity":"","overlay-gradient":""},"mobile":{"background-color":"","background-image":"","background-repeat":"repeat","background-position":"center center","background-size":"auto","background-attachment":"scroll","background-type":"","background-media":"","overlay-type":"","overlay-color":"","overlay-opacity":"","overlay-gradient":""}},"ast-content-background-meta":{"desktop":{"background-color":"var(--ast-global-color-5)","background-image":"","background-repeat":"repeat","background-position":"center center","background-size":"auto","background-attachment":"scroll","background-type":"","background-media":"","overlay-type":"","overlay-color":"","overlay-opacity":"","overlay-gradient":""},"tablet":{"background-color":"var(--ast-global-color-5)","background-image":"","background-repeat":"repeat","background-position":"center center","background-size":"auto","background-attachment":"scroll","background-type":"","background-media":"","overlay-type":"","overlay-color":"","overlay-opacity":"","overlay-gradient":""},"mobile":{"background-color":"var(--ast-global-color-5)","background-image":"","background-repeat":"repeat","background-position":"center center","background-size":"auto","background-attachment":"scroll","background-type":"","background-media":"","overlay-type":"","overlay-color":"","overlay-opacity":"","overlay-gradient":""}},"footnotes":""},"class_list":["post-5928","page","type-page","status-publish","hentry"],"acf":[],"_links":{"self":[{"href":"https:\/\/valikaimlad.ee\/de\/wp-json\/wp\/v2\/pages\/5928"}],"collection":[{"href":"https:\/\/valikaimlad.ee\/de\/wp-json\/wp\/v2\/pages"}],"about":[{"href":"https:\/\/valikaimlad.ee\/de\/wp-json\/wp\/v2\/types\/page"}],"author":[{"embeddable":true,"href":"https:\/\/valikaimlad.ee\/de\/wp-json\/wp\/v2\/users\/1"}],"replies":[{"embeddable":true,"href":"https:\/\/valikaimlad.ee\/de\/wp-json\/wp\/v2\/comments?post=5928"}],"version-history":[{"count":21,"href":"https:\/\/valikaimlad.ee\/de\/wp-json\/wp\/v2\/pages\/5928\/revisions"}],"predecessor-version":[{"id":12565,"href":"https:\/\/valikaimlad.ee\/de\/wp-json\/wp\/v2\/pages\/5928\/revisions\/12565"}],"wp:attachment":[{"href":"https:\/\/valikaimlad.ee\/de\/wp-json\/wp\/v2\/media?parent=5928"}],"curies":[{"name":"wp","href":"https:\/\/api.w.org\/{rel}","templated":true}]}}