{"id":11146,"date":"2023-09-18T16:17:46","date_gmt":"2023-09-18T13:17:46","guid":{"rendered":"https:\/\/valikaimlad.ee\/?page_id=11146"},"modified":"2026-04-10T20:42:28","modified_gmt":"2026-04-10T17:42:28","slug":"esto-jarelmaks-ja-esto-3","status":"publish","type":"page","link":"https:\/\/valikaimlad.ee\/de\/esto-jarelmaks-und-esto-3\/","title":{"rendered":"ESTO J\u00e4relmaks und Esto 3"},"content":{"rendered":"<div data-elementor-type=\"wp-page\" data-elementor-id=\"11146\" class=\"elementor elementor-11146\" data-elementor-post-type=\"page\">\n\t\t\t\t\t\t<section class=\"elementor-section elementor-top-section elementor-element elementor-element-7732a2ec elementor-section-boxed elementor-section-height-default elementor-section-height-default\" data-id=\"7732a2ec\" data-element_type=\"section\">\n\t\t\t\t\t\t<div class=\"elementor-container elementor-column-gap-default\">\n\t\t\t\t\t<div class=\"elementor-column elementor-col-100 elementor-top-column elementor-element elementor-element-2a6068bb\" data-id=\"2a6068bb\" data-element_type=\"column\">\n\t\t\t<div class=\"elementor-widget-wrap elementor-element-populated\">\n\t\t\t\t\t\t<div class=\"elementor-element elementor-element-f293d95 elementor-widget elementor-widget-image\" data-id=\"f293d95\" data-element_type=\"widget\" data-widget_type=\"image.default\">\n\t\t\t\t<div class=\"elementor-widget-container\">\n\t\t\t<style>\/*! elementor - v3.23.0 - 05-08-2024 *\/\n.elementor-widget-image{text-align:center}.elementor-widget-image a{display:inline-block}.elementor-widget-image a img[src$=\".svg\"]{width:48px}.elementor-widget-image img{vertical-align:middle;display:inline-block}<\/style>\t\t\t\t\t\t\t\t\t\t<img fetchpriority=\"high\" decoding=\"async\" width=\"1024\" height=\"765\" src=\"https:\/\/valikaimlad.ee\/wp-content\/uploads\/2026\/04\/Valikaimla-1024x765.png\" class=\"attachment-large size-large wp-image-15727\" alt=\"\" srcset=\"https:\/\/valikaimlad.ee\/wp-content\/uploads\/2026\/04\/Valikaimla-1024x765.png 1024w, https:\/\/valikaimlad.ee\/wp-content\/uploads\/2026\/04\/Valikaimla-1200x896.png 1200w, https:\/\/valikaimlad.ee\/wp-content\/uploads\/2026\/04\/Valikaimla-300x224.png 300w, https:\/\/valikaimlad.ee\/wp-content\/uploads\/2026\/04\/Valikaimla-768x573.png 768w, https:\/\/valikaimlad.ee\/wp-content\/uploads\/2026\/04\/Valikaimla-1536x1147.png 1536w, https:\/\/valikaimlad.ee\/wp-content\/uploads\/2026\/04\/Valikaimla-2048x1529.png 2048w, https:\/\/valikaimlad.ee\/wp-content\/uploads\/2026\/04\/Valikaimla-16x12.png 16w\" sizes=\"(max-width: 1024px) 100vw, 1024px\" \/>\t\t\t\t\t\t\t\t\t\t\t\t\t<\/div>\n\t\t\t\t<\/div>\n\t\t\t\t<div class=\"elementor-element elementor-element-10d82962 elementor-widget elementor-widget-text-editor\" data-id=\"10d82962\" data-element_type=\"widget\" data-widget_type=\"text-editor.default\">\n\t\t\t\t<div class=\"elementor-widget-container\">\n\t\t\t<style>\/*! elementor - v3.23.0 - 05-08-2024 *\/\n.elementor-widget-text-editor.elementor-drop-cap-view-stacked .elementor-drop-cap{background-color:#69727d;color:#fff}.elementor-widget-text-editor.elementor-drop-cap-view-framed .elementor-drop-cap{color:#69727d;border:3px solid;background-color:transparent}.elementor-widget-text-editor:not(.elementor-drop-cap-view-default) .elementor-drop-cap{margin-top:8px}.elementor-widget-text-editor:not(.elementor-drop-cap-view-default) .elementor-drop-cap-letter{width:1em;height:1em}.elementor-widget-text-editor .elementor-drop-cap{float:left;text-align:center;line-height:1;font-size:50px}.elementor-widget-text-editor .elementor-drop-cap-letter{display:inline-block}<\/style>\t\t\t\t<p><!-- wp:columns --><\/p>\n<div>\n<p><!-- wp:column {\"verticalAlignment\":\"center\",\"width\":\"1140px\"} --><\/p>\n<div style=\"flex-basis: 1140px;\">\n<p><!-- wp:spacer {\"className\":\"spacer-column\"} --><\/p>\n<p><!-- \/wp:spacer --><!-- wp:heading --><\/p>\n<h2><br \/><br \/><img decoding=\"async\" src=\"https:\/\/valikaimlad.ee\/wp-content\/uploads\/2023\/09\/Copy-of-ESTO_hp_EE-1-1024x640.png\" alt=\"Esto J\u00e4relmaks Logo\" width=\"200\" height=\"125\" \/><\/h2>\n<p><!-- \/wp:heading --><!-- wp:image {\"id\":14267,\"sizeSlug\":\"full\",\"linkDestination\":\"none\",\"align\":\"center\"} --><\/p>\n<figure><\/figure>\n<p><!-- \/wp:image --><!-- wp:paragraph --><\/p>\n<p><strong style=\"font-size: 16px;\">Die ESTO-Ratenzahlung ist eine flexible Zahlungsl\u00f6sung, bei der Sie Ihre Zahlung bequem in monatliche Raten aufteilen k\u00f6nnen. Verteilen Sie den Kaufbetrag bequem auf einen f\u00fcr Sie passenden Zeitraum. Sie k\u00f6nnen den Zeitraum und die H\u00f6he der Rate bei Ihrem Einkauf w\u00e4hlen, indem Sie an der Kasse ESTO-Ratenzahlung ausw\u00e4hlen.<\/strong><\/p>\n<div>\n<div>\n<p><!-- \/wp:paragraph --><\/p>\n<\/div>\n<p><!-- \/wp:column --><\/p>\n<\/div>\n<p><!-- \/wp:columns --><!-- wp:paragraph --><\/p>\n<p><strong>Wie kann man den ESTO-Mietkauf nutzen? <\/strong><\/p>\n<p><!-- \/wp:paragraph --><!-- wp:list --><\/p>\n<ol>\n<li style=\"list-style-type: none;\">\n<ol><!-- wp:list-item --><\/ol>\n<\/li>\n<\/ol>\n<ol>\n<li style=\"list-style-type: none;\">\n<ol>\n<li>Legen Sie die gew\u00fcnschten Produkte in Ihren Einkaufswagen.<\/li>\n<li>W\u00e4hlen Sie an der Kasse ESTO-Ratenzahlung als Zahlungsmethode.<\/li>\n<li>W\u00e4hlen Sie Ihre bevorzugte R\u00fcckzahlungsdauer zwischen 3 und 60 Monaten.<\/li>\n<li>Sie erhalten eine Entscheidung in Echtzeit.<\/li>\n<li>Im Falle einer positiven Entscheidung unterschreiben Sie den Vertrag digital mit Ihrem Personalausweis, Ihrer Smart-ID oder Mobile-ID.<\/li>\n<\/ol>\n<\/li>\n<\/ol>\n<p><img decoding=\"async\" src=\"https:\/\/valikaimlad.ee\/wp-content\/uploads\/2025\/04\/HP_EE.png\" alt=\"\" \/><br \/><br \/><br \/><\/p>\n<p><!-- \/wp:list-item --><!-- wp:list-item --><\/p>\n<p><!-- \/wp:list-item --><!-- wp:list-item --><\/p>\n<p><!-- \/wp:list-item --><!-- wp:list-item --><\/p>\n<p><!-- \/wp:list-item --><!-- wp:list-item --><\/p>\n<p><!-- \/wp:list-item --><\/p>\n<p><!-- \/wp:list --><!-- wp:paragraph --><\/p>\n<hr \/><\/div>\n<\/div>\n<p><!-- \/wp:spacer --><!-- wp:columns --><\/p>\n<div>\n<p><!-- wp:column {\"verticalAlignment\":\"center\",\"width\":\"1140px\"} --><\/p>\n<div style=\"flex-basis: 1140px;\">\n<p><!-- wp:heading --><\/p>\n<h2><br \/><img decoding=\"async\" src=\"https:\/\/valikaimlad.ee\/wp-content\/uploads\/2023\/09\/Copy-of-ESTO_3_EE-1-1024x394.png\" alt=\"Esto 3\" width=\"223\" height=\"86\" \/><\/h2>\n<p><!-- \/wp:paragraph --><!-- wp:paragraph --><\/p>\n<p><strong style=\"font-size: 16px;\">ESTO 3 ist die beliebteste Zahlungsmethode der neuen Generation. Teilen Sie Ihren Einkaufsbetrag bequem in 3 gleiche Teile auf. Holen Sie sich genau das, was Sie brauchen, ohne Zinsen, Zuschl\u00e4ge und Kautionen.<\/strong><\/p>\n<p><!-- \/wp:heading --><!-- wp:image {\"id\":14268,\"sizeSlug\":\"full\",\"linkDestination\":\"none\",\"align\":\"center\"} --><\/p>\n<p><!-- \/wp:paragraph --><!-- wp:list --><\/p>\n<ol>\n<li style=\"list-style-type: none;\">\n<ol><!-- wp:list-item --><\/ol>\n<\/li>\n<\/ol>\n<p><strong>WIE FUNKTIONIERT DAS?<\/strong><\/p>\n<ol>\n<li style=\"list-style-type: none;\">\n<ol>\n<li>Legen Sie die gew\u00fcnschten Produkte in Ihren Einkaufswagen.<\/li>\n<li>W\u00e4hlen Sie ESTO 3 als Zahlungsmethode an der Kasse.<\/li>\n<li>Sie erhalten eine Entscheidung in Echtzeit.<\/li>\n<li>Wenn die Entscheidung positiv ausf\u00e4llt, best\u00e4tigen Sie den Kauf.<\/li>\n<li>Die erste Rechnung erhalten Sie von ESTO am 15. des Folgemonats.<\/li>\n<\/ol>\n<\/li>\n<\/ol>\n<p><img decoding=\"async\" src=\"https:\/\/valikaimlad.ee\/wp-content\/uploads\/2025\/04\/ESTO-3-1.png\" alt=\"\" \/><\/p>\n<hr \/>\n<p><!-- \/wp:list-item --><!-- wp:list-item --><\/p>\n<p><!-- \/wp:list-item --><!-- wp:list-item --><\/p>\n<p><!-- \/wp:list-item --><!-- wp:list-item --><\/p>\n<p><!-- \/wp:list-item --><!-- wp:list-item --><\/p>\n<p><br \/><br \/><br \/><br \/><br \/>Die Finanzdienstleistung wird von ESTO AS erbracht. Bevor Sie einen Vertrag unterzeichnen, sollten Sie die Bedingungen und Konditionen lesen und gegebenenfalls einen Fachmann zu Rate ziehen. Weitere Informationen finden Sie unter www.esto.ee.<\/p>\n<p><strong>\u00a0<\/strong><\/p>\n<p><strong>WAS IST ESTO?<br \/><\/strong>ESTO ist der bevorzugte Anbieter von Zahlungsl\u00f6sungen in den baltischen Staaten und revolutioniert die Art und Weise, wie H\u00e4ndler verkaufen und Verbraucher einkaufen. ESTO hat fast 500.000 aktive Kunden und \u00fcber 3.000 Partnergesch\u00e4fte in den baltischen Staaten. Die Mission von ESTO ist es, Partnern beim Verkaufen und Kunden beim Kaufen zu helfen.<\/p>\n<p>Wenn Sie Hilfe ben\u00f6tigen, wenden Sie sich an einen ESTO AS-Mitarbeiter unter info@esto.ee oder besuchen Sie uns. <a href=\"https:\/\/esto.eu\/ee\/kliendile-klienditugi\" target=\"_blank\" rel=\"noopener\">https:\/\/esto.eu\/ee\/kliendile-klienditugi<\/a>.<\/p>\n<p><!-- \/wp:paragraph --><!-- wp:spacer {\"height\":\"40px\",\"className\":\"spacer-column\"} --><\/p>\n<div style=\"height: 40px;\" aria-hidden=\"true\">\u00a0<\/div>\n<p><!-- \/wp:spacer --><\/p>\n<\/div>\n<p><!-- \/wp:column --><\/p>\n<\/div>\n<p><!-- \/wp:columns --><\/p>\t\t\t\t\t\t<\/div>\n\t\t\t\t<\/div>\n\t\t\t\t\t<\/div>\n\t\t<\/div>\n\t\t\t\t\t<\/div>\n\t\t<\/section>\n\t\t\t\t<\/div>","protected":false},"excerpt":{"rendered":"<p>Die ESTO-Ratenzahlung ist eine flexible Zahlungsl\u00f6sung, bei der Sie Ihre Zahlung bequem in monatliche Raten aufteilen k\u00f6nnen. Verteilen Sie den Kaufbetrag bequem auf einen f\u00fcr Sie passenden Zeitraum. Den Zeitraum und die H\u00f6he der Rate k\u00f6nnen Sie bei Ihrem Einkauf w\u00e4hlen, indem Sie an der Kasse ESTO-Ratenzahlung ausw\u00e4hlen. Wie kann ich den ESTO-Ratenzahlungsplan nutzen? ESTO 3 ist die beliebteste Zahlungsmethode der neuen Generation. Teilen Sie den Kaufbetrag bequem in 3 gleiche Teile auf. Holen Sie sich genau das, was Sie brauchen, ohne Zinsen, [...]<\/p>","protected":false},"author":2,"featured_media":0,"parent":0,"menu_order":0,"comment_status":"closed","ping_status":"closed","template":"","meta":{"_acf_changed":false,"rank_math_lock_modified_date":false,"site-sidebar-layout":"default","site-content-layout":"","ast-site-content-layout":"default","site-content-style":"default","site-sidebar-style":"default","ast-global-header-display":"","ast-banner-title-visibility":"","ast-main-header-display":"","ast-hfb-above-header-display":"","ast-hfb-below-header-display":"","ast-hfb-mobile-header-display":"","site-post-title":"disabled","ast-breadcrumbs-content":"","ast-featured-img":"","footer-sml-layout":"","theme-transparent-header-meta":"","adv-header-id-meta":"","stick-header-meta":"","header-above-stick-meta":"","header-main-stick-meta":"","header-below-stick-meta":"","astra-migrate-meta-layouts":"set","ast-page-background-enabled":"default","ast-page-background-meta":{"desktop":{"background-color":"var(--ast-global-color-4)","background-image":"","background-repeat":"repeat","background-position":"center center","background-size":"auto","background-attachment":"scroll","background-type":"","background-media":"","overlay-type":"","overlay-color":"","overlay-opacity":"","overlay-gradient":""},"tablet":{"background-color":"","background-image":"","background-repeat":"repeat","background-position":"center center","background-size":"auto","background-attachment":"scroll","background-type":"","background-media":"","overlay-type":"","overlay-color":"","overlay-opacity":"","overlay-gradient":""},"mobile":{"background-color":"","background-image":"","background-repeat":"repeat","background-position":"center center","background-size":"auto","background-attachment":"scroll","background-type":"","background-media":"","overlay-type":"","overlay-color":"","overlay-opacity":"","overlay-gradient":""}},"ast-content-background-meta":{"desktop":{"background-color":"var(--ast-global-color-5)","background-image":"","background-repeat":"repeat","background-position":"center center","background-size":"auto","background-attachment":"scroll","background-type":"","background-media":"","overlay-type":"","overlay-color":"","overlay-opacity":"","overlay-gradient":""},"tablet":{"background-color":"var(--ast-global-color-5)","background-image":"","background-repeat":"repeat","background-position":"center center","background-size":"auto","background-attachment":"scroll","background-type":"","background-media":"","overlay-type":"","overlay-color":"","overlay-opacity":"","overlay-gradient":""},"mobile":{"background-color":"var(--ast-global-color-5)","background-image":"","background-repeat":"repeat","background-position":"center center","background-size":"auto","background-attachment":"scroll","background-type":"","background-media":"","overlay-type":"","overlay-color":"","overlay-opacity":"","overlay-gradient":""}},"footnotes":""},"class_list":["post-11146","page","type-page","status-publish","hentry"],"acf":[],"_links":{"self":[{"href":"https:\/\/valikaimlad.ee\/de\/wp-json\/wp\/v2\/pages\/11146"}],"collection":[{"href":"https:\/\/valikaimlad.ee\/de\/wp-json\/wp\/v2\/pages"}],"about":[{"href":"https:\/\/valikaimlad.ee\/de\/wp-json\/wp\/v2\/types\/page"}],"author":[{"embeddable":true,"href":"https:\/\/valikaimlad.ee\/de\/wp-json\/wp\/v2\/users\/2"}],"replies":[{"embeddable":true,"href":"https:\/\/valikaimlad.ee\/de\/wp-json\/wp\/v2\/comments?post=11146"}],"version-history":[{"count":44,"href":"https:\/\/valikaimlad.ee\/de\/wp-json\/wp\/v2\/pages\/11146\/revisions"}],"predecessor-version":[{"id":15805,"href":"https:\/\/valikaimlad.ee\/de\/wp-json\/wp\/v2\/pages\/11146\/revisions\/15805"}],"wp:attachment":[{"href":"https:\/\/valikaimlad.ee\/de\/wp-json\/wp\/v2\/media?parent=11146"}],"curies":[{"name":"wp","href":"https:\/\/api.w.org\/{rel}","templated":true}]}}